{"id":8457,"date":"2021-12-05T17:55:20","date_gmt":"2021-12-05T17:55:20","guid":{"rendered":"https:\/\/pood.desolbeauty.ee\/?post_type=product&#038;p=8457"},"modified":"2024-12-02T00:01:46","modified_gmt":"2024-12-01T22:01:46","slug":"au-drench-91g","status":"publish","type":"product","link":"https:\/\/shop.bestudio.ee\/fi\/tuote\/au-drench-91g\/","title":{"rendered":"AU Drench, 91g"},"content":{"rendered":"<p>91 g,<\/p>\n<p>Ainesosat: Allantoiini<\/p>\n<p>\u2022 Ihonsuojaus: k\u00e4ytetty muinaisista ajoista l\u00e4htien rauhoittamaan, v\u00e4hent\u00e4m\u00e4\u00e4n \u00e4rsytyst\u00e4 ja parantamaan paranemista<\/p>\n<p>\u2022 Edist\u00e4\u00e4 solujen uusiutumista<\/p>\n<p>\u2022 Superkosteusvoide iholle<\/p>\n<p>\u2022 Rauhoittaa ihoa ja tulehdusta est\u00e4v\u00e4 Urea<\/p>\n<p>\u2022 Kosteusmagneetti iholle<\/p>\n<p>\u2022 Vet\u00e4\u00e4 vett\u00e4 orvasketeen ja pit\u00e4\u00e4 sen siell\u00e4<\/p>\n<p>\u2022 Antimikrobiset ominaisuudet<\/p>\n<p>\u2022 Edist\u00e4\u00e4 ihon paranemista ja sill\u00e4 on anti-inflammatorisia ominaisuuksia<\/p>","protected":false},"excerpt":{"rendered":"<p>VARO Ammattihintoja \u2013 KIRJAUDU SIS\u00c4\u00c4N!<\/p>\n<p>Annamme allantoiinin ja urean voiman SINUN k\u00e4siisi. P\u00e4\u00e4t\u00e4t asiakkaallesi oikean prosenttiosuuden. Katso ainesosat\u2026 Allantoiini ja urea. Drenchiss\u00e4 ei ole &quot;t\u00e4yteaineita&quot;! Valmistettu 100% AU -kompleksista\u2026 &quot;voimakas ainesosa puhtaaseen ihon kosteuteen&quot;<\/p>\n<p>Parannetun kokemuksen saamiseksi k\u00e4yt\u00e4 yksi teelusikallinen AU Drenchi\u00e4 SOAK-A-LYPYUS\u2122:lla jalkakylvyss\u00e4si.<\/p>","protected":false},"featured_media":8458,"template":"","meta":[],"product_brand":[],"product_cat":[52,94,244,245],"product_tag":[],"class_list":{"0":"post-8457","1":"product","2":"type-product","3":"status-publish","4":"has-post-thumbnail","6":"product_cat-famous-names","7":"product_cat-releaf","8":"product_cat-pedicure","9":"product_cat-professional-products","11":"first","12":"instock","13":"taxable","14":"shipping-taxable","15":"purchasable","16":"product-type-simple"},"jetpack_sharing_enabled":true,"_links":{"self":[{"href":"https:\/\/shop.bestudio.ee\/fi\/wp-json\/wp\/v2\/product\/8457","targetHints":{"allow":["GET"]}}],"collection":[{"href":"https:\/\/shop.bestudio.ee\/fi\/wp-json\/wp\/v2\/product"}],"about":[{"href":"https:\/\/shop.bestudio.ee\/fi\/wp-json\/wp\/v2\/types\/product"}],"wp:featuredmedia":[{"embeddable":true,"href":"https:\/\/shop.bestudio.ee\/fi\/wp-json\/wp\/v2\/media\/8458"}],"wp:attachment":[{"href":"https:\/\/shop.bestudio.ee\/fi\/wp-json\/wp\/v2\/media?parent=8457"}],"wp:term":[{"taxonomy":"product_brand","embeddable":true,"href":"https:\/\/shop.bestudio.ee\/fi\/wp-json\/wp\/v2\/product_brand?post=8457"},{"taxonomy":"product_cat","embeddable":true,"href":"https:\/\/shop.bestudio.ee\/fi\/wp-json\/wp\/v2\/product_cat?post=8457"},{"taxonomy":"product_tag","embeddable":true,"href":"https:\/\/shop.bestudio.ee\/fi\/wp-json\/wp\/v2\/product_tag?post=8457"}],"curies":[{"name":"wp","href":"https:\/\/api.w.org\/{rel}","templated":true}]}}