{"id":8461,"date":"2021-12-05T18:02:24","date_gmt":"2021-12-05T18:02:24","guid":{"rendered":"https:\/\/pood.desolbeauty.ee\/?post_type=product&#038;p=8461"},"modified":"2024-12-02T00:01:46","modified_gmt":"2024-12-01T22:01:46","slug":"cuti-cal-124ml","status":"publish","type":"product","link":"https:\/\/shop.bestudio.ee\/fi\/tuote\/cuti-cal-124ml\/","title":{"rendered":"Cuti-cal, 124ml"},"content":{"rendered":"<p>124 ml,<\/p>\n<p>P\u00e4\u00e4ainesosat:<br \/>\n\u2022 AU Complex: tehokas ainesosa t\u00e4ydelliseen pedikyyriin. Allantoiinin ja urean yhdistelm\u00e4. Katso lis\u00e4tietoja AU Complexista<br \/>\n\u2022 Ihoa suojaavat aineet, jotka houkuttelevat ja s\u00e4ilytt\u00e4v\u00e4t kosteutta ihossa<br \/>\n\u2022 Suojaa \u00e4rsykkeit\u00e4 ja tulehduksia vastaan<br \/>\n\u2022 Ihana kylpyl\u00e4mainen tuoksu<\/p>","protected":false},"excerpt":{"rendered":"<p>VARO Ammattihintoja \u2013 KIRJAUDU SIS\u00c4\u00c4N!<\/p>\n<p>All-in-one huuhtelematon kovettumisen ja kynsinauhojen poistoaine. Toimii nopeasti ja tehokkaasti kuorimaan kuolleita ihosoluja. T\u00e4ydellinen my\u00f6s manikyyriin!<\/p>","protected":false},"featured_media":8462,"template":"","meta":[],"product_brand":[],"product_cat":[52,94,227,244,245],"product_tag":[189,188],"class_list":{"0":"post-8461","1":"product","2":"type-product","3":"status-publish","4":"has-post-thumbnail","6":"product_cat-famous-names","7":"product_cat-releaf","8":"product_cat-liquids-and-prep","9":"product_cat-pedicure","10":"product_cat-professional-products","11":"product_tag-cuticle-remover","12":"product_tag-kuunenaha-eemaldaja","14":"first","15":"instock","16":"taxable","17":"shipping-taxable","18":"purchasable","19":"product-type-simple"},"jetpack_sharing_enabled":true,"_links":{"self":[{"href":"https:\/\/shop.bestudio.ee\/fi\/wp-json\/wp\/v2\/product\/8461","targetHints":{"allow":["GET"]}}],"collection":[{"href":"https:\/\/shop.bestudio.ee\/fi\/wp-json\/wp\/v2\/product"}],"about":[{"href":"https:\/\/shop.bestudio.ee\/fi\/wp-json\/wp\/v2\/types\/product"}],"wp:featuredmedia":[{"embeddable":true,"href":"https:\/\/shop.bestudio.ee\/fi\/wp-json\/wp\/v2\/media\/8462"}],"wp:attachment":[{"href":"https:\/\/shop.bestudio.ee\/fi\/wp-json\/wp\/v2\/media?parent=8461"}],"wp:term":[{"taxonomy":"product_brand","embeddable":true,"href":"https:\/\/shop.bestudio.ee\/fi\/wp-json\/wp\/v2\/product_brand?post=8461"},{"taxonomy":"product_cat","embeddable":true,"href":"https:\/\/shop.bestudio.ee\/fi\/wp-json\/wp\/v2\/product_cat?post=8461"},{"taxonomy":"product_tag","embeddable":true,"href":"https:\/\/shop.bestudio.ee\/fi\/wp-json\/wp\/v2\/product_tag?post=8461"}],"curies":[{"name":"wp","href":"https:\/\/api.w.org\/{rel}","templated":true}]}}