{"id":8463,"date":"2021-12-05T18:05:12","date_gmt":"2021-12-05T18:05:12","guid":{"rendered":"https:\/\/pood.desolbeauty.ee\/?post_type=product&#038;p=8463"},"modified":"2024-12-02T00:01:46","modified_gmt":"2024-12-01T22:01:46","slug":"finish-124ml","status":"publish","type":"product","link":"https:\/\/shop.bestudio.ee\/fi\/tuote\/finish-124ml\/","title":{"rendered":"Viimeistely, 124 ml"},"content":{"rendered":"<p>124 ml,<\/p>\n<p>P\u00e4\u00e4ainesosat:<br \/>\n\u2022 AU Complex: tehokkaat ainesosamme t\u00e4ydelliseen pedikyyriin. Allantoiinin ja urean yhdistelm\u00e4. Katso lis\u00e4tietoja AU Complexista<br \/>\n\u2022 Ihoa suojaavat aineet, jotka houkuttelevat ja s\u00e4ilytt\u00e4v\u00e4t kosteutta ihossa<br \/>\n\u2022 Suojaa \u00e4rsykkeit\u00e4 ja tulehduksia vastaan<br \/>\n\u2022 Viilent\u00e4\u00e4 ja virkist\u00e4\u00e4 ihoa\u2026t\u00e4ydellinen treenin j\u00e4lkeen!<\/p>","protected":false},"excerpt":{"rendered":"<p>VARO Ammattihintoja \u2013 KIRJAUDU SIS\u00c4\u00c4N!<\/p>\n<p>T\u00e4ydellinen viimeistely t\u00e4ydelliseen pedikyyriin\u2026 Stimuloiva ja virkist\u00e4v\u00e4 itsest\u00e4\u00e4n kuivuva suihke jaloille, k\u00e4sille ja kasvoille.<\/p>","protected":false},"featured_media":8464,"template":"","meta":[],"product_brand":[],"product_cat":[52,94,244,245],"product_tag":[],"class_list":{"0":"post-8463","1":"product","2":"type-product","3":"status-publish","4":"has-post-thumbnail","6":"product_cat-famous-names","7":"product_cat-releaf","8":"product_cat-pedicure","9":"product_cat-professional-products","11":"first","12":"instock","13":"taxable","14":"shipping-taxable","15":"purchasable","16":"product-type-simple"},"jetpack_sharing_enabled":true,"_links":{"self":[{"href":"https:\/\/shop.bestudio.ee\/fi\/wp-json\/wp\/v2\/product\/8463","targetHints":{"allow":["GET"]}}],"collection":[{"href":"https:\/\/shop.bestudio.ee\/fi\/wp-json\/wp\/v2\/product"}],"about":[{"href":"https:\/\/shop.bestudio.ee\/fi\/wp-json\/wp\/v2\/types\/product"}],"wp:featuredmedia":[{"embeddable":true,"href":"https:\/\/shop.bestudio.ee\/fi\/wp-json\/wp\/v2\/media\/8464"}],"wp:attachment":[{"href":"https:\/\/shop.bestudio.ee\/fi\/wp-json\/wp\/v2\/media?parent=8463"}],"wp:term":[{"taxonomy":"product_brand","embeddable":true,"href":"https:\/\/shop.bestudio.ee\/fi\/wp-json\/wp\/v2\/product_brand?post=8463"},{"taxonomy":"product_cat","embeddable":true,"href":"https:\/\/shop.bestudio.ee\/fi\/wp-json\/wp\/v2\/product_cat?post=8463"},{"taxonomy":"product_tag","embeddable":true,"href":"https:\/\/shop.bestudio.ee\/fi\/wp-json\/wp\/v2\/product_tag?post=8463"}],"curies":[{"name":"wp","href":"https:\/\/api.w.org\/{rel}","templated":true}]}}