{"id":8579,"date":"2022-06-01T01:30:47","date_gmt":"2022-06-01T01:30:47","guid":{"rendered":"https:\/\/pood.desolbeauty.ee\/?post_type=product&#038;p=8579"},"modified":"2025-12-01T00:32:10","modified_gmt":"2025-11-30T22:32:10","slug":"balancing-care-gel-tasakaalustav-hooldusgeel","status":"publish","type":"product","link":"https:\/\/shop.bestudio.ee\/fi\/tuote\/balancing-care-gel-tasakaalustav-hooldusgeel\/","title":{"rendered":"Tasapainottava hoitogeeli"},"content":{"rendered":"<p>50 ml,<\/p>\n<p>Hamamelis s\u00e4\u00e4telee hikirauhasia, virkist\u00e4\u00e4, tuhoaa bakteereja ihohuokosissa, sill\u00e4 on poikkeuksellisen antiseptinen, tulehdusta ja sieni\u00e4 ehk\u00e4isev\u00e4 vaikutus. Se rauhoittaa ja auttaa parantamaan halkeamia ja naarmuja, toimii voimakkaana antioksidanttina.<\/p>\n<p>Escin on aktiivinen ainesosa, joka on valmistettu hevoskastanjan siemenuutteesta. Lievitt\u00e4\u00e4 turvotusta ja v\u00e4symyst\u00e4, sill\u00e4 on venotonisia ja tulehdusta ehk\u00e4isevi\u00e4 vaikutuksia, palauttaa kapillaarien l\u00e4p\u00e4isevyyden ja v\u00e4hent\u00e4\u00e4 angiastheniaa.<\/p>\n<p>Mustikkauute kosteuttaa ja rauhoittaa ihoa miedon kipua lievitt\u00e4v\u00e4n vaikutuksensa ansiosta. Stimuloi solujen lis\u00e4\u00e4ntymist\u00e4 ja haavan paranemista, parantaa halkeamia ja poistaa karhean, kuivan ihon l\u00e4iskit. Ruscus-uute on voimakas turvotusta ja turvotusta est\u00e4v\u00e4 luonnonl\u00e4\u00e4ke, joka vahvistaa verisuonia, parantaa mikroverenkiertoa, sill\u00e4 on verisuonia supistavia ja tulehdusta ehk\u00e4isevi\u00e4 vaikutuksia, lievitt\u00e4\u00e4 jalkojen punoitusta ja v\u00e4symyst\u00e4.<\/p>\n<p>Mentoli auttaa v\u00e4hent\u00e4m\u00e4\u00e4n tulehdusta, lievitt\u00e4\u00e4 kipua ja kutinaa sek\u00e4 rauhoittaa ihoa.<\/p>\n<p>Mentyylilaktaatilla on rauhoittava tulehdusta est\u00e4v\u00e4 vaikutus, stimuloi mikroverenkiertoa, kiinteytt\u00e4\u00e4 ihoa.<\/p>\n<p>Levit\u00e4 puhtaalle, kuivalle iholle, hiero kunnes se on t\u00e4ysin imeytynyt.<\/p>","protected":false},"excerpt":{"rendered":"<p>VARO Ammattihintoja \u2013 KIRJAUDU SIS\u00c4\u00c4N!<\/p>\n<p>Tasapainottava hoitogeeli m\u00e4rkille jaloille sis\u00e4lt\u00e4\u00e4 eritt\u00e4in tiivistetyn kompleksin uutteita ja bioaktiivisia komponentteja. Rauhoittaa ja optimoi hikirauhasten toimintaa, sill\u00e4 on antiseptinen ja supistava vaikutus. Antaa jaloille pysyv\u00e4n raikkauden tunteen, on viilent\u00e4v\u00e4 vaikutus. Se virkist\u00e4\u00e4, parantaa mikroverenkiertoa ja aineenvaihduntaprosesseja, ehk\u00e4isee raskauden ja v\u00e4symyksen tunnetta jaloissa, ja sill\u00e4 on turvotusta est\u00e4v\u00e4 vaikutus. Se on parabeeniton ja silikoniton.<\/p>","protected":false},"featured_media":8580,"template":"","meta":[],"product_brand":[],"product_cat":[99,97,98,234,236,244,246],"product_tag":[187,186],"class_list":{"0":"post-8579","1":"product","2":"type-product","3":"status-publish","4":"has-post-thumbnail","6":"product_cat-straderm","7":"product_cat-personal-use","8":"product_cat-professional-use","9":"product_cat-homecare-products","10":"product_cat-lotion-cream","11":"product_cat-pedicure","12":"product_cat-homecare-products-pedicure","13":"product_tag-care-gel","14":"product_tag-hooldusgeel","16":"first","17":"instock","18":"taxable","19":"shipping-taxable","20":"purchasable","21":"product-type-simple"},"jetpack_sharing_enabled":true,"_links":{"self":[{"href":"https:\/\/shop.bestudio.ee\/fi\/wp-json\/wp\/v2\/product\/8579","targetHints":{"allow":["GET"]}}],"collection":[{"href":"https:\/\/shop.bestudio.ee\/fi\/wp-json\/wp\/v2\/product"}],"about":[{"href":"https:\/\/shop.bestudio.ee\/fi\/wp-json\/wp\/v2\/types\/product"}],"wp:featuredmedia":[{"embeddable":true,"href":"https:\/\/shop.bestudio.ee\/fi\/wp-json\/wp\/v2\/media\/8580"}],"wp:attachment":[{"href":"https:\/\/shop.bestudio.ee\/fi\/wp-json\/wp\/v2\/media?parent=8579"}],"wp:term":[{"taxonomy":"product_brand","embeddable":true,"href":"https:\/\/shop.bestudio.ee\/fi\/wp-json\/wp\/v2\/product_brand?post=8579"},{"taxonomy":"product_cat","embeddable":true,"href":"https:\/\/shop.bestudio.ee\/fi\/wp-json\/wp\/v2\/product_cat?post=8579"},{"taxonomy":"product_tag","embeddable":true,"href":"https:\/\/shop.bestudio.ee\/fi\/wp-json\/wp\/v2\/product_tag?post=8579"}],"curies":[{"name":"wp","href":"https:\/\/api.w.org\/{rel}","templated":true}]}}