{"id":8584,"date":"2022-06-03T03:50:16","date_gmt":"2022-06-03T00:50:16","guid":{"rendered":"https:\/\/pood.desolbeauty.ee\/?post_type=product&#038;p=8584"},"modified":"2025-12-01T00:32:10","modified_gmt":"2025-11-30T22:32:10","slug":"revitalizing-cream-taaselastav-kreem","status":"publish","type":"product","link":"https:\/\/shop.bestudio.ee\/fi\/tuote\/revitalizing-cream-taaselastav-kreem\/","title":{"rendered":"Elvytt\u00e4v\u00e4 voide"},"content":{"rendered":"<p>50 ml,<\/p>\n<p>Jojobansiemen\u00f6ljy kosteuttaa, ravitsee ja lis\u00e4\u00e4 ihon kiinteytt\u00e4 poistaen ensimm\u00e4iset ik\u00e4\u00e4ntymisen merkit. Se nopeuttaa ihoa<br \/>\nnuorentaa, parantaa sen kimmoisuutta ja kirkastaa ik\u00e4pisteit\u00e4.<\/p>\n<p>Niasiiniamidi edist\u00e4\u00e4 kollageenin tuotantoa, lis\u00e4\u00e4 ihon s\u00e4vy\u00e4, palauttaa ihon kimmoisuuden, neutraloi hilseily\u00e4, \u00e4rsytyst\u00e4 ja kuivumista sek\u00e4 hidastaa ik\u00e4\u00e4ntymist\u00e4.<\/p>\n<p>Makea manteli\u00f6ljy pehment\u00e4\u00e4 ja kosteuttaa, tasoittaa ihon s\u00e4vy\u00e4 ja lievitt\u00e4\u00e4, lievitt\u00e4\u00e4 kuivuutta, \u00e4rsytyst\u00e4 ja hilseily\u00e4.<\/p>\n<p>Pantenoli kosteuttaa ja parantaa, normalisoi solujen aineenvaihduntaa, nopeuttaa kollageenin tuotantoa, palauttaa aineenvaihduntaprosesseja, mik\u00e4 yll\u00e4pit\u00e4\u00e4 ihon s\u00e4vy\u00e4 ja nuoruutta.<\/p>\n<p>E-vitamiini, antioksidantti, tunkeutuu ihon kerroksiin ja palauttaa vaurioituneita rakenteita vahvistaen ihon suojatoimintoa ja v\u00e4hent\u00e4en transepidermaalista vedenhukkaa.<\/p>\n<p>UV-suodattimet est\u00e4v\u00e4t pigmentin muodostumisen.<\/p>\n<p>&nbsp;<\/p>\n<p>Levit\u00e4 puhtaalle, kuivalle iholle, hiero kunnes se on t\u00e4ysin imeytynyt.<\/p>","protected":false},"excerpt":{"rendered":"<p>VARO Ammattihintoja \u2013 KIRJAUDU SIS\u00c4\u00c4N!<\/p>\n<p>Kosteuttaa ja ravitsee tehokkaasti, stimuloi kollageenin ja elastiinin tuotantoa, lis\u00e4\u00e4 ihon vahvuutta ja joustavuutta. Ainutlaatuinen antioksidanttien, vitamiinien ja niasiiniamidin kompleksi varmistaa maksimaalisen ravinnon ja elvytyksen solutasolla, suojaa ihoa kuivumiselta ja elastisuuden menetykselt\u00e4 j\u00e4tt\u00e4en ihon vapaaksi tahmeudelta ja rasvaiselta kiillolta. UV-suodattimien kompleksi auttaa ehk\u00e4isem\u00e4\u00e4n pigmenttimuutoksia ja ihon fotoik\u00e4\u00e4ntymist\u00e4. Se on parabeeniton ja silikoniton.<\/p>","protected":false},"featured_media":8585,"template":"","meta":[],"product_brand":[],"product_cat":[99,97,98,234,236,244,246],"product_tag":[183,184,185,101],"class_list":{"0":"post-8584","1":"product","2":"type-product","3":"status-publish","4":"has-post-thumbnail","6":"product_cat-straderm","7":"product_cat-personal-use","8":"product_cat-professional-use","9":"product_cat-homecare-products","10":"product_cat-lotion-cream","11":"product_cat-pedicure","12":"product_cat-homecare-products-pedicure","13":"product_tag-cream","14":"product_tag-kreem","15":"product_tag-losjoon","16":"product_tag-lotion","18":"first","19":"instock","20":"taxable","21":"shipping-taxable","22":"purchasable","23":"product-type-simple"},"jetpack_sharing_enabled":true,"_links":{"self":[{"href":"https:\/\/shop.bestudio.ee\/fi\/wp-json\/wp\/v2\/product\/8584","targetHints":{"allow":["GET"]}}],"collection":[{"href":"https:\/\/shop.bestudio.ee\/fi\/wp-json\/wp\/v2\/product"}],"about":[{"href":"https:\/\/shop.bestudio.ee\/fi\/wp-json\/wp\/v2\/types\/product"}],"wp:featuredmedia":[{"embeddable":true,"href":"https:\/\/shop.bestudio.ee\/fi\/wp-json\/wp\/v2\/media\/8585"}],"wp:attachment":[{"href":"https:\/\/shop.bestudio.ee\/fi\/wp-json\/wp\/v2\/media?parent=8584"}],"wp:term":[{"taxonomy":"product_brand","embeddable":true,"href":"https:\/\/shop.bestudio.ee\/fi\/wp-json\/wp\/v2\/product_brand?post=8584"},{"taxonomy":"product_cat","embeddable":true,"href":"https:\/\/shop.bestudio.ee\/fi\/wp-json\/wp\/v2\/product_cat?post=8584"},{"taxonomy":"product_tag","embeddable":true,"href":"https:\/\/shop.bestudio.ee\/fi\/wp-json\/wp\/v2\/product_tag?post=8584"}],"curies":[{"name":"wp","href":"https:\/\/api.w.org\/{rel}","templated":true}]}}