{"id":8587,"date":"2022-06-03T01:06:30","date_gmt":"2022-06-03T01:06:30","guid":{"rendered":"https:\/\/pood.desolbeauty.ee\/?post_type=product&#038;p=8587"},"modified":"2026-03-03T12:40:32","modified_gmt":"2026-03-03T10:40:32","slug":"ultra-moisturizing-repair-cream-ultra-moisturizing-repair-kreem","status":"publish","type":"product","link":"https:\/\/shop.bestudio.ee\/fi\/tuote\/ultra-moisturizing-repair-cream-ultra-moisturizing-repair-kreem\/","title":{"rendered":"Ultrakosteuttava korjaus"},"content":{"rendered":"<p>50 ml,<\/p>\n<p>Keramidit (keramidit) t\u00e4ydent\u00e4v\u00e4t ihon tarvitsemia lipidej\u00e4, lievitt\u00e4v\u00e4t kuivuutta ja kuivumista, vahvistavat paikallista immuniteettia ja stimuloivat luonnollista kollageenin ja elastiinin tuotantoa. Ne lievitt\u00e4v\u00e4t tulehdusta ja \u00e4rsytyst\u00e4 ja suojaavat ihoa aggressiivisilta ymp\u00e4rist\u00f6vaikutuksilta.<\/p>\n<p>Maitohappo kosteuttaa ja s\u00e4ilytt\u00e4\u00e4 kosteuden jakaa sen tasaisesti orvaskeden syviin kerroksiin. Se stimuloi fibroblastien tuotantoa, mik\u00e4 lis\u00e4\u00e4 niiden hyaluronihapon synteesi\u00e4, joka on tehokas luonnollinen kosteusvoide. Luonnollinen t\u00e4yteaine pit\u00e4\u00e4 ihon sile\u00e4n\u00e4 ja elastisena.<\/p>\n<p>3D-hyaluronihappo kosteuttaa ihoa pysyv\u00e4sti ja lis\u00e4\u00e4 ihon elastisuutta. Stimuloi omaa kollageenin ja elastiinin tuotantoa sek\u00e4 hyaluronihapon tuotantoa.<\/p>\n<p>Urea kosteuttaa, lievitt\u00e4\u00e4 ihon kireytt\u00e4, kompensoi veden menetyst\u00e4, nopeuttaa solujen uusiutumista. 10%-pitoisuudella on anti-inflammatorinen vaikutus, se kumoaa \u00e4rsytyksen ja edist\u00e4\u00e4 solujen uusiutumista.<\/p>\n<p>Niasiiniamidi (B3) ja biotiini (B7) vahvistavat ja ravitsevat ihoa, stimuloivat kollageenin tuotantoa ja lis\u00e4\u00e4v\u00e4t ihon s\u00e4vy\u00e4, palauttavat ihon kimmoisuuden, neutraloivat hilseily\u00e4, \u00e4rsytyst\u00e4 ja kuivumista hidastaen ihon ik\u00e4\u00e4ntymist\u00e4.<\/p>\n<p>Pantenoli kosteuttaa ja auttaa paranemaan, normalisoi solujen aineenvaihduntaa, nopeuttaa kollageenin tuotantoa palauttaen aineenvaihduntaprosesseja, mik\u00e4 edist\u00e4\u00e4 ihon s\u00e4vy\u00e4 ja nuoruutta.<\/p>\n<p>Makea manteli\u00f6ljy ravitsee, kosteuttaa ja lievitt\u00e4\u00e4 kuivuutta, \u00e4rsytyst\u00e4 ja hilseily\u00e4. Tasoittaa ihon s\u00e4vy\u00e4, ehk\u00e4isee ja poistaa hyperpigmentaatiota.<\/p>\n<p>E+C-vitamiinit toimivat vitamiinien synergiana kosteuttamaan ja rauhoittamaan, mik\u00e4 ehk\u00e4isee ihon ennenaikaisia ik\u00e4\u00e4ntymisen merkkej\u00e4.<\/p>\n<p>&nbsp;<\/p>\n<p>Levit\u00e4 voidetta puhtaalle iholle ja hiero kunnes se on t\u00e4ysin imeytynyt. K\u00e4yt\u00e4 useita kertoja p\u00e4iv\u00e4ss\u00e4 ihon syv\u00e4kosteuttamiseksi, ravitsemiseksi ja palauttamiseksi.<\/p>","protected":false},"excerpt":{"rendered":"<p>VARO Ammattihintoja \u2013 KIRJAUDU SIS\u00c4\u00c4N!<\/p>\n<p>Intensiivisesti kosteuttava k\u00e4si- ja jalkavoide sis\u00e4lt\u00e4\u00e4 kompleksin bioaktiivisia keramideja, vitamiineja, hyaluroni- ja maitohappoja, kosteuttaa v\u00e4litt\u00f6m\u00e4sti ja lievitt\u00e4\u00e4 kuivuutta, hilseily\u00e4, palauttaa halkeilevan ihon. Se rauhoittaa tehokkaasti \u00e4rtynytt\u00e4 ihoa, poistaa punoitusta, tulehdusta ja ihotulehdusta. Se suojaa negatiivisilta<br \/>\nymp\u00e4rist\u00f6tekij\u00f6it\u00e4 pitkin p\u00e4iv\u00e4\u00e4. Se on parabeeniton ja silikoniton.<\/p>","protected":false},"featured_media":8588,"template":"","meta":[],"product_brand":[],"product_cat":[99,97,98,234,236,244,246],"product_tag":[183,184,185,101],"class_list":{"0":"post-8587","1":"product","2":"type-product","3":"status-publish","4":"has-post-thumbnail","6":"product_cat-straderm","7":"product_cat-personal-use","8":"product_cat-professional-use","9":"product_cat-homecare-products","10":"product_cat-lotion-cream","11":"product_cat-pedicure","12":"product_cat-homecare-products-pedicure","13":"product_tag-cream","14":"product_tag-kreem","15":"product_tag-losjoon","16":"product_tag-lotion","18":"first","19":"instock","20":"taxable","21":"shipping-taxable","22":"purchasable","23":"product-type-simple"},"jetpack_sharing_enabled":true,"_links":{"self":[{"href":"https:\/\/shop.bestudio.ee\/fi\/wp-json\/wp\/v2\/product\/8587","targetHints":{"allow":["GET"]}}],"collection":[{"href":"https:\/\/shop.bestudio.ee\/fi\/wp-json\/wp\/v2\/product"}],"about":[{"href":"https:\/\/shop.bestudio.ee\/fi\/wp-json\/wp\/v2\/types\/product"}],"wp:featuredmedia":[{"embeddable":true,"href":"https:\/\/shop.bestudio.ee\/fi\/wp-json\/wp\/v2\/media\/8588"}],"wp:attachment":[{"href":"https:\/\/shop.bestudio.ee\/fi\/wp-json\/wp\/v2\/media?parent=8587"}],"wp:term":[{"taxonomy":"product_brand","embeddable":true,"href":"https:\/\/shop.bestudio.ee\/fi\/wp-json\/wp\/v2\/product_brand?post=8587"},{"taxonomy":"product_cat","embeddable":true,"href":"https:\/\/shop.bestudio.ee\/fi\/wp-json\/wp\/v2\/product_cat?post=8587"},{"taxonomy":"product_tag","embeddable":true,"href":"https:\/\/shop.bestudio.ee\/fi\/wp-json\/wp\/v2\/product_tag?post=8587"}],"curies":[{"name":"wp","href":"https:\/\/api.w.org\/{rel}","templated":true}]}}