{"id":8589,"date":"2022-06-03T17:56:08","date_gmt":"2022-06-03T17:56:08","guid":{"rendered":"https:\/\/pood.desolbeauty.ee\/?post_type=product&#038;p=8589"},"modified":"2026-01-16T20:00:29","modified_gmt":"2026-01-16T18:00:29","slug":"treatment-soap-hooldusseep","status":"publish","type":"product","link":"https:\/\/shop.bestudio.ee\/fi\/tuote\/treatment-soap-hooldusseep\/","title":{"rendered":"Hoito saippua"},"content":{"rendered":"<p>250 ml,<\/p>\n<p>Kookos\u00f6ljy ja F-vitamiini \u2013 triglyseridit toimivat yhdess\u00e4 lev\u00e4uutteen kanssa, ne emulgoivat ja puhdistavat ihoa hell\u00e4varaisesti palauttaen soluhengityksen.<\/p>\n<p>Lev\u00e4t \u2013 parantavat ihon aineenvaihduntaprosesseja, nopeuttavat sen uusiutumista, parantavat sen kimmoisuutta ja kimmoisuutta, kosteuttavat intensiivisesti.<\/p>\n<p>Maitohappo \u2013 kosteuttaa, aktivoi hyaluronihapon tuotantoa, parantaa ihon rakennetta, t\u00e4ydent\u00e4\u00e4 tarvittavan m\u00e4\u00e4r\u00e4n kosteutta ja elvytt\u00e4\u00e4 ihoa. Se my\u00f6s stimuloi kollageenisynteesi\u00e4 parantaen ihon kimmoisuutta ja kimmoisuutta.<\/p>\n<p>Hamamelisuute ja fytiinihappo ovat anti-inflammatorisia komponentteja, jotka suojaavat aktiivisesti bakteereilta, aktivoivat ihon nuorentumista ja aineenvaihduntaprosesseja.<\/p>\n<p>Helichrysum-uutteella ja Climbazolilla on antiseptisi\u00e4, sieni\u00e4 torjuvia ja bakteereja tappavia vaikutuksia.<\/p>\n<p>Kaurapuuron proteiinit ja pantenoli rauhoittavat, lievitt\u00e4v\u00e4t \u00e4rsytyst\u00e4 ja hoitavat halkeamia. Ne ravitsevat, lis\u00e4\u00e4v\u00e4t solujen keratinisoitumista, lievitt\u00e4v\u00e4t kutinaa ja nopeuttavat ihon uusiutumista.<\/p>\n<p>&nbsp;<\/p>\n<p>Levit\u00e4 pieni m\u00e4\u00e4r\u00e4 saippuaa kostealle iholle, hiero hyvin ja huuhtele l\u00e4mpim\u00e4ll\u00e4 vedell\u00e4.<\/p>","protected":false},"excerpt":{"rendered":"<p>VARO Ammattihintoja \u2013 KIRJAUDU SIS\u00c4\u00c4N!<\/p>\n<p>Puhdistaa ja kosteuttaa ihoa syv\u00e4sti ja k\u00e4ynnist\u00e4\u00e4 solujen luonnollisen detoksifikaatioprosessin. Tasapainoinen pH-rikastettu koostumus, jossa on ravinteita ja antimikrobista vaikutusta, tarjoaa rauhoittavan tulehdusta ja sieni\u00e4 ehk\u00e4isev\u00e4n vaikutuksen, neutraloi tehokkaasti hajuja.<br \/>\nIhanteellinen ammatti- ja kotik\u00e4ytt\u00f6\u00f6n.<\/p>","protected":false},"featured_media":8590,"template":"","meta":[],"product_brand":[],"product_cat":[99,97,98,234,239,238,244,246],"product_tag":[193,192],"class_list":{"0":"post-8589","1":"product","2":"type-product","3":"status-publish","4":"has-post-thumbnail","6":"product_cat-straderm","7":"product_cat-personal-use","8":"product_cat-professional-use","9":"product_cat-homecare-products","10":"product_cat-nail-care-products","11":"product_cat-soap","12":"product_cat-pedicure","13":"product_cat-homecare-products-pedicure","14":"product_tag-seep","15":"product_tag-soap","17":"first","18":"instock","19":"taxable","20":"shipping-taxable","21":"purchasable","22":"product-type-simple"},"jetpack_sharing_enabled":true,"_links":{"self":[{"href":"https:\/\/shop.bestudio.ee\/fi\/wp-json\/wp\/v2\/product\/8589","targetHints":{"allow":["GET"]}}],"collection":[{"href":"https:\/\/shop.bestudio.ee\/fi\/wp-json\/wp\/v2\/product"}],"about":[{"href":"https:\/\/shop.bestudio.ee\/fi\/wp-json\/wp\/v2\/types\/product"}],"wp:featuredmedia":[{"embeddable":true,"href":"https:\/\/shop.bestudio.ee\/fi\/wp-json\/wp\/v2\/media\/8590"}],"wp:attachment":[{"href":"https:\/\/shop.bestudio.ee\/fi\/wp-json\/wp\/v2\/media?parent=8589"}],"wp:term":[{"taxonomy":"product_brand","embeddable":true,"href":"https:\/\/shop.bestudio.ee\/fi\/wp-json\/wp\/v2\/product_brand?post=8589"},{"taxonomy":"product_cat","embeddable":true,"href":"https:\/\/shop.bestudio.ee\/fi\/wp-json\/wp\/v2\/product_cat?post=8589"},{"taxonomy":"product_tag","embeddable":true,"href":"https:\/\/shop.bestudio.ee\/fi\/wp-json\/wp\/v2\/product_tag?post=8589"}],"curies":[{"name":"wp","href":"https:\/\/api.w.org\/{rel}","templated":true}]}}