{"id":8591,"date":"2022-06-03T21:04:28","date_gmt":"2022-06-03T18:04:28","guid":{"rendered":"https:\/\/pood.desolbeauty.ee\/?post_type=product&#038;p=8591"},"modified":"2025-12-01T00:32:09","modified_gmt":"2025-11-30T22:32:09","slug":"nail-and-cuticle-treatment-kuunte-ja-kuunnanaha-hooldus","status":"publish","type":"product","link":"https:\/\/shop.bestudio.ee\/fi\/tuote\/nail-and-cuticle-treatment-kuunte-ja-kuunnanaha-hooldus\/","title":{"rendered":"Kynsien ja kynsinauhojen hoito"},"content":{"rendered":"<p>10 ml,<\/p>\n<p>Keratiini palauttaa ja kovettaa kynsilevy\u00e4, v\u00e4hent\u00e4\u00e4 haurautta. Kosteuttaa intensiivisesti ja palauttaa ihon tasapainon.<\/p>\n<p>Biotiini (B7-vitamiini) vahvistaa kynsilevy\u00e4 ja nopeuttaa sen kasvua, palauttaa ihon vaurioiden j\u00e4lkeen. T\u00e4m\u00e4 stimuloi soluja tuottamaan enemm\u00e4n keratiinia.<\/p>\n<p>Mehil\u00e4isvaha tekee kynsilevyst\u00e4 elastisen, tiivist\u00e4\u00e4 suomuja ja est\u00e4\u00e4 delaminaatiota.<\/p>\n<p>PP-vitamiini vahvistaa herk\u00e4n ja\/tai \u00e4rtyneen ihon suojakerrosta ja ehk\u00e4isee kuivumista, sill\u00e4 on tulehdusta ehk\u00e4isev\u00e4 vaikutus.<\/p>\n<p>Niasiiniamidi stimuloi verenkiertoa, mik\u00e4 johtaa palautumisprosessien k\u00e4ynnistymiseen. Se lievitt\u00e4\u00e4 hilseily\u00e4, \u00e4rsytyst\u00e4 ja kuivumista, v\u00e4hent\u00e4\u00e4 punoitusta, rauhoittaa tulehdusta ja kirist\u00e4\u00e4 huokosia.<\/p>\n<p>Macadamia\u00f6ljy kosteuttaa, ehk\u00e4isee kynsien haurautta ja kynsilevyn hilseily\u00e4.<\/p>\n<p>Risiini\u00f6ljy hoitaa ja ehk\u00e4isee kynsien muodostumista, hidastaa kynsinauhojen kasvua, ravitsee ja kosteuttaa.<\/p>\n<p>Sheavoi ja makea manteli\u00f6ljy kosteuttavat ja ravitsevat, hidastaa kynsinauhojen kasvua, lievitt\u00e4\u00e4 kuivuutta, ehk\u00e4isee haurautta, auttaa p\u00e4\u00e4sem\u00e4\u00e4n eroon kynsien hilseilyst\u00e4.<\/p>\n<p>Kamomillakukkauutteella on tulehdusta est\u00e4v\u00e4 ja rauhoittava vaikutus, joka auttaa lievitt\u00e4m\u00e4\u00e4n \u00e4rsytyst\u00e4.<\/p>\n<p>E-vitamiini ravitsee, vahvistaa ja palauttaa kynsilevy\u00e4, ehk\u00e4isee haurautta, hoitaa kuivia ja halkeilevia kynsinauhoja.<\/p>\n<p>Lesitiini palauttaa ihon suojatoiminnot, ravitsee syv\u00e4sti ja suojaa soluja vaurioilta. Ihoa l\u00e4hell\u00e4 olevan lipidialkuper\u00e4ns\u00e4 ansiosta se tunkeutuu helposti syviin kerroksiin ja tarjoaa aktiivisia aineosia.<\/p>\n<p>&nbsp;<\/p>\n<p>Levit\u00e4 kahdesti p\u00e4iv\u00e4ss\u00e4, hiero ja hiero ihoon. \u00c4l\u00e4 pese pois 2-3 tuntia.<\/p>","protected":false},"excerpt":{"rendered":"<p>VARO Ammattimainen hinta \u2013 KIRJAUDU!<\/p>\n<p>Aktiiviset komponentit ja vitamiinit palauttavat kynsilevyn rakenteen, lis\u00e4\u00e4v\u00e4t sen tiheytt\u00e4, lujuutta ja est\u00e4v\u00e4t delaminaatiota. Geeli varmistaa kynsien vahvistumisen ja luonnollisen kasvun sek\u00e4 palauttaa lipidikynsinauhojen turkin, ravitsee, vahvistaa ja hoitaa sairaita kynsi\u00e4, sill\u00e4 on tulehdusta ehk\u00e4isev\u00e4 vaikutus.<\/p>","protected":false},"featured_media":8592,"template":"","meta":[],"product_brand":[],"product_cat":[99,97,98,234,239,244,246],"product_tag":[194,195],"class_list":{"0":"post-8591","1":"product","2":"type-product","3":"status-publish","4":"has-post-thumbnail","6":"product_cat-straderm","7":"product_cat-personal-use","8":"product_cat-professional-use","9":"product_cat-homecare-products","10":"product_cat-nail-care-products","11":"product_cat-pedicure","12":"product_cat-homecare-products-pedicure","13":"product_tag-kuunte-geel","14":"product_tag-nail-care-gel","16":"first","17":"instock","18":"taxable","19":"shipping-taxable","20":"purchasable","21":"product-type-simple"},"jetpack_sharing_enabled":true,"_links":{"self":[{"href":"https:\/\/shop.bestudio.ee\/fi\/wp-json\/wp\/v2\/product\/8591","targetHints":{"allow":["GET"]}}],"collection":[{"href":"https:\/\/shop.bestudio.ee\/fi\/wp-json\/wp\/v2\/product"}],"about":[{"href":"https:\/\/shop.bestudio.ee\/fi\/wp-json\/wp\/v2\/types\/product"}],"wp:featuredmedia":[{"embeddable":true,"href":"https:\/\/shop.bestudio.ee\/fi\/wp-json\/wp\/v2\/media\/8592"}],"wp:attachment":[{"href":"https:\/\/shop.bestudio.ee\/fi\/wp-json\/wp\/v2\/media?parent=8591"}],"wp:term":[{"taxonomy":"product_brand","embeddable":true,"href":"https:\/\/shop.bestudio.ee\/fi\/wp-json\/wp\/v2\/product_brand?post=8591"},{"taxonomy":"product_cat","embeddable":true,"href":"https:\/\/shop.bestudio.ee\/fi\/wp-json\/wp\/v2\/product_cat?post=8591"},{"taxonomy":"product_tag","embeddable":true,"href":"https:\/\/shop.bestudio.ee\/fi\/wp-json\/wp\/v2\/product_tag?post=8591"}],"curies":[{"name":"wp","href":"https:\/\/api.w.org\/{rel}","templated":true}]}}