{"id":8594,"date":"2022-06-03T21:22:08","date_gmt":"2022-06-03T18:22:08","guid":{"rendered":"https:\/\/pood.desolbeauty.ee\/?post_type=product&#038;p=8594"},"modified":"2026-01-16T20:00:40","modified_gmt":"2026-01-16T18:00:40","slug":"treatment-soap-hooldusseep-2","status":"publish","type":"product","link":"https:\/\/shop.bestudio.ee\/fi\/tuote\/treatment-soap-hooldusseep-2\/","title":{"rendered":"Hoito saippua"},"content":{"rendered":"<blockquote>\n<p style=\"text-align: center\">500 ml,<\/p>\n<\/blockquote>\n<p>Ainekset:<\/p>\n<p>Vesi, natriumlaurettisulfaatti, kokamidopropyylibetaiini, kookosglukosidi, glyseriini, hajuvesi, natriumkloridi, hydrolysoitu kauraproteiini, PEG-7-glyseryylikookaatti, PEG-15-kopolyamiini, pantenoli, glyseryylioleaatti, maitohappo, hakkidi, fytylyseriini Maitohappo, etyyli-A-glyserilehtiuute, lev\u00e4uute, immortelle-kukkauute, klimbatsoli, bentsyylialkoholi, dehydroetikkahappo, CI 42051.<\/p>","protected":false},"excerpt":{"rendered":"<p>HUOMIO! TUOTE MYYD\u00c4\u00c4N VAIN AMMATTILAISILLE! KIRJAUDU SIS\u00c4\u00c4N SAATAksesi HINTAAN!<\/p>\n<p>Antibakteerinen saippua. Puhdistaa ja kosteuttaa ihoa syv\u00e4sti, k\u00e4ynnist\u00e4\u00e4 solujen luonnollisen detoksifikaatioprosessin. Ravinteikas, pH-tasapainotettu koostumus, jolla on antimikrobisia, tulehdusta, rauhoittavia ja sieni\u00e4 torjuvia ominaisuuksia, neutraloi tehokkaasti hajuja. Ihanteellinen ammatti- ja kotik\u00e4ytt\u00f6\u00f6n.<\/p>","protected":false},"featured_media":8595,"template":"","meta":[],"product_brand":[],"product_cat":[99,97,98,238,244,246,245],"product_tag":[193,192],"class_list":{"0":"post-8594","1":"product","2":"type-product","3":"status-publish","4":"has-post-thumbnail","6":"product_cat-straderm","7":"product_cat-personal-use","8":"product_cat-professional-use","9":"product_cat-soap","10":"product_cat-pedicure","11":"product_cat-homecare-products-pedicure","12":"product_cat-professional-products","13":"product_tag-seep","14":"product_tag-soap","16":"first","17":"instock","18":"taxable","19":"shipping-taxable","20":"purchasable","21":"product-type-simple"},"jetpack_sharing_enabled":true,"_links":{"self":[{"href":"https:\/\/shop.bestudio.ee\/fi\/wp-json\/wp\/v2\/product\/8594","targetHints":{"allow":["GET"]}}],"collection":[{"href":"https:\/\/shop.bestudio.ee\/fi\/wp-json\/wp\/v2\/product"}],"about":[{"href":"https:\/\/shop.bestudio.ee\/fi\/wp-json\/wp\/v2\/types\/product"}],"wp:featuredmedia":[{"embeddable":true,"href":"https:\/\/shop.bestudio.ee\/fi\/wp-json\/wp\/v2\/media\/8595"}],"wp:attachment":[{"href":"https:\/\/shop.bestudio.ee\/fi\/wp-json\/wp\/v2\/media?parent=8594"}],"wp:term":[{"taxonomy":"product_brand","embeddable":true,"href":"https:\/\/shop.bestudio.ee\/fi\/wp-json\/wp\/v2\/product_brand?post=8594"},{"taxonomy":"product_cat","embeddable":true,"href":"https:\/\/shop.bestudio.ee\/fi\/wp-json\/wp\/v2\/product_cat?post=8594"},{"taxonomy":"product_tag","embeddable":true,"href":"https:\/\/shop.bestudio.ee\/fi\/wp-json\/wp\/v2\/product_tag?post=8594"}],"curies":[{"name":"wp","href":"https:\/\/api.w.org\/{rel}","templated":true}]}}