{"id":8596,"date":"2022-06-03T18:27:15","date_gmt":"2022-06-03T18:27:15","guid":{"rendered":"https:\/\/pood.desolbeauty.ee\/?post_type=product&#038;p=8596"},"modified":"2023-10-29T16:35:39","modified_gmt":"2023-10-29T16:35:39","slug":"callus-softener-spray-rahjupehmenda-spray","status":"publish","type":"product","link":"https:\/\/shop.bestudio.ee\/fi\/tuote\/callus-softener-spray-rahjupehmenda-spray\/","title":{"rendered":"Kalluspehmennyssuihke"},"content":{"rendered":"<p>200 ml,<\/p>\n<p>Kuinka k\u00e4ytt\u00e4\u00e4:<\/p>\n<p>Suihkuta tuotetta 10 cm et\u00e4isyydelt\u00e4 keratinisoituneelle iholle, anna tuotteen imeyty\u00e4 noin 2-5 minuuttia. Aika vaihtelee kuoriutumisasteesta riippuen. Jatka sahausta\/laitteistoa, toista tarvittaessa. Keratolyyttist\u00e4 ainetta ei tarvitse huuhdella pois, sill\u00e4 se kosteuttaa ihoa my\u00f6s pedikyyrien p\u00e4\u00e4tytty\u00e4, ja sill\u00e4 on kumulatiivinen pitk\u00e4aikainen vaikutus.<\/p>\n<p>Varoitus: Pid\u00e4 poissa lasten ulottuvilta. Vain ulkoiseen k\u00e4ytt\u00f6\u00f6n.<\/p>\n<p>Ainesosat: Urea, vesi (vesi), propyleeniglykoli, natriumhydroksidi, maitohappo, etoksidiglykoli.<\/p>","protected":false},"excerpt":{"rendered":"<p>HUOMIO! TUOTE MYYTY VAIN AMMATTILAISILLE! KIRJAUDU SIS\u00c4\u00c4N SAATAksesi HINTAAN!<\/p>\n<p>Callus Softener Spray on keratolyyttinen suihke ammattik\u00e4ytt\u00f6\u00f6n. Pehment\u00e4\u00e4 nopeasti kovettumia, kuivaa\/keratinisoitunutta ihoa, hyperkeratoosia, valmistelee halkeamia paranemista varten. Turvallisen neutraalin pH:n sis\u00e4lt\u00e4v\u00e4 koostumus sopii kaikille ihotyypeille, kosteuttaa, poistaa kuivuutta ja sill\u00e4 on antibakteerinen vaikutus. Kuten kaikki pedikyyritekniikat, se v\u00e4hent\u00e4\u00e4 mestarin ty\u00f6aikaa ja tekee toimenpiteest\u00e4 mukavan asiakkaalle. Ei sis\u00e4ll\u00e4 em\u00e4ksi\u00e4 ja happoja.<\/p>","protected":false},"featured_media":8597,"template":"","meta":[],"product_brand":[],"product_cat":[99,98],"product_tag":[191,190],"class_list":{"0":"post-8596","1":"product","2":"type-product","3":"status-publish","4":"has-post-thumbnail","6":"product_cat-straderm","7":"product_cat-professional-use","8":"product_tag-callus-softener-spray","9":"product_tag-kalluse-pehmendaja-pihusti","11":"first","12":"instock","13":"taxable","14":"shipping-taxable","15":"product-type-simple"},"jetpack_sharing_enabled":true,"_links":{"self":[{"href":"https:\/\/shop.bestudio.ee\/fi\/wp-json\/wp\/v2\/product\/8596","targetHints":{"allow":["GET"]}}],"collection":[{"href":"https:\/\/shop.bestudio.ee\/fi\/wp-json\/wp\/v2\/product"}],"about":[{"href":"https:\/\/shop.bestudio.ee\/fi\/wp-json\/wp\/v2\/types\/product"}],"wp:featuredmedia":[{"embeddable":true,"href":"https:\/\/shop.bestudio.ee\/fi\/wp-json\/wp\/v2\/media\/8597"}],"wp:attachment":[{"href":"https:\/\/shop.bestudio.ee\/fi\/wp-json\/wp\/v2\/media?parent=8596"}],"wp:term":[{"taxonomy":"product_brand","embeddable":true,"href":"https:\/\/shop.bestudio.ee\/fi\/wp-json\/wp\/v2\/product_brand?post=8596"},{"taxonomy":"product_cat","embeddable":true,"href":"https:\/\/shop.bestudio.ee\/fi\/wp-json\/wp\/v2\/product_cat?post=8596"},{"taxonomy":"product_tag","embeddable":true,"href":"https:\/\/shop.bestudio.ee\/fi\/wp-json\/wp\/v2\/product_tag?post=8596"}],"curies":[{"name":"wp","href":"https:\/\/api.w.org\/{rel}","templated":true}]}}