{"id":8598,"date":"2022-06-03T18:34:40","date_gmt":"2022-06-03T18:34:40","guid":{"rendered":"https:\/\/pood.desolbeauty.ee\/?post_type=product&#038;p=8598"},"modified":"2024-05-29T08:38:19","modified_gmt":"2024-05-29T08:38:19","slug":"callus-softener-spray-rahjupehmenda-spray-2","status":"publish","type":"product","link":"https:\/\/shop.bestudio.ee\/fi\/tuote\/callus-softener-spray-rahjupehmenda-spray-2\/","title":{"rendered":"Kalluspehmennyssuihke"},"content":{"rendered":"<p>500 ml,<\/p>\n<p>K\u00e4ytt\u00f6tapa:<br \/>\nSuihkuta tuotetta 10 cm et\u00e4isyydelt\u00e4 keratinisoituneelle iholle, anna tuotteen imeyty\u00e4 noin 2-5 minuuttia. Aika vaihtelee kuoriutumisasteesta riippuen. Jatka sahausta\/laitteistoa, toista tarvittaessa. Keratolyyttist\u00e4 ainetta ei tarvitse huuhdella pois, sill\u00e4 se kosteuttaa ihoa my\u00f6s pedikyyrien p\u00e4\u00e4tytty\u00e4, ja sill\u00e4 on kumulatiivinen pitk\u00e4aikainen vaikutus.<br \/>\nVaroitus: Pid\u00e4 poissa lasten ulottuvilta. Vain ulkoiseen k\u00e4ytt\u00f6\u00f6n.<\/p>\n<p>Ainekset:<\/p>\n<p>Urea, vesi (vesi), propyleeniglykoli, natriumhydroksidi, maitohappo, etoksidiglykoli.<\/p>","protected":false},"excerpt":{"rendered":"<p>100 ml,<\/p>\n<p>K\u00e4ytt\u00f6tapa:<br \/>\nLevit\u00e4 geeli\u00e4 hoidetulle alueelle 30 sekunnin kuluttua, k\u00e4sittele kynsinauhoja sopivalla tuotteella ja jatka seuraavilla toimenpiteill\u00e4. Poista lopuksi j\u00e4ljell\u00e4 oleva geeli vedell\u00e4 tai vanupuikolla.<br \/>\nVaroitus: Pid\u00e4 poissa lasten ulottuvilta. Vain ulkoiseen k\u00e4ytt\u00f6\u00f6n.<\/p>\n<p>Ainekset:<\/p>\n<p>Vesi (vesi), propyleeniglykoli, etoksidiglykoli, ksantaanikumi, natriumhydroksidi, pantenoli, dinatrium-EDTA, biotiini, hydrolysoitu keratiini, keh\u00e4kukka (keh\u00e4kukka) kukkauute, niasiiniamidi, bisabololi, achillea millefolium -kukkauute.<\/p>","protected":false},"featured_media":8599,"template":"","meta":[],"product_brand":[],"product_cat":[99,98,244,245],"product_tag":[191,190],"class_list":{"0":"post-8598","1":"product","2":"type-product","3":"status-publish","4":"has-post-thumbnail","6":"product_cat-straderm","7":"product_cat-professional-use","8":"product_cat-pedicure","9":"product_cat-professional-products","10":"product_tag-callus-softener-spray","11":"product_tag-kalluse-pehmendaja-pihusti","13":"first","14":"instock","15":"taxable","16":"shipping-taxable","17":"product-type-simple"},"jetpack_sharing_enabled":true,"_links":{"self":[{"href":"https:\/\/shop.bestudio.ee\/fi\/wp-json\/wp\/v2\/product\/8598","targetHints":{"allow":["GET"]}}],"collection":[{"href":"https:\/\/shop.bestudio.ee\/fi\/wp-json\/wp\/v2\/product"}],"about":[{"href":"https:\/\/shop.bestudio.ee\/fi\/wp-json\/wp\/v2\/types\/product"}],"wp:featuredmedia":[{"embeddable":true,"href":"https:\/\/shop.bestudio.ee\/fi\/wp-json\/wp\/v2\/media\/8599"}],"wp:attachment":[{"href":"https:\/\/shop.bestudio.ee\/fi\/wp-json\/wp\/v2\/media?parent=8598"}],"wp:term":[{"taxonomy":"product_brand","embeddable":true,"href":"https:\/\/shop.bestudio.ee\/fi\/wp-json\/wp\/v2\/product_brand?post=8598"},{"taxonomy":"product_cat","embeddable":true,"href":"https:\/\/shop.bestudio.ee\/fi\/wp-json\/wp\/v2\/product_cat?post=8598"},{"taxonomy":"product_tag","embeddable":true,"href":"https:\/\/shop.bestudio.ee\/fi\/wp-json\/wp\/v2\/product_tag?post=8598"}],"curies":[{"name":"wp","href":"https:\/\/api.w.org\/{rel}","templated":true}]}}