{"id":8600,"date":"2022-06-03T18:41:13","date_gmt":"2022-06-03T18:41:13","guid":{"rendered":"https:\/\/pood.desolbeauty.ee\/?post_type=product&#038;p=8600"},"modified":"2025-03-24T23:46:45","modified_gmt":"2025-03-24T21:46:45","slug":"cuticle-softener-kuunanahapehendus","status":"publish","type":"product","link":"https:\/\/shop.bestudio.ee\/fi\/tuote\/cuticle-softener-kuunanahapehendus\/","title":{"rendered":"Kynsinauhojen pehmennysaine"},"content":{"rendered":"<p>100 ml,<\/p>\n<p>K\u00e4ytt\u00f6tapa:<br \/>\nLevit\u00e4 geeli\u00e4 hoidetulle alueelle 30 sekunnin kuluttua, k\u00e4sittele kynsinauhoja sopivalla tuotteella ja jatka seuraavilla toimenpiteill\u00e4. Poista lopuksi j\u00e4ljell\u00e4 oleva geeli vedell\u00e4 tai vanupuikolla.<br \/>\nVaroitus: Pid\u00e4 poissa lasten ulottuvilta. Vain ulkoiseen k\u00e4ytt\u00f6\u00f6n.<\/p>\n<p>Ainekset:<\/p>\n<p>Vesi (vesi), propyleeniglykoli, etoksidiglykoli, ksantaanikumi, natriumhydroksidi, pantenoli, dinatrium-EDTA, biotiini, hydrolysoitu keratiini, keh\u00e4kukka (keh\u00e4kukka) kukkauute, niasiiniamidi, bisabololi, achillea millefolium -kukkauute.<\/p>","protected":false},"excerpt":{"rendered":"<p>HUOMIO! TUOTE MYYTY VAIN AMMATTILAISILLE! KIRJAUDU SIS\u00c4\u00c4N SAATAksesi HINTAAN!<\/p>\n<p>Cuticle softener on ammattimainen kynsinauhojen poistoaine. Erityisen koostumuksensa ja geelim\u00e4isen koostumuksensa ansiosta kynsinauhojen pehmennysaine pehment\u00e4\u00e4 ja poistaa kynsinauhoja tehokkaasti ilman aggressiivista vaikutusta. Kasviuutteisiin ja vitamiineihin perustuvalla koostumuksella on rauhoittavia ja desinfioivia ominaisuuksia. Sopii kaikkiin manikyyritekniikoihin.<\/p>","protected":false},"featured_media":8601,"template":"","meta":[],"product_brand":[],"product_cat":[99,98,227,244,245],"product_tag":[189,188],"class_list":{"0":"post-8600","1":"product","2":"type-product","3":"status-publish","4":"has-post-thumbnail","6":"product_cat-straderm","7":"product_cat-professional-use","8":"product_cat-liquids-and-prep","9":"product_cat-pedicure","10":"product_cat-professional-products","11":"product_tag-cuticle-remover","12":"product_tag-kuunenaha-eemaldaja","14":"first","15":"instock","16":"taxable","17":"shipping-taxable","18":"product-type-simple"},"jetpack_sharing_enabled":true,"_links":{"self":[{"href":"https:\/\/shop.bestudio.ee\/fi\/wp-json\/wp\/v2\/product\/8600","targetHints":{"allow":["GET"]}}],"collection":[{"href":"https:\/\/shop.bestudio.ee\/fi\/wp-json\/wp\/v2\/product"}],"about":[{"href":"https:\/\/shop.bestudio.ee\/fi\/wp-json\/wp\/v2\/types\/product"}],"wp:featuredmedia":[{"embeddable":true,"href":"https:\/\/shop.bestudio.ee\/fi\/wp-json\/wp\/v2\/media\/8601"}],"wp:attachment":[{"href":"https:\/\/shop.bestudio.ee\/fi\/wp-json\/wp\/v2\/media?parent=8600"}],"wp:term":[{"taxonomy":"product_brand","embeddable":true,"href":"https:\/\/shop.bestudio.ee\/fi\/wp-json\/wp\/v2\/product_brand?post=8600"},{"taxonomy":"product_cat","embeddable":true,"href":"https:\/\/shop.bestudio.ee\/fi\/wp-json\/wp\/v2\/product_cat?post=8600"},{"taxonomy":"product_tag","embeddable":true,"href":"https:\/\/shop.bestudio.ee\/fi\/wp-json\/wp\/v2\/product_tag?post=8600"}],"curies":[{"name":"wp","href":"https:\/\/api.w.org\/{rel}","templated":true}]}}