{"id":8602,"date":"2022-06-03T18:51:14","date_gmt":"2022-06-03T18:51:14","guid":{"rendered":"https:\/\/pood.desolbeauty.ee\/?post_type=product&#038;p=8602"},"modified":"2026-01-16T20:01:46","modified_gmt":"2026-01-16T18:01:46","slug":"ultra-moisturizing-repair-cream-ultra-moisturizing-repair-creem","status":"publish","type":"product","link":"https:\/\/shop.bestudio.ee\/fi\/tuote\/ultra-moisturizing-repair-cream-ultra-moisturizing-repair-creem\/","title":{"rendered":"Ultrakosteuttava korjausvoide"},"content":{"rendered":"<p>150 ml,<\/p>\n<p>Aktiiviset ainesosat<br \/>\nKeramidit palauttavat iholle v\u00e4ltt\u00e4m\u00e4tt\u00f6m\u00e4t lipidit, poistaen kuivuuden ja kuivumisen, lis\u00e4\u00e4v\u00e4t paikallista immuniteettia ja stimuloivat luonnollisen kollageenin ja elastiinin tuotantoa. Ne lievitt\u00e4v\u00e4t \u00e4rsytyst\u00e4 ja tulehdusta ja suojaavat ihoa aggressiivisilta ymp\u00e4rist\u00f6vaikutuksilta.<\/p>\n<p>Maitohappo kosteuttaa ja s\u00e4ilytt\u00e4\u00e4 kosteuden ja jakaa sen tasaisesti orvaskeden syvempiin kerroksiin. Stimuloi fibroblastien tuotantoa, jotka lis\u00e4\u00e4v\u00e4t oman hyaluronihapon, tehokkaan luonnollisen kosteusvoiteen, synteesi\u00e4. Luonnollinen t\u00e4yteaine pit\u00e4\u00e4 ihon sile\u00e4n\u00e4 ja elastisena.<\/p>\n<p>3D-hyaluronihappo varmistaa pitk\u00e4aikaisen kosteutuksen ja lis\u00e4\u00e4 ihon joustavuutta. Stimuloi omaa kollageenin ja elastiinin tuotantoa sek\u00e4 omaa hyaluronihapon tuotantoa.<\/p>\n<p>Urea (Urea) \u2013 kosteuttaa, lievitt\u00e4\u00e4 kireyden tunnetta, kompensoi ihon kosteush\u00e4vi\u00f6t\u00e4, nopeuttaa solujen uusiutumista. 10%-pitoisuudessa sill\u00e4 on anti-inflammatorinen vaikutus ja se pys\u00e4ytt\u00e4\u00e4 \u00e4rsytyksen ja edist\u00e4\u00e4 solujen uusiutumista.<\/p>\n<p>Niatsamidi + Biotiini vahvistavat ja ravitsevat ihoa, edist\u00e4v\u00e4t kollageenin tuotantoa ja lis\u00e4\u00e4v\u00e4t ihon s\u00e4vy\u00e4, palauttavat ihon kimmoisuuden, tasoittavat hilseily\u00e4, \u00e4rsytyst\u00e4 ja kuivumista, hidastavat ik\u00e4\u00e4ntymisprosesseja.<\/p>\n<p>Pantenoli kosteuttaa ja parantaa, normalisoi aineenvaihduntaprosesseja soluissa, nopeuttaa kollageenin tuotantoa, palauttaa aineenvaihduntaprosesseja, mik\u00e4 auttaa yll\u00e4pit\u00e4m\u00e4\u00e4n ihon s\u00e4vy\u00e4 ja nuoruutta.<\/p>\n<p>Makea manteli\u00f6ljy ravitsee, kosteuttaa ja poistaa kuivuutta, \u00e4rsytyst\u00e4 ja hilseily\u00e4. Tasoittaa s\u00e4vyn, eliminoi ja ehk\u00e4isee hyperpigmentaatiota.<\/p>\n<p>Vitamiinit E + C \u2013 vitamiinien synergia, kosteuttaa ja pehment\u00e4\u00e4, ehk\u00e4isee ihon ennenaikaisia ik\u00e4\u00e4ntymisen merkkej\u00e4.<\/p>\n<p>Ei sis\u00e4ll\u00e4 parabeeneja eik\u00e4 silikoneja.<\/p>","protected":false},"excerpt":{"rendered":"<p>HUOMIO! TUOTE MYYTY VAIN AMMATTILAISILLE! KIRJAUDU SIS\u00c4\u00c4N SAATAksesi HINTAAN!<\/p>\n<p>Eritt\u00e4in kosteuttava voide, jolla on korjaava ja suojaava vaikutus.<\/p>\n<p>Intensiivinen kosteuttava voide k\u00e4sille ja jaloille sis\u00e4lt\u00e4\u00e4 kompleksin bioaktiivisia keramideja, vitamiineja, hyaluroni- ja maitohappoa, kosteuttaa v\u00e4litt\u00f6m\u00e4sti ja poistaa kuivuutta, hilseily\u00e4 ja palauttaa halkeilevan ihon.<\/p>\n<p>Rauhoittaa tehokkaasti \u00e4rtynytt\u00e4 ihoa ja lievitt\u00e4\u00e4 punoitusta, tulehdusta ja ihotulehdusta. Suojaa negatiivisilta ymp\u00e4rist\u00f6tekij\u00f6ilt\u00e4 koko p\u00e4iv\u00e4n ajan.<\/p>","protected":false},"featured_media":8603,"template":"","meta":[],"product_brand":[],"product_cat":[99,97,98,236,244,246,245],"product_tag":[183,184,185,101],"class_list":{"0":"post-8602","1":"product","2":"type-product","3":"status-publish","4":"has-post-thumbnail","6":"product_cat-straderm","7":"product_cat-personal-use","8":"product_cat-professional-use","9":"product_cat-lotion-cream","10":"product_cat-pedicure","11":"product_cat-homecare-products-pedicure","12":"product_cat-professional-products","13":"product_tag-cream","14":"product_tag-kreem","15":"product_tag-losjoon","16":"product_tag-lotion","18":"first","19":"instock","20":"taxable","21":"shipping-taxable","22":"purchasable","23":"product-type-simple"},"jetpack_sharing_enabled":true,"_links":{"self":[{"href":"https:\/\/shop.bestudio.ee\/fi\/wp-json\/wp\/v2\/product\/8602","targetHints":{"allow":["GET"]}}],"collection":[{"href":"https:\/\/shop.bestudio.ee\/fi\/wp-json\/wp\/v2\/product"}],"about":[{"href":"https:\/\/shop.bestudio.ee\/fi\/wp-json\/wp\/v2\/types\/product"}],"wp:featuredmedia":[{"embeddable":true,"href":"https:\/\/shop.bestudio.ee\/fi\/wp-json\/wp\/v2\/media\/8603"}],"wp:attachment":[{"href":"https:\/\/shop.bestudio.ee\/fi\/wp-json\/wp\/v2\/media?parent=8602"}],"wp:term":[{"taxonomy":"product_brand","embeddable":true,"href":"https:\/\/shop.bestudio.ee\/fi\/wp-json\/wp\/v2\/product_brand?post=8602"},{"taxonomy":"product_cat","embeddable":true,"href":"https:\/\/shop.bestudio.ee\/fi\/wp-json\/wp\/v2\/product_cat?post=8602"},{"taxonomy":"product_tag","embeddable":true,"href":"https:\/\/shop.bestudio.ee\/fi\/wp-json\/wp\/v2\/product_tag?post=8602"}],"curies":[{"name":"wp","href":"https:\/\/api.w.org\/{rel}","templated":true}]}}