{"id":8607,"date":"2022-06-05T18:20:27","date_gmt":"2022-06-05T18:20:27","guid":{"rendered":"https:\/\/pood.desolbeauty.ee\/?post_type=product&#038;p=8607"},"modified":"2025-12-01T00:32:09","modified_gmt":"2025-11-30T22:32:09","slug":"balancing-care-gel-tasakaalustav-hooldusgeel-2","status":"publish","type":"product","link":"https:\/\/shop.bestudio.ee\/fi\/tuote\/balancing-care-gel-tasakaalustav-hooldusgeel-2\/","title":{"rendered":"Tasapainottava hoitogeeli"},"content":{"rendered":"<p>140 ml,<\/p>\n<p>Aktiiviset ainesosat:<br \/>\nTaikap\u00e4hkin\u00e4 s\u00e4\u00e4telee hikirauhasten toimintaa, virkist\u00e4\u00e4, tuhoaa bakteereja ihohuokosissa, sill\u00e4 on poikkeukselliset antiseptiset, antibakteeriset ja sienil\u00e4\u00e4kkeet. Rauhoittaa ja nopeuttaa ihon halkeamien ja naarmujen paranemista, voimakas antioksidantti.<\/p>\n<p>Escin on aktiivinen ainesosa, joka on johdettu hevoskastanjauutteesta. Poistaa turvotusta ja rasitusta. Sill\u00e4 on anti-inflammatorinen ja venotoninen vaikutus, se palauttaa l\u00e4p\u00e4isevyyden ja v\u00e4hent\u00e4\u00e4 kapillaarien haurautta.<\/p>\n<p>Mustikkauute kosteuttaa ja rauhoittaa ihoa tarjoten miedon kipua lievitt\u00e4v\u00e4n vaikutuksen. Stimuloi solujen jakautumista ja haavan paranemista, eliminoi halkeamia ja karkeita, ylikuivuneita ihoalueita.<\/p>\n<p>Ruscus Spiral Root Extract on voimakas turvotusta lievitt\u00e4v\u00e4 ja turvotusta lievitt\u00e4v\u00e4 luonnonl\u00e4\u00e4ke, vahvistaa verisuonia, parantaa mikroverenkiertoa, sill\u00e4 on verisuonia supistavia ja tulehdusta ehk\u00e4isevi\u00e4 vaikutuksia, lievitt\u00e4\u00e4 punoitusta ja rasitusta jaloissa.<\/p>\n<p>Mentoli auttaa poistamaan tulehdusta, v\u00e4hent\u00e4\u00e4 kipua ja kutinaa ja sill\u00e4 on ihoa rauhoittava vaikutus.<\/p>\n<p>Mentyylilaktaatilla on rauhoittava, tulehdusta est\u00e4v\u00e4 vaikutus, stimuloi mikroverenkiertoa, kiinteytt\u00e4\u00e4 ihoa.<\/p>","protected":false},"excerpt":{"rendered":"<p>HUOMIO! TUOTE MYYTY VAIN AMMATTILAISILLE! KIRJAUDU SIS\u00c4\u00c4N SAADAksesi HINTAAN!Tasapainoinen hoito kostealle jalkojen iholle sis\u00e4lt\u00e4\u00e4 korkean pitoisuuden kompleksia uutteita ja bioaktiivisia komponentteja. Rauhoittaa ja optimoi hikirauhasten toimintaa, sill\u00e4 on antiseptisi\u00e4 ja supisttavia ominaisuuksia. Antaa jaloille pitk\u00e4kestoisen raikkauden tunteen, on viilent\u00e4v\u00e4 vaikutus. Tonisoi, parantaa mikroverenkiertoa ja aineenvaihduntaprosesseja, ehk\u00e4isee raskauden ja v\u00e4symyksen tunnetta jaloissa tarjoten turvotusta est\u00e4v\u00e4n vaikutuksen. Ei sis\u00e4ll\u00e4 parabeeneja eik\u00e4 silikoneja.<\/p>","protected":false},"featured_media":8916,"template":"","meta":[],"product_brand":[],"product_cat":[99,97,98,236,244,246,245],"product_tag":[187,186],"class_list":{"0":"post-8607","1":"product","2":"type-product","3":"status-publish","4":"has-post-thumbnail","6":"product_cat-straderm","7":"product_cat-personal-use","8":"product_cat-professional-use","9":"product_cat-lotion-cream","10":"product_cat-pedicure","11":"product_cat-homecare-products-pedicure","12":"product_cat-professional-products","13":"product_tag-care-gel","14":"product_tag-hooldusgeel","16":"first","17":"instock","18":"taxable","19":"shipping-taxable","20":"purchasable","21":"product-type-simple"},"jetpack_sharing_enabled":true,"_links":{"self":[{"href":"https:\/\/shop.bestudio.ee\/fi\/wp-json\/wp\/v2\/product\/8607","targetHints":{"allow":["GET"]}}],"collection":[{"href":"https:\/\/shop.bestudio.ee\/fi\/wp-json\/wp\/v2\/product"}],"about":[{"href":"https:\/\/shop.bestudio.ee\/fi\/wp-json\/wp\/v2\/types\/product"}],"wp:featuredmedia":[{"embeddable":true,"href":"https:\/\/shop.bestudio.ee\/fi\/wp-json\/wp\/v2\/media\/8916"}],"wp:attachment":[{"href":"https:\/\/shop.bestudio.ee\/fi\/wp-json\/wp\/v2\/media?parent=8607"}],"wp:term":[{"taxonomy":"product_brand","embeddable":true,"href":"https:\/\/shop.bestudio.ee\/fi\/wp-json\/wp\/v2\/product_brand?post=8607"},{"taxonomy":"product_cat","embeddable":true,"href":"https:\/\/shop.bestudio.ee\/fi\/wp-json\/wp\/v2\/product_cat?post=8607"},{"taxonomy":"product_tag","embeddable":true,"href":"https:\/\/shop.bestudio.ee\/fi\/wp-json\/wp\/v2\/product_tag?post=8607"}],"curies":[{"name":"wp","href":"https:\/\/api.w.org\/{rel}","templated":true}]}}