{"id":8982,"date":"2022-11-17T23:31:41","date_gmt":"2022-11-17T23:31:41","guid":{"rendered":"https:\/\/shop.bestudio.ee\/?post_type=product&#038;p=8982"},"modified":"2025-12-05T12:58:59","modified_gmt":"2025-12-05T10:58:59","slug":"luxury-dadi-lotion-236-ml","status":"publish","type":"product","link":"https:\/\/shop.bestudio.ee\/fi\/tuote\/luxury-dadi-lotion-236-ml\/","title":{"rendered":"Luxury Dadi lotion, 236 ml"},"content":{"rendered":"<p>Koko:<\/p>\n<p>236 ml<\/p>","protected":false},"excerpt":{"rendered":"<p>VARO Ammattihintoja \u2013 KIRJAUDU SIS\u00c4\u00c4N!<\/p>\n<p>Orgaanisista aineista koostuva voide on tarkoitettu koko vartalolle.<\/p>\n<p>Imeytyy nopeasti ja j\u00e4tt\u00e4m\u00e4tt\u00e4 rasvaisia j\u00e4lki\u00e4. Lopputulos j\u00e4tt\u00e4\u00e4 ihon pehme\u00e4ksi, kosteutetuksi ja kiilt\u00e4v\u00e4ksi.<\/p>","protected":false},"featured_media":478,"template":"","meta":[],"product_brand":[],"product_cat":[52,56,234,236,244,246,245],"product_tag":[183,184,185,101],"class_list":{"0":"post-8982","1":"product","2":"type-product","3":"status-publish","4":"has-post-thumbnail","6":"product_cat-famous-names","7":"product_cat-dadi-lotion","8":"product_cat-homecare-products","9":"product_cat-lotion-cream","10":"product_cat-pedicure","11":"product_cat-homecare-products-pedicure","12":"product_cat-professional-products","13":"product_tag-cream","14":"product_tag-kreem","15":"product_tag-losjoon","16":"product_tag-lotion","18":"first","19":"instock","20":"taxable","21":"shipping-taxable","22":"purchasable","23":"product-type-simple"},"jetpack_sharing_enabled":true,"_links":{"self":[{"href":"https:\/\/shop.bestudio.ee\/fi\/wp-json\/wp\/v2\/product\/8982","targetHints":{"allow":["GET"]}}],"collection":[{"href":"https:\/\/shop.bestudio.ee\/fi\/wp-json\/wp\/v2\/product"}],"about":[{"href":"https:\/\/shop.bestudio.ee\/fi\/wp-json\/wp\/v2\/types\/product"}],"wp:featuredmedia":[{"embeddable":true,"href":"https:\/\/shop.bestudio.ee\/fi\/wp-json\/wp\/v2\/media\/478"}],"wp:attachment":[{"href":"https:\/\/shop.bestudio.ee\/fi\/wp-json\/wp\/v2\/media?parent=8982"}],"wp:term":[{"taxonomy":"product_brand","embeddable":true,"href":"https:\/\/shop.bestudio.ee\/fi\/wp-json\/wp\/v2\/product_brand?post=8982"},{"taxonomy":"product_cat","embeddable":true,"href":"https:\/\/shop.bestudio.ee\/fi\/wp-json\/wp\/v2\/product_cat?post=8982"},{"taxonomy":"product_tag","embeddable":true,"href":"https:\/\/shop.bestudio.ee\/fi\/wp-json\/wp\/v2\/product_tag?post=8982"}],"curies":[{"name":"wp","href":"https:\/\/api.w.org\/{rel}","templated":true}]}}