{"id":9233,"date":"2023-02-01T23:03:02","date_gmt":"2023-02-01T23:03:02","guid":{"rendered":"https:\/\/shop.bestudio.ee\/?post_type=product&#038;p=9233"},"modified":"2023-11-27T18:23:24","modified_gmt":"2023-11-27T18:23:24","slug":"9233","status":"publish","type":"product","link":"https:\/\/shop.bestudio.ee\/fi\/tuote\/9233\/","title":{"rendered":"Dadi huulirasva"},"content":{"rendered":"<p>Laatikko 12 kpl. 1 yksikk\u00f6 - 3,75 g.<\/p>\n<p><strong>Ainesosat<\/strong><\/p>\n<p>Mehil\u00e4isvaha hoitoon<\/p>\n<p>Dadi&#039; Oilin \u00f6ljyt<br \/>\nLuonnollinen E-vitamiini<\/p>\n<p><strong>Merkitt\u00e4vi\u00e4 ainesosia<span class=\"Apple-converted-space\">\u00a0<\/span><\/strong><b><span class=\"Apple-converted-space\"><br \/>\n<\/span><\/b>Mehil\u00e4isvaha<br \/>\nKookos\u00f6ljy<span class=\"Apple-converted-space\"><br \/>\n<\/span>Aloe<br \/>\nJojoba\u00f6ljy<\/p>\n<p><strong>Ei<\/strong><b><br \/>\n<\/b>Parabeenit<br \/>\nMaa\u00f6ljy<\/p>","protected":false},"excerpt":{"rendered":"<p>100% luonnollinen pitk\u00e4kestoinen hoitovoide<span class=\"Apple-converted-space\">\u00a0<\/span>huulille. V\u00e4litt\u00f6m\u00e4sti rauhoittaa ja kosteuttaa kuivia huulia.<\/p>","protected":false},"featured_media":9234,"template":"","meta":[],"product_brand":[],"product_cat":[52,85,240],"product_tag":[181,182],"class_list":{"0":"post-9233","1":"product","2":"type-product","3":"status-publish","4":"has-post-thumbnail","6":"product_cat-famous-names","7":"product_cat-dadi-lip-balm","8":"product_cat-lip-balm","9":"product_tag-huulepalsam","10":"product_tag-lip-balm","12":"first","13":"instock","14":"taxable","15":"shipping-taxable","16":"purchasable","17":"product-type-simple"},"jetpack_sharing_enabled":true,"_links":{"self":[{"href":"https:\/\/shop.bestudio.ee\/fi\/wp-json\/wp\/v2\/product\/9233","targetHints":{"allow":["GET"]}}],"collection":[{"href":"https:\/\/shop.bestudio.ee\/fi\/wp-json\/wp\/v2\/product"}],"about":[{"href":"https:\/\/shop.bestudio.ee\/fi\/wp-json\/wp\/v2\/types\/product"}],"wp:featuredmedia":[{"embeddable":true,"href":"https:\/\/shop.bestudio.ee\/fi\/wp-json\/wp\/v2\/media\/9234"}],"wp:attachment":[{"href":"https:\/\/shop.bestudio.ee\/fi\/wp-json\/wp\/v2\/media?parent=9233"}],"wp:term":[{"taxonomy":"product_brand","embeddable":true,"href":"https:\/\/shop.bestudio.ee\/fi\/wp-json\/wp\/v2\/product_brand?post=9233"},{"taxonomy":"product_cat","embeddable":true,"href":"https:\/\/shop.bestudio.ee\/fi\/wp-json\/wp\/v2\/product_cat?post=9233"},{"taxonomy":"product_tag","embeddable":true,"href":"https:\/\/shop.bestudio.ee\/fi\/wp-json\/wp\/v2\/product_tag?post=9233"}],"curies":[{"name":"wp","href":"https:\/\/api.w.org\/{rel}","templated":true}]}}