{"id":9263,"date":"2023-03-28T15:39:18","date_gmt":"2023-03-28T12:39:18","guid":{"rendered":"https:\/\/shop.bestudio.ee\/?post_type=product&#038;p=9263"},"modified":"2026-01-19T20:50:25","modified_gmt":"2026-01-19T18:50:25","slug":"perfect-blush-15ml-geltix-thixotropic-gel-gto1","status":"publish","type":"product","link":"https:\/\/shop.bestudio.ee\/fi\/tuote\/perfect-blush-15ml-geltix-thixotropic-gel-gto1\/","title":{"rendered":"Perfect Blush 15 ml, GELTIX tiksotrooppinen geeli GTO1"},"content":{"rendered":"<p lang=\"en-GB\"><strong>Geltix<\/strong><\/p>\n<p lang=\"en-GB\">Hallitse geeli\u00e4 t\u00e4ysin k\u00e4ytt\u00e4m\u00e4ll\u00e4 Makearin Geltixi\u00e4<\/p>\n<p>Tiksotropia on yksi rakennusgeelimme ominaisuuksista. T\u00e4m\u00e4 ominaisuus on niin kutsuttu &quot;nestemuisti&quot; ja se saa tuotteen toimimaan ihanteellisesti yhdess\u00e4 harjan kanssa. Lis\u00e4ksi se levi\u00e4\u00e4 kosketuksellamme \u2013 vain sinne minne haluamme. Harjaa liikutettaessa geeli muuttuu paksusta keskipaksuun. T\u00e4m\u00e4n seurauksena se on helppo levitt\u00e4\u00e4 kynnelle. Kuitenkin, kun lopetamme siveltimen kanssa ty\u00f6skentelyn, geelin rakenne muuttuu ja se pysyy paikoilleen. Kaikki n\u00e4m\u00e4 tekij\u00e4t aiheuttavat sen, ett\u00e4 meill\u00e4 ei ole Geltixi\u00e4 kynsinauhoissa. Lis\u00e4ksi, jos se on asetettu oikein, se luo ihanteellisen &quot;kynsien valolinjan&quot; ilman h\u00e4iri\u00f6it\u00e4.<\/p>\n<p lang=\"en-GB\">Se on ihanteellinen tuote ihmisille, jotka ty\u00f6skentelev\u00e4t arkistointitekniikalla ja fantasia ranskalaisella menetelm\u00e4ll\u00e4.<\/p>\n<p lang=\"en-GB\">Verrattuna muihin tiksotrooppisiin geeleihin, Geltixill\u00e4 on eritt\u00e4in paksu geelikoostumus ilman n\u00e4ille tuotteille tyypillisi\u00e4 kokkareita.<\/p>\n<p lang=\"en-GB\"><strong>Ominaisuudet:<\/strong><\/p>\n<ul>\n<li>3-vaiheinen tuote<\/li>\n<li>paksu, vaihteleva koostumus<\/li>\n<li>sis\u00e4lt\u00e4\u00e4 tiksotropiateknologiaa<\/li>\n<li>keski joustava<\/li>\n<li>t\u00e4ysin peitt\u00e4v\u00e4<\/li>\n<\/ul>\n<p lang=\"en-GB\"><strong>K\u00e4ytt\u00f6:<\/strong><\/p>\n<ul>\n<li>ei-arkistointitekniikkaa<\/li>\n<li>kynsien pidennys lomakkeella<\/li>\n<li>luonnollisen kynsilevyn vahvistaminen<\/li>\n<li>rakentaa<\/li>\n<\/ul>\n<p lang=\"en-GB\"><strong>Edut:<\/strong><\/p>\n<ul>\n<li>T\u00e4ysi hallinta tuotteeseen tiksotropiatekniikan ansiosta<\/li>\n<li>Ihanteellinen viilaamattomaan tekniikkaan<\/li>\n<li>Ihanteellinen fantasia ranskalaiseen menetelm\u00e4\u00e4n<\/li>\n<li>&quot;kynsien valolinjan&quot; luominen<\/li>\n<li>Ei levi\u00e4 kynsinauhoille<\/li>\n<\/ul>\n<ul>\n<li><strong>Tuote on yhteensopiva kaikkien manikyyrituotteiden kanssa. LED-lamput min. 48W \u2013 1min. 36 W UV-lamppu \u2013 2 min.<\/strong><\/li>\n<li><strong>MAKEAR\u2122\u00a0<\/strong>on br\u00e4ndi, joka yll\u00e4tt\u00e4\u00e4 jatkuvasti asiakkaitaan ja tekee siit\u00e4 innovaatiojohtajan.<\/li>\n<li><strong>MAKEAR\u2122\u00a0<\/strong>hybridikynsilakat on valmistettu korkealaatuisimmista komponenteista t\u00e4ytt\u00e4m\u00e4\u00e4n vaativimpien asiakkaiden odotukset.<\/li>\n<li>Syv\u00e4 v\u00e4rikyll\u00e4isyys, laajat ja vaihtelevat v\u00e4rit ja kest\u00e4vyys tekiv\u00e4t Makearista johtajan olemassa olevien tuotemerkkien joukossa.<\/li>\n<\/ul>\n<p>________________________________________________________________________<\/p>\n<p><strong>Makearin Geltix on suunniteltu ammattik\u00e4ytt\u00f6\u00f6n.<\/strong><\/p>","protected":false},"excerpt":{"rendered":"<p>15 ml<\/p>","protected":false},"featured_media":9264,"template":"","meta":[],"product_brand":[],"product_cat":[116,119,120,222,225],"product_tag":[164,149,151,150],"class_list":{"0":"post-9263","1":"product","2":"type-product","3":"status-publish","4":"has-post-thumbnail","6":"product_cat-makear","7":"product_cat-gel","8":"product_cat-geltix-thixotropic-gel","9":"product_cat-sculpting-gel-acrygel","10":"product_cat-geltix-thixotropic-gel-sculpting-gel-acrygel","11":"product_tag-ehitugeel","12":"product_tag-gel","13":"product_tag-gel-nails","14":"product_tag-kuuntegeel","16":"first","17":"instock","18":"sale","19":"taxable","20":"shipping-taxable","21":"purchasable","22":"product-type-simple"},"jetpack_sharing_enabled":true,"_links":{"self":[{"href":"https:\/\/shop.bestudio.ee\/fi\/wp-json\/wp\/v2\/product\/9263","targetHints":{"allow":["GET"]}}],"collection":[{"href":"https:\/\/shop.bestudio.ee\/fi\/wp-json\/wp\/v2\/product"}],"about":[{"href":"https:\/\/shop.bestudio.ee\/fi\/wp-json\/wp\/v2\/types\/product"}],"wp:featuredmedia":[{"embeddable":true,"href":"https:\/\/shop.bestudio.ee\/fi\/wp-json\/wp\/v2\/media\/9264"}],"wp:attachment":[{"href":"https:\/\/shop.bestudio.ee\/fi\/wp-json\/wp\/v2\/media?parent=9263"}],"wp:term":[{"taxonomy":"product_brand","embeddable":true,"href":"https:\/\/shop.bestudio.ee\/fi\/wp-json\/wp\/v2\/product_brand?post=9263"},{"taxonomy":"product_cat","embeddable":true,"href":"https:\/\/shop.bestudio.ee\/fi\/wp-json\/wp\/v2\/product_cat?post=9263"},{"taxonomy":"product_tag","embeddable":true,"href":"https:\/\/shop.bestudio.ee\/fi\/wp-json\/wp\/v2\/product_tag?post=9263"}],"curies":[{"name":"wp","href":"https:\/\/api.w.org\/{rel}","templated":true}]}}