{"id":9271,"date":"2023-03-28T16:14:10","date_gmt":"2023-03-28T13:14:10","guid":{"rendered":"https:\/\/shop.bestudio.ee\/?post_type=product&#038;p=9271"},"modified":"2025-05-14T14:01:42","modified_gmt":"2025-05-14T11:01:42","slug":"clear-mind-gelgo-15ml-gg07","status":"publish","type":"product","link":"https:\/\/shop.bestudio.ee\/fi\/tuote\/clear-mind-gelgo-15ml-gg07\/","title":{"rendered":"Clear Mind \u2013 Gel&amp;Go 15ml, GG07"},"content":{"rendered":"<section id=\"projector_longdescription\" class=\"longdescription cm\" data-dictionary=\"true\"><strong>Gel&amp;Go <\/strong>On geeli, joka on suunniteltu nopeaan salonkity\u00f6h\u00f6n. Soveltuu ihanteellisesti ty\u00f6skentelyyn tekniikalla ilman viilaamista, kynsien pident\u00e4miseen muotoon, restaurointiin ja luonnollisten kynsien vahvistamiseen. Se on kova ja siksi kest\u00e4v\u00e4 ja kest\u00e4\u00e4 vaurioita tai ulkoisia tekij\u00f6it\u00e4. Sen keskipaksu koostumus ja itsetasoittuminen helpottavat tuotteen levitt\u00e4mist\u00e4 levitt\u00e4m\u00e4tt\u00e4 kynsinauhoille, mik\u00e4 nopeuttaa ty\u00f6skentelytahtia.Gel&amp;Go on tuote, jonka ansiosta saat helposti halutun muodon kynnelle, mik\u00e4 t\u00e4rkeint\u00e4, se mahdollistaa voit kirist\u00e4\u00e4 tunnelia, joka ei laajene.<\/p>\n<p>Monitoimisuutensa ansiosta sit\u00e4 voidaan k\u00e4ytt\u00e4\u00e4 ammattimaisissa kauneushoitoloissa sek\u00e4 aloittelijoilla, jotka ovat vasta aloittamassa geelity\u00f6t\u00e4.<\/p>\n<p><strong>Ominaisuudet <\/strong><\/p>\n<ul>:<\/p>\n<li>Keskipaksu koostumus<\/li>\n<li>Itsetasoittuva<\/li>\n<li>Kovaa<\/li>\n<li>Hajuton<\/li>\n<li>pehme\u00e4 viilauksessa<\/li>\n<li>Kest\u00e4v\u00e4 ja kest\u00e4\u00e4 vaurioita<\/li>\n<li>Tilavuus: 15ml,<\/li>\n<li>Merkint\u00e4: Gel&amp;Go<\/li>\n<\/ul>\n<p><strong>Tarkoitettu: <\/strong><\/p>\n<ul>\n<li>Tekniikat ilman sahausta,<\/li>\n<li>Kynsien pidennykset muottiin,<\/li>\n<li>Lis\u00e4ykset,<\/li>\n<li>Luonnollisten kynsien vahvistaminen<\/li>\n<\/ul>\n<p><strong>K\u00e4ytt\u00f6ohjeet: <\/strong><\/p>\n<ul>\n<li>1 \u2013 Valmistele kynsi tavalliseen tapaan<\/li>\n<li>2 \u2013 Levit\u00e4 pohja tai tee geeli<\/li>\n<li>3 \u2013 Levit\u00e4 geeli\u00e4 ja saavuta haluamasi muoto<\/li>\n<li>4 \u2013 Levit\u00e4 hybridikynsilakkaa<\/li>\n<li>5 \u2013 Levit\u00e4 yl\u00e4osa hybridilakkaille<\/li>\n<\/ul>\n<ul>\n<li><strong>Tuote on yhteensopiva kaikkien manikyyrituotteiden kanssa. LED-lamput min. 48W \u2013 1min. 36 W UV-lamppu \u2013 2 min. <\/strong><\/li>\n<li><strong>MAKEAR\u2122 <\/strong>on br\u00e4ndi, joka yll\u00e4tt\u00e4\u00e4 jatkuvasti asiakkaitaan ja tekee siit\u00e4 innovaatiojohtajan.<\/li>\n<li><strong>MAKEAR\u2122 <\/strong>hybridikynsilakat on valmistettu korkealaatuisimmista komponenteista t\u00e4ytt\u00e4m\u00e4\u00e4n vaativimpien asiakkaiden odotukset.<\/li>\n<li>Syv\u00e4 v\u00e4rikyll\u00e4isyys, laajat ja vaihtelevat v\u00e4rit ja kest\u00e4vyys tekiv\u00e4t Makearista johtajan olemassa olevien tuotemerkkien joukossa.<\/li>\n<\/ul>\n<p>________________________________________________________________________<\/p>\n<p><strong>Makearin Gel&amp;Go on suunniteltu ammattik\u00e4ytt\u00f6\u00f6n. <\/strong><\/p>\n<\/section>","protected":false},"excerpt":{"rendered":"<p>15 ml<\/p>","protected":false},"featured_media":9272,"template":"","meta":[],"product_brand":[],"product_cat":[116,119,121,222,223],"product_tag":[164,149,151,150],"class_list":{"0":"post-9271","1":"product","2":"type-product","3":"status-publish","4":"has-post-thumbnail","6":"product_cat-makear","7":"product_cat-gel","8":"product_cat-gelgo","9":"product_cat-sculpting-gel-acrygel","10":"product_cat-gel-and-go","11":"product_tag-ehitugeel","12":"product_tag-gel","13":"product_tag-gel-nails","14":"product_tag-kuuntegeel","16":"first","17":"instock","18":"taxable","19":"shipping-taxable","20":"purchasable","21":"product-type-simple"},"jetpack_sharing_enabled":true,"_links":{"self":[{"href":"https:\/\/shop.bestudio.ee\/fi\/wp-json\/wp\/v2\/product\/9271","targetHints":{"allow":["GET"]}}],"collection":[{"href":"https:\/\/shop.bestudio.ee\/fi\/wp-json\/wp\/v2\/product"}],"about":[{"href":"https:\/\/shop.bestudio.ee\/fi\/wp-json\/wp\/v2\/types\/product"}],"wp:featuredmedia":[{"embeddable":true,"href":"https:\/\/shop.bestudio.ee\/fi\/wp-json\/wp\/v2\/media\/9272"}],"wp:attachment":[{"href":"https:\/\/shop.bestudio.ee\/fi\/wp-json\/wp\/v2\/media?parent=9271"}],"wp:term":[{"taxonomy":"product_brand","embeddable":true,"href":"https:\/\/shop.bestudio.ee\/fi\/wp-json\/wp\/v2\/product_brand?post=9271"},{"taxonomy":"product_cat","embeddable":true,"href":"https:\/\/shop.bestudio.ee\/fi\/wp-json\/wp\/v2\/product_cat?post=9271"},{"taxonomy":"product_tag","embeddable":true,"href":"https:\/\/shop.bestudio.ee\/fi\/wp-json\/wp\/v2\/product_tag?post=9271"}],"curies":[{"name":"wp","href":"https:\/\/api.w.org\/{rel}","templated":true}]}}