{"id":9360,"date":"2023-03-29T14:00:15","date_gmt":"2023-03-29T11:00:15","guid":{"rendered":"https:\/\/shop.bestudio.ee\/?post_type=product&#038;p=9360"},"modified":"2025-03-14T18:41:32","modified_gmt":"2025-03-14T16:41:32","slug":"top-no-wipe-8ml","status":"publish","type":"product","link":"https:\/\/shop.bestudio.ee\/fi\/tuote\/top-no-wipe-8ml\/","title":{"rendered":"Top No Wipe, 8ml"},"content":{"rendered":"<section id=\"projector_longdescription\" class=\"longdescription cm\" data-dictionary=\"true\"><strong>Yl\u00e4osa Ei pyyhki\u00e4<\/strong>Haluatko kest\u00e4vimm\u00e4n ja kauneimman kimalteen kynsiisi? Esittelemme Top No Wipe- Our Bestseller, joka osui Top-listalle.<\/p>\n<ul>\n<li>Pintamaalina k\u00e4ytetty Flexible Top ilman dispersiokerrosta takaa t\u00e4ydellisen kiillon ja kest\u00e4vyyden,<\/li>\n<li>Se suojaa v\u00e4rej\u00e4 kellastumiselta eik\u00e4 v\u00e4rj\u00e4\u00e4 v\u00e4rej\u00e4 \u2013 musta ei pinnoituksen j\u00e4lkeen muuta v\u00e4ri\u00e4\u00e4n tummansiniseksi,<\/li>\n<li>Se on tuote, joka on suunniteltu hieromaan mit\u00e4 tahansa kromi siitep\u00f6ly\u00e4 tai peiliefekti\u00e4,<\/li>\n<li>Koostumus \u2013 nestem\u00e4inen \/ itsetasoittuva,<\/li>\n<li><strong>K\u00e4ytt\u00f6tapa:<\/strong> Levit\u00e4 keskim\u00e4\u00e4r\u00e4inen m\u00e4\u00e4r\u00e4 tuotetta lempein liikkein l\u00e4hes ilmassa kynsilevylle, koveta min. 60 sek. w lampie led \/ dualed. Suosittelemme odottamaan lampusta poistamisen j\u00e4lkeen noin 15-20 sekuntia, kunnes Top j\u00e4\u00e4htyy, t\u00e4m\u00e4n ajan j\u00e4lkeen voit levitt\u00e4\u00e4 oliivi\u00f6ljy\u00e4 ja nauttia manikyyrin maksimaalisesta kest\u00e4v\u00e4st\u00e4 vaikutuksesta,<\/li>\n<li>Tilavuus: 8 ml,<\/li>\n<li>Merkint\u00e4: TNW.<\/li>\n<\/ul>\n<p>LED-lamppu min. 48W \u2013 1min. UV 36W lamppu \u2013 2min.<\/p>\n<ul>\n<li><strong>MAKEAR\u2122 <\/strong>on br\u00e4ndi, joka yll\u00e4tt\u00e4\u00e4 jatkuvasti asiakkaitaan ja tekee siit\u00e4 innovaatiojohtajan.<\/li>\n<li><strong>MAKEAR\u2122 <\/strong>hybridikynsilakat on valmistettu korkealaatuisimmista komponenteista t\u00e4ytt\u00e4m\u00e4\u00e4n vaativimpien asiakkaiden odotukset.<\/li>\n<li>Syv\u00e4 v\u00e4rikyll\u00e4isyys, laajat ja monipuoliset v\u00e4rit sek\u00e4 kest\u00e4vyys tekiv\u00e4t Makearista johtajan olemassa olevien tuotemerkkien joukossa.<\/li>\n<\/ul>\n<p>________________________________________________________________________<\/p>\n<p><strong>Makearin hybridikynsilakat on tarkoitettu ammattik\u00e4ytt\u00f6\u00f6n.<\/strong><\/p>\n<\/section>","protected":false},"excerpt":{"rendered":"<p>8 ml<\/p>","protected":false},"featured_media":9361,"template":"","meta":[],"product_brand":[],"product_cat":[116,219,228,118],"product_tag":[163,162],"class_list":{"0":"post-9360","1":"product","2":"type-product","3":"status-publish","4":"has-post-thumbnail","6":"product_cat-makear","7":"product_cat-base-and-top-coat","8":"product_cat-clear-base-and-top-coat","9":"product_cat-top-cover","10":"product_tag-pealislakk","11":"product_tag-top-coat","13":"first","14":"instock","15":"taxable","16":"shipping-taxable","17":"purchasable","18":"product-type-simple"},"jetpack_sharing_enabled":true,"_links":{"self":[{"href":"https:\/\/shop.bestudio.ee\/fi\/wp-json\/wp\/v2\/product\/9360","targetHints":{"allow":["GET"]}}],"collection":[{"href":"https:\/\/shop.bestudio.ee\/fi\/wp-json\/wp\/v2\/product"}],"about":[{"href":"https:\/\/shop.bestudio.ee\/fi\/wp-json\/wp\/v2\/types\/product"}],"wp:featuredmedia":[{"embeddable":true,"href":"https:\/\/shop.bestudio.ee\/fi\/wp-json\/wp\/v2\/media\/9361"}],"wp:attachment":[{"href":"https:\/\/shop.bestudio.ee\/fi\/wp-json\/wp\/v2\/media?parent=9360"}],"wp:term":[{"taxonomy":"product_brand","embeddable":true,"href":"https:\/\/shop.bestudio.ee\/fi\/wp-json\/wp\/v2\/product_brand?post=9360"},{"taxonomy":"product_cat","embeddable":true,"href":"https:\/\/shop.bestudio.ee\/fi\/wp-json\/wp\/v2\/product_cat?post=9360"},{"taxonomy":"product_tag","embeddable":true,"href":"https:\/\/shop.bestudio.ee\/fi\/wp-json\/wp\/v2\/product_tag?post=9360"}],"curies":[{"name":"wp","href":"https:\/\/api.w.org\/{rel}","templated":true}]}}