{"id":9362,"date":"2023-03-29T14:14:44","date_gmt":"2023-03-29T11:14:44","guid":{"rendered":"https:\/\/shop.bestudio.ee\/?post_type=product&#038;p=9362"},"modified":"2025-02-13T23:43:51","modified_gmt":"2025-02-13T21:43:51","slug":"base-coat-8ml","status":"publish","type":"product","link":"https:\/\/shop.bestudio.ee\/fi\/tuote\/base-coat-8ml\/","title":{"rendered":"Base Coat, 8ml"},"content":{"rendered":"<section id=\"projector_longdescription\" class=\"longdescription cm\" data-dictionary=\"true\"><strong>Pohjapinnoite <\/strong>Klassinen hybridipohja, jota voidaan k\u00e4ytt\u00e4\u00e4 rakennusalustojen tai geelin tarttuvuutta lis\u00e4\u00e4v\u00e4n\u00e4 tuotteena. Hybridimaikyyrin v\u00e4ltt\u00e4m\u00e4t\u00f6n elementti.<\/p>\n<ul>\n<li>Ominaisuudet: pohjamaalina. Suosittelemme sen k\u00e4ytt\u00f6\u00e4 hybridiv\u00e4rin, Builder Basen sek\u00e4 geelimassan alla. Oikein k\u00e4sitellylle kynnelle levitettyn\u00e4 se tarjoaa t\u00e4ydellisen tarttuvuuden ja pitk\u00e4kestoisen muotoilun.<\/li>\n<li>Ei vaadi pohjamaalia,<\/li>\n<li>Koostumus: ohut \/ itsetasoittuva,<\/li>\n<li><strong>Kuinka k\u00e4ytt\u00e4\u00e4: <\/strong>maalaa ohut kerros hybridin alle, hiero levyyn siveltimell\u00e4 geelimassan alla ja koveta 60 sekuntia led\/dual led lampussa,<\/li>\n<li>Ei vaadi pesua ennen toisen tuotteen levitt\u00e4mist\u00e4,<\/li>\n<li>Tilavuus: 8 ml,<\/li>\n<li>Merkint\u00e4: B<\/li>\n<\/ul>\n<p>LED-lamppu min. 48W \u2013 1min. 36 W UV-lamppu \u2013 2 min.<\/p>\n<ul>\n<li><strong>MAKEAR\u2122 <\/strong>on br\u00e4ndi, joka yll\u00e4tt\u00e4\u00e4 jatkuvasti asiakkaitaan ja tekee siit\u00e4 innovaatiojohtajan.<\/li>\n<li><strong>MAKEAR\u2122 <\/strong>hybridikynsilakat on valmistettu korkealaatuisimmista komponenteista t\u00e4ytt\u00e4m\u00e4\u00e4n vaativimpien asiakkaiden odotukset.<\/li>\n<li>Syv\u00e4 v\u00e4rikyll\u00e4isyys, laajat ja vaihtelevat v\u00e4rit ja kest\u00e4vyys tekiv\u00e4t Makearista johtajan olemassa olevien tuotemerkkien joukossa.<\/li>\n<\/ul>\n<p>________________________________________________________________________<\/p>\n<p><strong>Makearin Base Coat on ammattik\u00e4ytt\u00f6\u00f6n.<\/strong><\/p>\n<p>&nbsp;<\/p>\n<p>AINESOSAT: POLYURETAANIAKRYLIHARTSI, HEMA, TRIMETYLIBENTSOYLIDIFENYYLIFOSFIINIOKSIDI, HYDROKSYSYKLOHEKSYLIFENYLIKETONI, BIS(METAKRYLOYLOKSYETYYLI)FOSFAATTI.<\/p>\n<\/section>","protected":false},"excerpt":{"rendered":"<p>8 ml<\/p>","protected":false},"featured_media":9363,"template":"","meta":[],"product_brand":[],"product_cat":[116,219,228,117,136],"product_tag":[179,180],"class_list":{"0":"post-9362","1":"product","2":"type-product","3":"status-publish","4":"has-post-thumbnail","6":"product_cat-makear","7":"product_cat-base-and-top-coat","8":"product_cat-clear-base-and-top-coat","9":"product_cat-base","10":"product_cat-base-clear","11":"product_tag-kuunte-aluslakk","12":"product_tag-nail-base-coat","14":"first","15":"instock","16":"taxable","17":"shipping-taxable","18":"purchasable","19":"product-type-simple"},"jetpack_sharing_enabled":true,"_links":{"self":[{"href":"https:\/\/shop.bestudio.ee\/fi\/wp-json\/wp\/v2\/product\/9362","targetHints":{"allow":["GET"]}}],"collection":[{"href":"https:\/\/shop.bestudio.ee\/fi\/wp-json\/wp\/v2\/product"}],"about":[{"href":"https:\/\/shop.bestudio.ee\/fi\/wp-json\/wp\/v2\/types\/product"}],"wp:featuredmedia":[{"embeddable":true,"href":"https:\/\/shop.bestudio.ee\/fi\/wp-json\/wp\/v2\/media\/9363"}],"wp:attachment":[{"href":"https:\/\/shop.bestudio.ee\/fi\/wp-json\/wp\/v2\/media?parent=9362"}],"wp:term":[{"taxonomy":"product_brand","embeddable":true,"href":"https:\/\/shop.bestudio.ee\/fi\/wp-json\/wp\/v2\/product_brand?post=9362"},{"taxonomy":"product_cat","embeddable":true,"href":"https:\/\/shop.bestudio.ee\/fi\/wp-json\/wp\/v2\/product_cat?post=9362"},{"taxonomy":"product_tag","embeddable":true,"href":"https:\/\/shop.bestudio.ee\/fi\/wp-json\/wp\/v2\/product_tag?post=9362"}],"curies":[{"name":"wp","href":"https:\/\/api.w.org\/{rel}","templated":true}]}}