{"id":9381,"date":"2023-04-05T21:11:56","date_gmt":"2023-04-05T18:11:56","guid":{"rendered":"https:\/\/shop.bestudio.ee\/?post_type=product&#038;p=9381"},"modified":"2025-12-01T00:41:39","modified_gmt":"2025-11-30T22:41:39","slug":"builder-base-clear-8ml","status":"publish","type":"product","link":"https:\/\/shop.bestudio.ee\/fi\/tuote\/builder-base-clear-8ml\/","title":{"rendered":"Kirkas Builder Base, 8ml"},"content":{"rendered":"<p>8 ml,<\/p>\n<p>AINESOSAT: AKRYLAATIT KOPOLYMERI, HEMA, ISOBORNYYLIMETAKRYLAATTI, HYDROKSISYKLOHEKSYLIFENYLIKETONI, TRIMETYLIBENTSOYLIDIFENYYLIFOSFIINIOKSIDI, +\/-: CI 45410, CI 45410, CI 15410, CI 15815774 510, CI 77499, CI 77891, CI 77288.<\/p>","protected":false},"excerpt":{"rendered":"<p><strong>Builder Base Kirkas <\/strong><\/p>\n<p>Universaali l\u00e4pin\u00e4kyv\u00e4 pohja, joka vahvistaa t\u00e4ydellisesti luonnollista kynsilevy\u00e4 ja valmistelee sen v\u00e4rin levitt\u00e4miseen.<\/p>\n<ul>\n<li>Ominaisuudet: kova, l\u00e4pin\u00e4kyv\u00e4 rakennusalusta,<\/li>\n<li>Soveltuu ihanteellisesti luonnollisen laatan kovettamiseen ja mekaanisilta vaurioilta suojaavan kaaren rakentamiseen,<\/li>\n<li>Koostumus: tihe\u00e4 \/ itsetasoittuva,<\/li>\n<li><strong>Kuinka k\u00e4ytt\u00e4\u00e4: <\/strong>Suosittelemme k\u00e4ytt\u00f6\u00e4 aiemmin kovetetulla klassisella &quot;Base&quot;-pohjalla. Kovetamme v\u00e4hint\u00e4\u00e4n 60 sekuntia led-\/kaksoislampussa. Ei vaadi pyyhkimist\u00e4 ennen v\u00e4rin levitt\u00e4mist\u00e4,<\/li>\n<li>Tilavuus: 8 ml,<\/li>\n<li>Merkint\u00e4: BB Clear<\/li>\n<\/ul>\n<p>LED-lamppu min. 24W \u2013 1 min. 36 W UV-lamppu \u2013 2 min.<\/p>\n<ul>\n<li><strong>MAKEAR\u2122 <\/strong>on br\u00e4ndi, joka yll\u00e4tt\u00e4\u00e4 jatkuvasti asiakkaitaan ja tekee siit\u00e4 innovaatiojohtajan.<\/li>\n<li><strong>MAKEAR\u2122 <\/strong>hybridikynsilakat on valmistettu korkealaatuisimmista komponenteista t\u00e4ytt\u00e4m\u00e4\u00e4n vaativimpien asiakkaiden odotukset.<\/li>\n<li>Syv\u00e4 v\u00e4rikyll\u00e4isyys, laajat ja vaihtelevat v\u00e4rit ja kest\u00e4vyys tekiv\u00e4t Makearista johtajan olemassa olevien tuotemerkkien joukossa.<\/li>\n<\/ul>\n<p>________________________________________________________________________<\/p>\n<p><strong>Builder Base Clear Makear on tarkoitettu ammattik\u00e4ytt\u00f6\u00f6n.<\/strong><\/p>","protected":false},"featured_media":9382,"template":"","meta":[],"product_brand":[],"product_cat":[116,219,228,117,136,232],"product_tag":[157,156],"class_list":{"0":"post-9381","1":"product","2":"type-product","3":"status-publish","4":"has-post-thumbnail","6":"product_cat-makear","7":"product_cat-base-and-top-coat","8":"product_cat-clear-base-and-top-coat","9":"product_cat-base","10":"product_cat-base-clear","11":"product_cat-builder-base-coat","12":"product_tag-bulder-base","13":"product_tag-ehitusbaas","15":"first","16":"instock","17":"taxable","18":"shipping-taxable","19":"purchasable","20":"product-type-simple"},"jetpack_sharing_enabled":true,"_links":{"self":[{"href":"https:\/\/shop.bestudio.ee\/fi\/wp-json\/wp\/v2\/product\/9381","targetHints":{"allow":["GET"]}}],"collection":[{"href":"https:\/\/shop.bestudio.ee\/fi\/wp-json\/wp\/v2\/product"}],"about":[{"href":"https:\/\/shop.bestudio.ee\/fi\/wp-json\/wp\/v2\/types\/product"}],"wp:featuredmedia":[{"embeddable":true,"href":"https:\/\/shop.bestudio.ee\/fi\/wp-json\/wp\/v2\/media\/9382"}],"wp:attachment":[{"href":"https:\/\/shop.bestudio.ee\/fi\/wp-json\/wp\/v2\/media?parent=9381"}],"wp:term":[{"taxonomy":"product_brand","embeddable":true,"href":"https:\/\/shop.bestudio.ee\/fi\/wp-json\/wp\/v2\/product_brand?post=9381"},{"taxonomy":"product_cat","embeddable":true,"href":"https:\/\/shop.bestudio.ee\/fi\/wp-json\/wp\/v2\/product_cat?post=9381"},{"taxonomy":"product_tag","embeddable":true,"href":"https:\/\/shop.bestudio.ee\/fi\/wp-json\/wp\/v2\/product_tag?post=9381"}],"curies":[{"name":"wp","href":"https:\/\/api.w.org\/{rel}","templated":true}]}}