{"id":9383,"date":"2023-04-05T18:19:08","date_gmt":"2023-04-05T18:19:08","guid":{"rendered":"https:\/\/shop.bestudio.ee\/?post_type=product&#038;p=9383"},"modified":"2025-12-01T00:42:00","modified_gmt":"2025-11-30T22:42:00","slug":"builder-base-cover","status":"publish","type":"product","link":"https:\/\/shop.bestudio.ee\/fi\/tuote\/builder-base-cover\/","title":{"rendered":"Builder Base Cover, 8ml"},"content":{"rendered":"<p>8 ml,<\/p>\n<p>AINESOSAT: AKRYLAATIT KOPOLYMERI, HEMA, ISOBORNYYLIMETAKRYLAATTI, HYDROKSISYKLOHEKSYLIFENYLIKETONI, TRIMETYLIBENTSOYLIDIFENYYLIFOSFIINIOKSIDI, +\/-: CI 45410, CI 15819CI7474,58190774 10, CI 77499, CI 77891, CI 77288.<\/p>","protected":false},"excerpt":{"rendered":"<p><strong>Builderin pohjan kansi <\/strong><\/p>\n<p>Pohja, jossa on universaali l\u00e4mmin beigen s\u00e4vy 100%-peitolla. K\u00e4yt\u00e4 sit\u00e4 v\u00e4rin pohjana tai j\u00e4t\u00e4 luonnollinen ilme. Tuote sopii t\u00e4ydellisesti ranskalaiselle tai suurelle ik\u00e4luokalle. Sen miellytt\u00e4v\u00e4 rakenne ei ole ongelma edes aloitteleville stylisteille.<\/p>\n<ul>\n<li>V\u00e4ri: L\u00e4mmin Nude-s\u00e4vy,<\/li>\n<li>Opasiteetti: 100%,<\/li>\n<li>T\u00e4ydellinen ep\u00e4t\u00e4ydellisyyksien peitt\u00e4miseen,<\/li>\n<li>T\u00e4ydellinen ranskalaisena muotoilun meikkivoiteena,<\/li>\n<li>T\u00e4ll\u00e4 tuotteella voit helposti t\u00e4ydent\u00e4\u00e4 geelin kasvua,<\/li>\n<li>Pohjaa voidaan pident\u00e4\u00e4 varovasti. Enint\u00e4\u00e4n 1 laatta,<\/li>\n<li>Ominaisuudet: kova rakennuspohja,<\/li>\n<li>Soveltuu ihanteellisesti luonnollisen laatan kovettamiseen ja mekaanisilta vaurioilta suojaavan kaaren rakentamiseen,<\/li>\n<li>Koostumus: keskitihe\u00e4 \/ itsetasoittuva,<\/li>\n<li>Tilavuus: 8 ml,<\/li>\n<li>Merkint\u00e4: BB Cover,<\/li>\n<\/ul>\n<p>LED-lamppu min. 48W \u2013 1min. 36 W UV-lamppu \u2013 2 min.<\/p>\n<ul>\n<li><strong>Kuinka k\u00e4ytt\u00e4\u00e4: <\/strong>suosittelemme k\u00e4ytt\u00f6\u00e4 aiemmin kovetetulla klassisella pohjalla &quot;Base&quot;. Kovetamme v\u00e4hint\u00e4\u00e4n 60 sekuntia led-\/kaksoislampussa. Se ei vaadi pyyhkimist\u00e4 ennen v\u00e4rin levitt\u00e4mist\u00e4,<\/li>\n<\/ul>\n<p>________________________________________________________________________<\/p>\n<ul>\n<li><strong>MAKEAR\u2122 <\/strong>on br\u00e4ndi, joka yll\u00e4tt\u00e4\u00e4 jatkuvasti asiakkaitaan, mink\u00e4 ansiosta siit\u00e4 on tullut innovaatiojohtaja.<\/li>\n<li><strong>MAKEAR\u2122 <\/strong>hybridikynsilakat on valmistettu korkealaatuisimmista komponenteista t\u00e4ytt\u00e4m\u00e4\u00e4n vaativimpien asiakkaiden odotukset.<\/li>\n<li>Syv\u00e4 v\u00e4rikyll\u00e4isyys, laajat ja vaihtelevat v\u00e4rit ja kest\u00e4vyys tekiv\u00e4t Makearista johtajan olemassa olevien tuotemerkkien joukossa.<\/li>\n<\/ul>\n<p>________________________________________________________________________<\/p>\n<p><strong>Builder Base Cover Makear on tarkoitettu ammattik\u00e4ytt\u00f6\u00f6n.<\/strong><\/p>","protected":false},"featured_media":9384,"template":"","meta":[],"product_brand":[],"product_cat":[116,219,117,130,232,220],"product_tag":[157,156],"class_list":{"0":"post-9383","1":"product","2":"type-product","3":"status-publish","4":"has-post-thumbnail","6":"product_cat-makear","7":"product_cat-base-and-top-coat","8":"product_cat-base","9":"product_cat-builder-base-nude","10":"product_cat-builder-base-coat","11":"product_cat-colourful-base-coat","12":"product_tag-bulder-base","13":"product_tag-ehitusbaas","15":"first","16":"instock","17":"taxable","18":"shipping-taxable","19":"purchasable","20":"product-type-simple"},"jetpack_sharing_enabled":true,"_links":{"self":[{"href":"https:\/\/shop.bestudio.ee\/fi\/wp-json\/wp\/v2\/product\/9383","targetHints":{"allow":["GET"]}}],"collection":[{"href":"https:\/\/shop.bestudio.ee\/fi\/wp-json\/wp\/v2\/product"}],"about":[{"href":"https:\/\/shop.bestudio.ee\/fi\/wp-json\/wp\/v2\/types\/product"}],"wp:featuredmedia":[{"embeddable":true,"href":"https:\/\/shop.bestudio.ee\/fi\/wp-json\/wp\/v2\/media\/9384"}],"wp:attachment":[{"href":"https:\/\/shop.bestudio.ee\/fi\/wp-json\/wp\/v2\/media?parent=9383"}],"wp:term":[{"taxonomy":"product_brand","embeddable":true,"href":"https:\/\/shop.bestudio.ee\/fi\/wp-json\/wp\/v2\/product_brand?post=9383"},{"taxonomy":"product_cat","embeddable":true,"href":"https:\/\/shop.bestudio.ee\/fi\/wp-json\/wp\/v2\/product_cat?post=9383"},{"taxonomy":"product_tag","embeddable":true,"href":"https:\/\/shop.bestudio.ee\/fi\/wp-json\/wp\/v2\/product_tag?post=9383"}],"curies":[{"name":"wp","href":"https:\/\/api.w.org\/{rel}","templated":true}]}}