{"id":9385,"date":"2023-04-05T18:32:54","date_gmt":"2023-04-05T18:32:54","guid":{"rendered":"https:\/\/shop.bestudio.ee\/?post_type=product&#038;p=9385"},"modified":"2025-12-01T00:41:50","modified_gmt":"2025-11-30T22:41:50","slug":"builder-base-milky","status":"publish","type":"product","link":"https:\/\/shop.bestudio.ee\/fi\/tuote\/builder-base-milky\/","title":{"rendered":"Bulder Base Milky, 8ml"},"content":{"rendered":"<p>8 ml,<\/p>\n<p>AINESOSAT: AKRYLAATIT KOPOLYMERI, HEMA, ISOBORNYYLIMETAKRYLAATTI, HYDROKSISYKLOHEKSYLIFENYLIKETONI, TRIMETYLIBENTSOYLIDIFENYYLIFOSFIINIOKSIDI, +\/-: CI 45410, CI 45410, CI 15410, CI 15815774 510, CI 77499, CI 77891, CI 77288.<\/p>","protected":false},"excerpt":{"rendered":"<p><strong>Builder Base Milky <\/strong><\/p>\n<p>Oletko herkkien ja luonnollisten tyylien yst\u00e4v\u00e4? Jos n\u00e4in on, BB Milky Base vastaa t\u00e4ysin odotuksiasi. Base-tuotteemme k\u00e4ytt\u00f6 ei vaadi v\u00e4rillist\u00e4 levityst\u00e4, koska sen kaunis maitomainen v\u00e4ri n\u00e4ytt\u00e4\u00e4 upealta vain Top No Wipe -pinnoitteena.<\/p>\n<ul>\n<li>V\u00e4ri: maidonvalkoinen,<\/li>\n<li>Opasiteetti: 70%,<\/li>\n<li>T\u00e4ydellinen t\u00e4ydent\u00e4m\u00e4\u00e4n geelin kasvua.<\/li>\n<li>Ominaisuudet: kova, rakentajapohja. Soveltuu ihanteellisesti luonnollisen laatan kovettamiseen ja mekaanisilta vaurioilta suojaavan kaaren rakentamiseen,<\/li>\n<li>Koostumus: tihe\u00e4 \/ itsetasoittuva,<\/li>\n<li><strong>Kuinka k\u00e4ytt\u00e4\u00e4: <\/strong>suosittelemme k\u00e4ytt\u00f6\u00e4 aiemmin kovetetulla klassisella pohjalla &quot;Base&quot;. Kovetamme v\u00e4hint\u00e4\u00e4n 60 sekuntia led-\/kaksoislampussa. Se ei vaadi pyyhkimist\u00e4 ennen v\u00e4rin levitt\u00e4mist\u00e4,<\/li>\n<li>Tilavuus: 8 ml,<\/li>\n<li>Br\u00e4nd\u00e4ys BB Milky,<\/li>\n<\/ul>\n<p>LED-lamppu min. 48W \u2013 1min. 36 W UV-lamppu \u2013 2 min.<\/p>\n<ul>\n<li><strong>MAKEAR\u2122 <\/strong>on br\u00e4ndi, joka yll\u00e4tt\u00e4\u00e4 jatkuvasti asiakkaitaan ja tekee siit\u00e4 innovaatiojohtajan.<\/li>\n<li><strong>MAKEAR\u2122 <\/strong>hybridikynsilakat on valmistettu korkealaatuisimmista komponenteista t\u00e4ytt\u00e4m\u00e4\u00e4n vaativimpien asiakkaiden odotukset.<\/li>\n<li>Syv\u00e4 v\u00e4rikyll\u00e4isyys, laajat ja vaihtelevat v\u00e4rit ja kest\u00e4vyys tekiv\u00e4t Makearista johtajan olemassa olevien tuotemerkkien joukossa.<\/li>\n<\/ul>\n<p>________________________________________________________________________<\/p>\n<p><strong>Builder Base Milky Makear on tarkoitettu ammattik\u00e4ytt\u00f6\u00f6n.<\/strong><\/p>","protected":false},"featured_media":9386,"template":"","meta":[],"product_brand":[],"product_cat":[116,219,117,130,232,220],"product_tag":[157,156],"class_list":{"0":"post-9385","1":"product","2":"type-product","3":"status-publish","4":"has-post-thumbnail","6":"product_cat-makear","7":"product_cat-base-and-top-coat","8":"product_cat-base","9":"product_cat-builder-base-nude","10":"product_cat-builder-base-coat","11":"product_cat-colourful-base-coat","12":"product_tag-bulder-base","13":"product_tag-ehitusbaas","15":"first","16":"instock","17":"taxable","18":"shipping-taxable","19":"purchasable","20":"product-type-simple"},"jetpack_sharing_enabled":true,"_links":{"self":[{"href":"https:\/\/shop.bestudio.ee\/fi\/wp-json\/wp\/v2\/product\/9385","targetHints":{"allow":["GET"]}}],"collection":[{"href":"https:\/\/shop.bestudio.ee\/fi\/wp-json\/wp\/v2\/product"}],"about":[{"href":"https:\/\/shop.bestudio.ee\/fi\/wp-json\/wp\/v2\/types\/product"}],"wp:featuredmedia":[{"embeddable":true,"href":"https:\/\/shop.bestudio.ee\/fi\/wp-json\/wp\/v2\/media\/9386"}],"wp:attachment":[{"href":"https:\/\/shop.bestudio.ee\/fi\/wp-json\/wp\/v2\/media?parent=9385"}],"wp:term":[{"taxonomy":"product_brand","embeddable":true,"href":"https:\/\/shop.bestudio.ee\/fi\/wp-json\/wp\/v2\/product_brand?post=9385"},{"taxonomy":"product_cat","embeddable":true,"href":"https:\/\/shop.bestudio.ee\/fi\/wp-json\/wp\/v2\/product_cat?post=9385"},{"taxonomy":"product_tag","embeddable":true,"href":"https:\/\/shop.bestudio.ee\/fi\/wp-json\/wp\/v2\/product_tag?post=9385"}],"curies":[{"name":"wp","href":"https:\/\/api.w.org\/{rel}","templated":true}]}}