{"id":9568,"date":"2023-05-25T21:50:34","date_gmt":"2023-05-25T21:50:34","guid":{"rendered":"https:\/\/shop.bestudio.ee\/?post_type=product&#038;p=9568"},"modified":"2026-01-19T20:53:34","modified_gmt":"2026-01-19T18:53:34","slug":"404-uv-gel-polish-glossy-8ml","status":"publish","type":"product","link":"https:\/\/shop.bestudio.ee\/fi\/tuote\/404-uv-gel-polish-glossy-8ml\/","title":{"rendered":"404 UV-geelilakka \u2013 kiilt\u00e4v\u00e4, 8 ml"},"content":{"rendered":"<p>8 ml,<\/p>\n<p>Palaa 90-luvulle ja n\u00e4yt\u00e4 se kynsill\u00e4si! Luo oma &quot;GLOSSY&quot; Nails - moderni retrohenkinen manikyyri.<\/p>\n<p>Tyylitrendit palaavat ja saavat inspiraation vanhoista ajoista. MAKEAR on aina ajan tasalla. T\u00e4m\u00e4n seurauksena esittelemme uuden geelilakan, joka on saanut inspiraationsa ikonisesta huulikiilosta, jonka sis\u00e4ll\u00e4 on herkk\u00e4\u00e4 glitteri\u00e4. Se v\u00e4lkkyy moniv\u00e4risist\u00e4 tahroista 90-luvulta!<\/p>\n<p>GLOSSY-kokoelma \u2013 4 erilaista geelilakkausta irisoivalla efektill\u00e4 \u2013 v\u00e4rej\u00e4 vaihdellaan valotyypin mukaan. Geelilakka on hieman l\u00e4pin\u00e4kyv\u00e4\u00e4. Voit luoda useita kynsityylej\u00e4 mielialaasi riippuen, eik\u00e4 sill\u00e4 ole v\u00e4li\u00e4, millaisia pohja- tai geelej\u00e4 tyyliteluissa k\u00e4ytet\u00e4\u00e4n.<\/p>\n<p>Geelilakkaus by <strong>MAKEAR<\/strong> on tae kest\u00e4vyydest\u00e4 ja luotettavuudesta. Kermainen koostumus, korkea pigmentti ja t\u00e4ydellisesti muotoiltu sivellin tekev\u00e4t ty\u00f6st\u00e4si helpompaa ja nopeampaa. Koska valikoimassamme on yli 300 v\u00e4ri\u00e4, voimme olla varmoja, ett\u00e4 voimme tyydytt\u00e4\u00e4 monia asiakkaita.<\/p>\n<ul>\n<li>Itsetasoittuva<\/li>\n<li>Eritt\u00e4in pigmentoitunut \u2013 100% peitto<\/li>\n<li>Koostumus kermainen ja keskipaksu<\/li>\n<li>V\u00e4rit eiv\u00e4t j\u00e4t\u00e4 raitoja<\/li>\n<li>T\u00e4ydellisen muotoinen sivellin<\/li>\n<li>Todellinen v\u00e4ri n\u00e4kyy korkissa<\/li>\n<li>Gel Polish on pakattu pieneen pahvilaatikkoon, joka varmistaa geelilakan turvallisen kuljetuksen<\/li>\n<li>Tilavuus: 8 ml<\/li>\n<li>\u00a0LED-lamppu min 48W \u2013 1min ; UV-lamppu 36W \u2013 2min<\/li>\n<\/ul>\n<p>*V\u00e4ritestauslaitteen v\u00e4rit voivat poiketa hieman todellisuudessa n\u00e4kyv\u00e4st\u00e4 v\u00e4rist\u00e4.<\/p>","protected":false},"excerpt":{"rendered":"<p>Palaa 90-luvulle ja n\u00e4yt\u00e4 se kynsill\u00e4si! Luo oma &quot;GLOSSY&quot; Nails - moderni retrohenkinen manikyyri.<\/p>","protected":false},"featured_media":9569,"template":"","meta":[],"product_brand":[],"product_cat":[116,131,133,218,247],"product_tag":[152,153],"class_list":{"0":"post-9568","1":"product","2":"type-product","3":"status-publish","4":"has-post-thumbnail","6":"product_cat-makear","7":"product_cat-gel-polishes-makear","8":"product_cat-glossy","9":"product_cat-nail-gel-polishes","10":"product_cat-glossy-nail-gel-polishes","11":"product_tag-geellakk","12":"product_tag-gel-polish","14":"first","15":"instock","16":"taxable","17":"shipping-taxable","18":"purchasable","19":"product-type-simple"},"jetpack_sharing_enabled":true,"_links":{"self":[{"href":"https:\/\/shop.bestudio.ee\/fi\/wp-json\/wp\/v2\/product\/9568","targetHints":{"allow":["GET"]}}],"collection":[{"href":"https:\/\/shop.bestudio.ee\/fi\/wp-json\/wp\/v2\/product"}],"about":[{"href":"https:\/\/shop.bestudio.ee\/fi\/wp-json\/wp\/v2\/types\/product"}],"wp:featuredmedia":[{"embeddable":true,"href":"https:\/\/shop.bestudio.ee\/fi\/wp-json\/wp\/v2\/media\/9569"}],"wp:attachment":[{"href":"https:\/\/shop.bestudio.ee\/fi\/wp-json\/wp\/v2\/media?parent=9568"}],"wp:term":[{"taxonomy":"product_brand","embeddable":true,"href":"https:\/\/shop.bestudio.ee\/fi\/wp-json\/wp\/v2\/product_brand?post=9568"},{"taxonomy":"product_cat","embeddable":true,"href":"https:\/\/shop.bestudio.ee\/fi\/wp-json\/wp\/v2\/product_cat?post=9568"},{"taxonomy":"product_tag","embeddable":true,"href":"https:\/\/shop.bestudio.ee\/fi\/wp-json\/wp\/v2\/product_tag?post=9568"}],"curies":[{"name":"wp","href":"https:\/\/api.w.org\/{rel}","templated":true}]}}