{"id":9576,"date":"2023-05-26T12:20:31","date_gmt":"2023-05-26T12:20:31","guid":{"rendered":"https:\/\/shop.bestudio.ee\/?post_type=product&#038;p=9576"},"modified":"2026-01-19T20:21:57","modified_gmt":"2026-01-19T18:21:57","slug":"cleaner-500ml","status":"publish","type":"product","link":"https:\/\/shop.bestudio.ee\/fi\/tuote\/cleaner-500ml\/","title":{"rendered":"Puhdistusaine, 500ml"},"content":{"rendered":"<p>Puhdistaja<\/p>\n<p>Ammattimainen puhdistus- ja rasvanpoistoneste Poistaa tehokkaasti kaiken rasvan kynsist\u00e4 tai k\u00e4rkilevyst\u00e4<\/p>\n<p>Tilavuus: 500ml<\/p>","protected":false},"excerpt":{"rendered":"<p>MAKEAR\u2122 on br\u00e4ndi, joka yll\u00e4tt\u00e4\u00e4 jatkuvasti asiakkaitaan ja on siten noussut innovaatioiden johtajaksi.<br \/>\nMAKEAR\u2122 Gel Polish valmistetaan parhaista raaka-aineista, jotta ne t\u00e4ytt\u00e4isiv\u00e4t asiakkaidemme odotukset, my\u00f6s todella vaativien.<br \/>\nSyv\u00e4 v\u00e4rikyll\u00e4isyys, laaja v\u00e4rivalikoima ja kest\u00e4vyys ovat tehneet MAKEARista kynsiteollisuuden johtajan.<\/p>\n<hr \/>\n<p>Puhdistusaine on tarkoitettu ammattik\u00e4ytt\u00f6\u00f6n.<\/p>","protected":false},"featured_media":9577,"template":"","meta":[],"product_brand":[],"product_cat":[116,134,227],"product_tag":[174,173],"class_list":{"0":"post-9576","1":"product","2":"type-product","3":"status-publish","4":"has-post-thumbnail","6":"product_cat-makear","7":"product_cat-professional-liquids","8":"product_cat-liquids-and-prep","9":"product_tag-cleaner","10":"product_tag-koristaja","12":"first","13":"instock","14":"taxable","15":"shipping-taxable","16":"purchasable","17":"product-type-simple"},"jetpack_sharing_enabled":true,"_links":{"self":[{"href":"https:\/\/shop.bestudio.ee\/fi\/wp-json\/wp\/v2\/product\/9576","targetHints":{"allow":["GET"]}}],"collection":[{"href":"https:\/\/shop.bestudio.ee\/fi\/wp-json\/wp\/v2\/product"}],"about":[{"href":"https:\/\/shop.bestudio.ee\/fi\/wp-json\/wp\/v2\/types\/product"}],"wp:featuredmedia":[{"embeddable":true,"href":"https:\/\/shop.bestudio.ee\/fi\/wp-json\/wp\/v2\/media\/9577"}],"wp:attachment":[{"href":"https:\/\/shop.bestudio.ee\/fi\/wp-json\/wp\/v2\/media?parent=9576"}],"wp:term":[{"taxonomy":"product_brand","embeddable":true,"href":"https:\/\/shop.bestudio.ee\/fi\/wp-json\/wp\/v2\/product_brand?post=9576"},{"taxonomy":"product_cat","embeddable":true,"href":"https:\/\/shop.bestudio.ee\/fi\/wp-json\/wp\/v2\/product_cat?post=9576"},{"taxonomy":"product_tag","embeddable":true,"href":"https:\/\/shop.bestudio.ee\/fi\/wp-json\/wp\/v2\/product_tag?post=9576"}],"curies":[{"name":"wp","href":"https:\/\/api.w.org\/{rel}","templated":true}]}}