{"id":9602,"date":"2023-05-26T13:01:45","date_gmt":"2023-05-26T13:01:45","guid":{"rendered":"https:\/\/shop.bestudio.ee\/?post_type=product&#038;p=9602"},"modified":"2024-02-08T15:28:24","modified_gmt":"2024-02-08T15:28:24","slug":"makeart-gold-5ml","status":"publish","type":"product","link":"https:\/\/shop.bestudio.ee\/fi\/tuote\/makeart-gold-5ml\/","title":{"rendered":"Makeart Gold, 5 ml"},"content":{"rendered":"<p>5 ml,<\/p>\n<ul>\n<li>Superpigmenttinen,<\/li>\n<li>Ei dispersiokerrosta, ei tarvitse pyyhki\u00e4 Cleanerilla,<\/li>\n<li>Huomautus: tuotetta ei pigmentin vuoksi voida k\u00e4ytt\u00e4\u00e4 rakenteellisiin ja korotettuihin koristeisiin,<\/li>\n<li>Tilavuus: 5ml,<\/li>\n<li>Merkint\u00e4: Makeart Gold.<\/li>\n<\/ul>\n<p>LED-lamppu min. 48W \u2013 1min. UV 36W lamppu \u2013 2min.<\/p>","protected":false},"excerpt":{"rendered":"<p><strong>Makeart<\/strong><\/p>\n<p>Uusi Makeart-sarja sopii erinomaisesti eritt\u00e4in ohuille koristeille, geometrialle, yhdell\u00e4 vedolla, varjostukseen (valkoinen ik\u00e4luokalle<\/p>\n<div>\u00a0tarvitsee vain yhden kerroksen).<\/div>\n<div><strong>Makeart Makear on tarkoitettu vain ammattik\u00e4ytt\u00f6\u00f6n.<\/strong><\/div>","protected":false},"featured_media":9603,"template":"","meta":[],"product_brand":[],"product_cat":[116,135,229],"product_tag":[171,172],"class_list":{"0":"post-9602","1":"product","2":"type-product","3":"status-publish","4":"has-post-thumbnail","6":"product_cat-makear","7":"product_cat-makeart","8":"product_cat-nail-art","9":"product_tag-kuunte-geelikunst","10":"product_tag-nail-gel-art","12":"first","13":"outofstock","14":"taxable","15":"shipping-taxable","16":"purchasable","17":"product-type-simple"},"jetpack_sharing_enabled":true,"_links":{"self":[{"href":"https:\/\/shop.bestudio.ee\/fi\/wp-json\/wp\/v2\/product\/9602","targetHints":{"allow":["GET"]}}],"collection":[{"href":"https:\/\/shop.bestudio.ee\/fi\/wp-json\/wp\/v2\/product"}],"about":[{"href":"https:\/\/shop.bestudio.ee\/fi\/wp-json\/wp\/v2\/types\/product"}],"wp:featuredmedia":[{"embeddable":true,"href":"https:\/\/shop.bestudio.ee\/fi\/wp-json\/wp\/v2\/media\/9603"}],"wp:attachment":[{"href":"https:\/\/shop.bestudio.ee\/fi\/wp-json\/wp\/v2\/media?parent=9602"}],"wp:term":[{"taxonomy":"product_brand","embeddable":true,"href":"https:\/\/shop.bestudio.ee\/fi\/wp-json\/wp\/v2\/product_brand?post=9602"},{"taxonomy":"product_cat","embeddable":true,"href":"https:\/\/shop.bestudio.ee\/fi\/wp-json\/wp\/v2\/product_cat?post=9602"},{"taxonomy":"product_tag","embeddable":true,"href":"https:\/\/shop.bestudio.ee\/fi\/wp-json\/wp\/v2\/product_tag?post=9602"}],"curies":[{"name":"wp","href":"https:\/\/api.w.org\/{rel}","templated":true}]}}