{"id":9609,"date":"2023-05-26T13:15:16","date_gmt":"2023-05-26T13:15:16","guid":{"rendered":"https:\/\/shop.bestudio.ee\/?post_type=product&#038;p=9609"},"modified":"2025-12-01T00:40:32","modified_gmt":"2025-11-30T22:40:32","slug":"916-midnight-magic-8ml","status":"publish","type":"product","link":"https:\/\/shop.bestudio.ee\/fi\/tuote\/916-midnight-magic-8ml\/","title":{"rendered":"916 Midnight Magic, 8 ml"},"content":{"rendered":"<ul>\n<li>Tarkoitettu ammattik\u00e4ytt\u00f6\u00f6n,<\/li>\n<li>Voimakas pigmentti, kermainen, keskipaksu koostumus tekev\u00e4t tuotteesta miellytt\u00e4v\u00e4n ja mukavan ty\u00f6skennell\u00e4,<\/li>\n<li>Kiilt\u00e4v\u00e4,<\/li>\n<li>Geelin kest\u00e4vyys \u2013 usean viikon vaikutus,<\/li>\n<li>V\u00e4rit eiv\u00e4t j\u00e4t\u00e4 raitoja,<\/li>\n<li>T\u00e4ydellisesti muotoiltu sivellin,<\/li>\n<li>Korkin todellinen v\u00e4ri antaa sinun n\u00e4hd\u00e4 v\u00e4rin,<\/li>\n<li>Ylellinen pullo voi menestyksekk\u00e4\u00e4sti sisustaa monia olohuoneita,<\/li>\n<li>Lakka on pakattu pahvilaatikkoon, mik\u00e4 varmistaa turvallisuuden kuljetuksen aikana ja on samalla t\u00e4ysin biohajoava *,<\/li>\n<li>Tilavuus: 8 ml,<\/li>\n<li>Merkint\u00e4: 915-926.<\/li>\n<\/ul>\n<p>Lamppu LED min. 48W \u2013 1min. Lamppu UV 36W \u2013 2min.<\/p>","protected":false},"excerpt":{"rendered":"<div><strong>916 Midnight Magic<\/strong><\/div>\n<p>The\u00a0<strong>MOONLIGHT DISCO<\/strong>\u00a0sarja on poikkeuksellinen kokoelma, joka on saanut inspiraationsa suosittujen juomien nimist\u00e4 ja 80- ja 90-luvun ainutlaatuisesta tunnelmasta. Kokoelmamme avulla voit saada WOW-EFEKTIIN! Lakan sis\u00e4\u00e4n laitamme miljoonia maagisia hiukkasia, jotka valonl\u00e4hteen vaikutuksesta hohtavat h\u00e4mm\u00e4stytt\u00e4v\u00e4ll\u00e4 hehkulla.<\/p>","protected":false},"featured_media":9610,"template":"","meta":[],"product_brand":[],"product_cat":[116,131,132,218,243],"product_tag":[165,166],"class_list":{"0":"post-9609","1":"product","2":"type-product","3":"status-publish","4":"has-post-thumbnail","6":"product_cat-makear","7":"product_cat-gel-polishes-makear","8":"product_cat-moonlight-disco","9":"product_cat-nail-gel-polishes","10":"product_cat-flashlight-collection","11":"product_tag-peegeldav-geellakk","12":"product_tag-reflective-gel-polish","14":"first","15":"instock","16":"taxable","17":"shipping-taxable","18":"purchasable","19":"product-type-simple"},"jetpack_sharing_enabled":true,"_links":{"self":[{"href":"https:\/\/shop.bestudio.ee\/fi\/wp-json\/wp\/v2\/product\/9609","targetHints":{"allow":["GET"]}}],"collection":[{"href":"https:\/\/shop.bestudio.ee\/fi\/wp-json\/wp\/v2\/product"}],"about":[{"href":"https:\/\/shop.bestudio.ee\/fi\/wp-json\/wp\/v2\/types\/product"}],"wp:featuredmedia":[{"embeddable":true,"href":"https:\/\/shop.bestudio.ee\/fi\/wp-json\/wp\/v2\/media\/9610"}],"wp:attachment":[{"href":"https:\/\/shop.bestudio.ee\/fi\/wp-json\/wp\/v2\/media?parent=9609"}],"wp:term":[{"taxonomy":"product_brand","embeddable":true,"href":"https:\/\/shop.bestudio.ee\/fi\/wp-json\/wp\/v2\/product_brand?post=9609"},{"taxonomy":"product_cat","embeddable":true,"href":"https:\/\/shop.bestudio.ee\/fi\/wp-json\/wp\/v2\/product_cat?post=9609"},{"taxonomy":"product_tag","embeddable":true,"href":"https:\/\/shop.bestudio.ee\/fi\/wp-json\/wp\/v2\/product_tag?post=9609"}],"curies":[{"name":"wp","href":"https:\/\/api.w.org\/{rel}","templated":true}]}}