{"id":9656,"date":"2023-05-27T22:17:33","date_gmt":"2023-05-27T19:17:33","guid":{"rendered":"https:\/\/shop.bestudio.ee\/?post_type=product&#038;p=9656"},"modified":"2026-02-04T19:21:08","modified_gmt":"2026-02-04T17:21:08","slug":"french-pink-nude-rubber-base-nrb02-8ml","status":"publish","type":"product","link":"https:\/\/shop.bestudio.ee\/fi\/tuote\/french-pink-nude-rubber-base-nrb02-8ml\/","title":{"rendered":"French Pink \u2013 Nude Rubber Base NRB02, 8ml"},"content":{"rendered":"<p>Nude-kumipohjan t\u00e4rkeimm\u00e4t edut:<\/p>\n<p>&nbsp;<\/p>\n<ul>\n<li>Se nopeuttaa ty\u00f6t\u00e4 \u2013 yksi tuote korvaa kaksi aiemmin k\u00e4ytetty\u00e4!<\/li>\n<li>8 v\u00e4ri\u00e4, jotka voidaan helposti sovittaa mihin tahansa ihons\u00e4vyyn.<\/li>\n<li>Se on joustava \u2013 se toimii kynnen kanssa, mik\u00e4 tekee siit\u00e4 kest\u00e4v\u00e4n halkeilua tai vaurioita vastaan.<\/li>\n<li>Paksun koostumuksensa ansiosta se tasoittaa t\u00e4ydellisesti ep\u00e4tasaisia tai vaurioituneita kynsilevyj\u00e4.<\/li>\n<li>T\u00e4ydellisesti muotoiltu sivellin takaa tuotteen helpon levitt\u00e4misen my\u00f6s ongelmallisiin paikkoihin, kuten kynsivarren ymp\u00e4rille.<\/li>\n<li>Lampussa kovettamisen j\u00e4lkeen se ei vaadi viilaamista.<\/li>\n<li>T\u00e4ydellinen perusta ranskalaiselle tyylille.<\/li>\n<\/ul>\n<p>&nbsp;<\/p>\n<ul>\n<li>Merkint\u00e4: NRB02<\/li>\n<li>V\u00e4ri: Maitomaisen vaaleanpunainen<\/li>\n<li>Koostumus: Paksu<\/li>\n<li>Tilavuus: 8 ml<\/li>\n<\/ul>","protected":false},"excerpt":{"rendered":"<h2 class=\"h3\">French Pink \u2013 Rubber Base Nude<\/h2>\n<p>Universaalit ja samalla halutuimmat v\u00e4rit, joita jokaisesta kynsisalongista tulee l\u00f6yty\u00e4?<\/p>\n<p>N\u00e4m\u00e4 ovat NUDE-s\u00e4vyt!<\/p>\n<p>Ranskalainen manikyyripohja, herkk\u00e4 muotoilu toimistoon, hullu muotoilu paljain kynsill\u00e4? Voit tehd\u00e4 sen kaiken kumipohjamme avulla.<\/p>\n<p>Nude Rubber Base on kokoelma kumipohjat 8 h\u00e4mm\u00e4stytt\u00e4v\u00e4ss\u00e4 v\u00e4riss\u00e4, jotka sopivat mihin tahansa ihon s\u00e4vyyn. Vaihda pohja- ja hybridilakka yhdell\u00e4 tuotteella, joka t\u00e4ytt\u00e4\u00e4 parhaiden stylistien odotukset.<\/p>\n<p>T\u00e4m\u00e4 on pakollinen tuote klinikallasi!<\/p>\n<p><strong>MAKEAR\u2122<\/strong>\u00a0on br\u00e4ndi, joka yll\u00e4tt\u00e4\u00e4 jatkuvasti asiakkaitaan ja tekee siit\u00e4 innovaatiojohtajan.<\/p>\n<p>UV Polish GEL by\u00a0<strong>MAKEAR\u2122<\/strong>\u00a0on valmistettu korkealaatuisista komponenteista, jotka t\u00e4ytt\u00e4v\u00e4t vaativimpien asiakkaiden odotukset.<\/p>\n<p>Syv\u00e4 v\u00e4rikyll\u00e4isyys, laajat ja vaihtelevat v\u00e4rit ja kest\u00e4vyys tekiv\u00e4t Makearista johtajan olemassa olevien tuotemerkkien joukossa.<\/p>","protected":false},"featured_media":9657,"template":"","meta":[],"product_brand":[],"product_cat":[116,219,117,128,231,220],"product_tag":[158,159],"class_list":{"0":"post-9656","1":"product","2":"type-product","3":"status-publish","4":"has-post-thumbnail","6":"product_cat-makear","7":"product_cat-base-and-top-coat","8":"product_cat-base","9":"product_cat-rubber-base-nude","10":"product_cat-rubber-base-coat","11":"product_cat-colourful-base-coat","12":"product_tag-kummist-alus","13":"product_tag-rubber-base","15":"first","16":"outofstock","17":"taxable","18":"shipping-taxable","19":"purchasable","20":"product-type-simple"},"jetpack_sharing_enabled":true,"_links":{"self":[{"href":"https:\/\/shop.bestudio.ee\/fi\/wp-json\/wp\/v2\/product\/9656","targetHints":{"allow":["GET"]}}],"collection":[{"href":"https:\/\/shop.bestudio.ee\/fi\/wp-json\/wp\/v2\/product"}],"about":[{"href":"https:\/\/shop.bestudio.ee\/fi\/wp-json\/wp\/v2\/types\/product"}],"wp:featuredmedia":[{"embeddable":true,"href":"https:\/\/shop.bestudio.ee\/fi\/wp-json\/wp\/v2\/media\/9657"}],"wp:attachment":[{"href":"https:\/\/shop.bestudio.ee\/fi\/wp-json\/wp\/v2\/media?parent=9656"}],"wp:term":[{"taxonomy":"product_brand","embeddable":true,"href":"https:\/\/shop.bestudio.ee\/fi\/wp-json\/wp\/v2\/product_brand?post=9656"},{"taxonomy":"product_cat","embeddable":true,"href":"https:\/\/shop.bestudio.ee\/fi\/wp-json\/wp\/v2\/product_cat?post=9656"},{"taxonomy":"product_tag","embeddable":true,"href":"https:\/\/shop.bestudio.ee\/fi\/wp-json\/wp\/v2\/product_tag?post=9656"}],"curies":[{"name":"wp","href":"https:\/\/api.w.org\/{rel}","templated":true}]}}