{"id":9663,"date":"2023-05-27T21:49:25","date_gmt":"2023-05-27T21:49:25","guid":{"rendered":"https:\/\/shop.bestudio.ee\/?post_type=product&#038;p=9663"},"modified":"2026-01-19T20:12:27","modified_gmt":"2026-01-19T18:12:27","slug":"peach-color-rubber-base-crb06-8ml","status":"publish","type":"product","link":"https:\/\/shop.bestudio.ee\/fi\/tuote\/peach-color-rubber-base-crb06-8ml\/","title":{"rendered":"Persikka \u2013 Color Rubber Base CRB06, 8ml"},"content":{"rendered":"<p><strong>Ominaisuudet<\/strong>:<\/p>\n<ul>\n<li>Itsetasoittuva,<\/li>\n<li>Kovaa,<\/li>\n<li>Opasiteetti: 100%,<\/li>\n<li>Kovettumisaika UV \/ Dual-led 30 s,<\/li>\n<li>Koostumus: paksu,<\/li>\n<li>T\u00e4ydellinen ohuiden kehysten muotoiluun ja laajennuksiin,<\/li>\n<li>Kest\u00e4v\u00e4 ja vaurioitumaton,<\/li>\n<li>Tilavuus: 8 ml,<\/li>\n<li>Merkki: CRB01-CRB16,<\/li>\n<li>Paksun koostumuksensa ansiosta se tasoittaa t\u00e4ydellisesti ep\u00e4tasaisen tai vaurioituneen kynsilevyn,<\/li>\n<li>Ihania pastelliv\u00e4rej\u00e4,<\/li>\n<li>Luonnollisten kynsien vahvistaminen.<\/li>\n<\/ul>\n<p><strong>Tuote on yhteensopiva kaikkien manikyyrituotteiden kanssa. LED-lamput min. 48W \u2013 1min. 36 W UV-lamppu \u2013 2 min. <\/strong><\/p>","protected":false},"excerpt":{"rendered":"<p><strong>Persikka CRB06 <\/strong><\/p>\n<p><strong>Innovaatio on tullut \u2013 tuote 2in1 V\u00c4RITTY KUMIALUSTA! <\/strong><\/p>\n<p>Helppo toteuttaa, kest\u00e4vyys, t\u00e4ydellinen peitt\u00e4vyys ja pastelliv\u00e4rit \u2013 mit\u00e4 muuta voit toivoa! T\u00e4n\u00e4 kes\u00e4n\u00e4 COLOR RUBBER BASE on kynsien muotoilun suurin hitti. T\u00e4rkeimm\u00e4t edut V\u00c4RIT\u00d6N KUMISIJASTA?<\/p>\n<p><strong>Se nopeuttaa ty\u00f6t\u00e4si \u2013 yksi tuote korvaa kaksi edellist\u00e4! <\/strong><\/p>\n<p><strong>Makearin rakennusgeeli on tarkoitettu ammattik\u00e4ytt\u00f6\u00f6n. <\/strong><\/p>","protected":false},"featured_media":9664,"template":"","meta":[],"product_brand":[],"product_cat":[116,219,117,129,231,220],"product_tag":[158,159],"class_list":{"0":"post-9663","1":"product","2":"type-product","3":"status-publish","4":"has-post-thumbnail","6":"product_cat-makear","7":"product_cat-base-and-top-coat","8":"product_cat-base","9":"product_cat-rubber-base-colour","10":"product_cat-rubber-base-coat","11":"product_cat-colourful-base-coat","12":"product_tag-kummist-alus","13":"product_tag-rubber-base","15":"first","16":"instock","17":"taxable","18":"shipping-taxable","19":"purchasable","20":"product-type-simple"},"jetpack_sharing_enabled":true,"_links":{"self":[{"href":"https:\/\/shop.bestudio.ee\/fi\/wp-json\/wp\/v2\/product\/9663","targetHints":{"allow":["GET"]}}],"collection":[{"href":"https:\/\/shop.bestudio.ee\/fi\/wp-json\/wp\/v2\/product"}],"about":[{"href":"https:\/\/shop.bestudio.ee\/fi\/wp-json\/wp\/v2\/types\/product"}],"wp:featuredmedia":[{"embeddable":true,"href":"https:\/\/shop.bestudio.ee\/fi\/wp-json\/wp\/v2\/media\/9664"}],"wp:attachment":[{"href":"https:\/\/shop.bestudio.ee\/fi\/wp-json\/wp\/v2\/media?parent=9663"}],"wp:term":[{"taxonomy":"product_brand","embeddable":true,"href":"https:\/\/shop.bestudio.ee\/fi\/wp-json\/wp\/v2\/product_brand?post=9663"},{"taxonomy":"product_cat","embeddable":true,"href":"https:\/\/shop.bestudio.ee\/fi\/wp-json\/wp\/v2\/product_cat?post=9663"},{"taxonomy":"product_tag","embeddable":true,"href":"https:\/\/shop.bestudio.ee\/fi\/wp-json\/wp\/v2\/product_tag?post=9663"}],"curies":[{"name":"wp","href":"https:\/\/api.w.org\/{rel}","templated":true}]}}