{"id":9668,"date":"2023-05-27T21:53:42","date_gmt":"2023-05-27T21:53:42","guid":{"rendered":"https:\/\/shop.bestudio.ee\/?post_type=product&#038;p=9668"},"modified":"2025-12-01T00:35:49","modified_gmt":"2025-11-30T22:35:49","slug":"rubber-base-clear-8ml","status":"publish","type":"product","link":"https:\/\/shop.bestudio.ee\/fi\/tuote\/rubber-base-clear-8ml\/","title":{"rendered":"Kirkas kumipohja, 8 ml"},"content":{"rendered":"<ul>\n<li>Ominaisuudet: t\u00e4ydellinen ty\u00f6skentelyyn pehme\u00e4n ja ohuen kynsilevyn kanssa, sill\u00e4 on maksimaalisesti lis\u00e4\u00e4ntynyt tarttuvuus kynsilevyyn,<\/li>\n<li>V\u00e4ri: v\u00e4rit\u00f6n, l\u00e4pin\u00e4kyv\u00e4,<\/li>\n<li>Tihe\u00e4mpi kuin Fibre Base, joka mahdollistaa sujuvan ty\u00f6skentelyn ja tasoittaa kynsilevyn ep\u00e4tasaisuuksia.<\/li>\n<li>T\u00e4ydellisesti muotoiltu sivellin takaa tuotteen helpon levitt\u00e4misen my\u00f6s ongelmallisiin paikkoihin, kuten kynsivarren ymp\u00e4rille,<\/li>\n<li>Lampussa kovettumisen j\u00e4lkeen viilaamista ei tarvita.,<\/li>\n<li>Koostumus: paksu,<\/li>\n<li><strong>Kuinka k\u00e4ytt\u00e4\u00e4: <\/strong>maalaa ohut kerros hybridin alle, hiero levyyn siveltimell\u00e4 geelimassan alla ja koveta 60 sekuntia led-\/kaksoislampussa,<\/li>\n<li>Joustavampi kuin Fibre Base, mink\u00e4 ansiosta se toimii paremmin pehme\u00e4n ja ohuen kynsilevyn kanssa,<\/li>\n<li>Ei vaadi pesua ennen toisen tuotteen levitt\u00e4mist\u00e4,<\/li>\n<li>Tilavuus: 8 ml,<\/li>\n<li>Merkint\u00e4: Kumipohja.<\/li>\n<\/ul>\n<p>LED-lamppu min. 48W \u2013 1min. 36 W UV-lamppu \u2013 2 min.<\/p>","protected":false},"excerpt":{"rendered":"<p><strong>Kirkas kumipohja <\/strong><\/p>\n<p>Joustava pohja, paksu koostumus ja t\u00e4ydellinen tarttuvuus kynsilevyyn. Se on pohja hybridilakkaille, jolle on ominaista joustavuus \u2013 pohja toimii yhdess\u00e4 kynsilevyn kanssa ja vaimentaa siten iskuja, ehk\u00e4isee halkeamia ja halkeilua. Tihe\u00e4 koostumus mahdollistaa rauhallisen ja perusteellisen ty\u00f6skentelyn, ja paksumpi pohjakerros tasoittaa kynsilevyn ep\u00e4tasaisuuksia ja painaumia. Jokainen nainen tiet\u00e4\u00e4 sen tunteen, kun kynnen voimakkaamman iskun tai puristamisen yhteydess\u00e4 hybridimanikyyri roiskuu tai katkeaa. Kuinka v\u00e4ltt\u00e4\u00e4 t\u00e4m\u00e4 ongelma? Rubber Base Clear on ratkaisu.<\/p>\n<p><strong>Makearin kumipohja Clear on suunniteltu ammattik\u00e4ytt\u00f6\u00f6n. <\/strong><\/p>","protected":false},"featured_media":9669,"template":"","meta":[],"product_brand":[],"product_cat":[116,219,228,117,136,231],"product_tag":[158,159],"class_list":{"0":"post-9668","1":"product","2":"type-product","3":"status-publish","4":"has-post-thumbnail","6":"product_cat-makear","7":"product_cat-base-and-top-coat","8":"product_cat-clear-base-and-top-coat","9":"product_cat-base","10":"product_cat-base-clear","11":"product_cat-rubber-base-coat","12":"product_tag-kummist-alus","13":"product_tag-rubber-base","15":"first","16":"instock","17":"taxable","18":"shipping-taxable","19":"purchasable","20":"product-type-simple"},"jetpack_sharing_enabled":true,"_links":{"self":[{"href":"https:\/\/shop.bestudio.ee\/fi\/wp-json\/wp\/v2\/product\/9668","targetHints":{"allow":["GET"]}}],"collection":[{"href":"https:\/\/shop.bestudio.ee\/fi\/wp-json\/wp\/v2\/product"}],"about":[{"href":"https:\/\/shop.bestudio.ee\/fi\/wp-json\/wp\/v2\/types\/product"}],"wp:featuredmedia":[{"embeddable":true,"href":"https:\/\/shop.bestudio.ee\/fi\/wp-json\/wp\/v2\/media\/9669"}],"wp:attachment":[{"href":"https:\/\/shop.bestudio.ee\/fi\/wp-json\/wp\/v2\/media?parent=9668"}],"wp:term":[{"taxonomy":"product_brand","embeddable":true,"href":"https:\/\/shop.bestudio.ee\/fi\/wp-json\/wp\/v2\/product_brand?post=9668"},{"taxonomy":"product_cat","embeddable":true,"href":"https:\/\/shop.bestudio.ee\/fi\/wp-json\/wp\/v2\/product_cat?post=9668"},{"taxonomy":"product_tag","embeddable":true,"href":"https:\/\/shop.bestudio.ee\/fi\/wp-json\/wp\/v2\/product_tag?post=9668"}],"curies":[{"name":"wp","href":"https:\/\/api.w.org\/{rel}","templated":true}]}}