{"id":9670,"date":"2023-05-27T21:59:19","date_gmt":"2023-05-27T21:59:19","guid":{"rendered":"https:\/\/shop.bestudio.ee\/?post_type=product&#038;p=9670"},"modified":"2026-01-19T20:54:18","modified_gmt":"2026-01-19T18:54:18","slug":"top-no-wipe-hard-glass-15ml","status":"publish","type":"product","link":"https:\/\/shop.bestudio.ee\/fi\/tuote\/top-no-wipe-hard-glass-15ml\/","title":{"rendered":"Top No Wipe \u2013 HARD GLASS, 15ml"},"content":{"rendered":"<ul>\n<li>Ominaisuudet: sit\u00e4 voidaan k\u00e4ytt\u00e4\u00e4 kuten pohjamaalia,<\/li>\n<li>\u00a0Sill\u00e4 on uskomaton kest\u00e4vyys vaurioita vastaan,<\/li>\n<li>Ei herkk\u00e4 j\u00e4nnityksille,<\/li>\n<li>Tehokkaampi,<\/li>\n<li>Upea kiilto,<\/li>\n<li>Se ei luo raitoja eik\u00e4 v\u00e4rj\u00e4\u00e4 kynsilevy\u00e4,<\/li>\n<li>K\u00e4ytt\u00f6: Levit\u00e4 ohut kerros pintaa kevyesti siveltimen liikkein. Koveta sit\u00e4 LED\/DUAL LED -lampussa 60 sekuntia,<\/li>\n<li>Tilavuus: 15ml,<\/li>\n<li>Kiinnitys: TNW Hard Glass.<\/li>\n<\/ul>\n<p>LED-lamppu min. 48W \u2013 1min. 36 W UV-lamppu \u2013 2 min.<\/p>","protected":false},"excerpt":{"rendered":"<p><strong>Top No Wipe - Hard Glass 15ml <\/strong><\/p>\n<p>Top No Wipe \u2013 Hard GlassTop, jossa on kovan lasin ominaisuuksia ja se suojaa manikyyri\u00e4 vaurioilta sek\u00e4 tekee manikyyrist\u00e4 kiilt\u00e4v\u00e4mm\u00e4n ja kest\u00e4v\u00e4mm\u00e4n pidemp\u00e4\u00e4n! Se on eritt\u00e4in kest\u00e4v\u00e4 ja vaurioitumaton. Se luo hehkuvan vesikerroksen kynsiin.Top un-blue ei luo sinist\u00e4 kiiltoa tummiin v\u00e4reihin.Lappujen hieromiseksi kannattaa k\u00e4ytt\u00e4\u00e4 puhdistusainetta aikaisemmin.<\/p>\n<p><strong>Top No Wipe \u2013 Makearin Hard Glass on tarkoitettu ammattik\u00e4ytt\u00f6\u00f6n. <\/strong><\/p>","protected":false},"featured_media":9671,"template":"","meta":[],"product_brand":[],"product_cat":[116,219,228,118],"product_tag":[163,162],"class_list":{"0":"post-9670","1":"product","2":"type-product","3":"status-publish","4":"has-post-thumbnail","6":"product_cat-makear","7":"product_cat-base-and-top-coat","8":"product_cat-clear-base-and-top-coat","9":"product_cat-top-cover","10":"product_tag-pealislakk","11":"product_tag-top-coat","13":"first","14":"instock","15":"taxable","16":"shipping-taxable","17":"purchasable","18":"product-type-simple"},"jetpack_sharing_enabled":true,"_links":{"self":[{"href":"https:\/\/shop.bestudio.ee\/fi\/wp-json\/wp\/v2\/product\/9670","targetHints":{"allow":["GET"]}}],"collection":[{"href":"https:\/\/shop.bestudio.ee\/fi\/wp-json\/wp\/v2\/product"}],"about":[{"href":"https:\/\/shop.bestudio.ee\/fi\/wp-json\/wp\/v2\/types\/product"}],"wp:featuredmedia":[{"embeddable":true,"href":"https:\/\/shop.bestudio.ee\/fi\/wp-json\/wp\/v2\/media\/9671"}],"wp:attachment":[{"href":"https:\/\/shop.bestudio.ee\/fi\/wp-json\/wp\/v2\/media?parent=9670"}],"wp:term":[{"taxonomy":"product_brand","embeddable":true,"href":"https:\/\/shop.bestudio.ee\/fi\/wp-json\/wp\/v2\/product_brand?post=9670"},{"taxonomy":"product_cat","embeddable":true,"href":"https:\/\/shop.bestudio.ee\/fi\/wp-json\/wp\/v2\/product_cat?post=9670"},{"taxonomy":"product_tag","embeddable":true,"href":"https:\/\/shop.bestudio.ee\/fi\/wp-json\/wp\/v2\/product_tag?post=9670"}],"curies":[{"name":"wp","href":"https:\/\/api.w.org\/{rel}","templated":true}]}}