{"id":9679,"date":"2023-05-27T22:18:31","date_gmt":"2023-05-27T22:18:31","guid":{"rendered":"https:\/\/shop.bestudio.ee\/?post_type=product&#038;p=9679"},"modified":"2025-05-21T17:49:19","modified_gmt":"2025-05-21T14:49:19","slug":"top-no-wipe-velvet-matte-8ml","status":"publish","type":"product","link":"https:\/\/shop.bestudio.ee\/fi\/tuote\/top-no-wipe-velvet-matte-8ml\/","title":{"rendered":"Top No Wipe \u2013 VELVET MATTE, 8ml"},"content":{"rendered":"<p>Ominaisuudet: <strong>sit\u00e4 voidaan k\u00e4ytt\u00e4\u00e4 aivan kuten pohjamaalia.<\/strong><\/p>\n<ul>\n<li>Se antaa matta-velour-vaikutelman,<\/li>\n<li>Se ei luo raitoja eik\u00e4 v\u00e4rj\u00e4\u00e4 kynsilevy\u00e4,<\/li>\n<li>Se on ihanteellinen pohja akvarellikynsien koristeluun,<\/li>\n<li>Koostumus: keskipaksu \/ itsetasoittuva,<\/li>\n<li>Tilavuus: 8 ml,<\/li>\n<li>Kiinnitys: TM samettimatta mattaLED.<\/li>\n<\/ul>\n<p>K\u00e4ytt\u00f6: Levit\u00e4 ohut kerros pintaa kevyesti siveltimen liikkein. Koveta sit\u00e4 LED\/DUAL LED -lampussa 60 sekuntia.<\/p>\n<p>Lamppu min 48W \u2013 1min\/UV-lamppu 36W \u2013 2min\u00b7<\/p>","protected":false},"excerpt":{"rendered":"<p><strong>Top no Wipe Velvet Matte\u00a0<\/strong><\/p>\n<p>Upea matta-veluuriviimeistely. Mattavaikutus s\u00e4ilyy pidemp\u00e4\u00e4n. T\u00e4m\u00e4 toppi korostaa kynsien tyyli\u00e4 antamalla sille elegantin ulottuvuuden.<\/p>\n<p><strong>Top No Wipe \u2013 Makearin Velvet Matte on tarkoitettu ammattik\u00e4ytt\u00f6\u00f6n.<\/strong><\/p>","protected":false},"featured_media":9680,"template":"","meta":[],"product_brand":[],"product_cat":[116,219,118,221],"product_tag":[163,162],"class_list":{"0":"post-9679","1":"product","2":"type-product","3":"status-publish","4":"has-post-thumbnail","6":"product_cat-makear","7":"product_cat-base-and-top-coat","8":"product_cat-top-cover","9":"product_cat-top-coat-with-effect","10":"product_tag-pealislakk","11":"product_tag-top-coat","13":"first","14":"outofstock","15":"taxable","16":"shipping-taxable","17":"purchasable","18":"product-type-simple"},"jetpack_sharing_enabled":true,"_links":{"self":[{"href":"https:\/\/shop.bestudio.ee\/fi\/wp-json\/wp\/v2\/product\/9679","targetHints":{"allow":["GET"]}}],"collection":[{"href":"https:\/\/shop.bestudio.ee\/fi\/wp-json\/wp\/v2\/product"}],"about":[{"href":"https:\/\/shop.bestudio.ee\/fi\/wp-json\/wp\/v2\/types\/product"}],"wp:featuredmedia":[{"embeddable":true,"href":"https:\/\/shop.bestudio.ee\/fi\/wp-json\/wp\/v2\/media\/9680"}],"wp:attachment":[{"href":"https:\/\/shop.bestudio.ee\/fi\/wp-json\/wp\/v2\/media?parent=9679"}],"wp:term":[{"taxonomy":"product_brand","embeddable":true,"href":"https:\/\/shop.bestudio.ee\/fi\/wp-json\/wp\/v2\/product_brand?post=9679"},{"taxonomy":"product_cat","embeddable":true,"href":"https:\/\/shop.bestudio.ee\/fi\/wp-json\/wp\/v2\/product_cat?post=9679"},{"taxonomy":"product_tag","embeddable":true,"href":"https:\/\/shop.bestudio.ee\/fi\/wp-json\/wp\/v2\/product_tag?post=9679"}],"curies":[{"name":"wp","href":"https:\/\/api.w.org\/{rel}","templated":true}]}}