{"id":9681,"date":"2023-05-28T01:26:17","date_gmt":"2023-05-27T22:26:17","guid":{"rendered":"https:\/\/shop.bestudio.ee\/?post_type=product&#038;p=9681"},"modified":"2025-12-01T00:35:16","modified_gmt":"2025-11-30T22:35:16","slug":"top-dots-white-no-wipe-8ml","status":"publish","type":"product","link":"https:\/\/shop.bestudio.ee\/fi\/tuote\/top-dots-white-no-wipe-8ml\/","title":{"rendered":"Top Dots White (no wipe), 8ml"},"content":{"rendered":"<p><strong>Ominaisuudet<\/strong>:<\/p>\n<ul>\n<li>V\u00e4ri: L\u00e4pin\u00e4kyv\u00e4<\/li>\n<li>Itsetasoittuva,<\/li>\n<li>Vaikea,<\/li>\n<li>Peitt\u00e4vyys: L\u00e4pin\u00e4kyv\u00e4<\/li>\n<li>Kovettumisaika UV \/ Dual-led 30 s,<\/li>\n<li>Koostumus: keskipaksu \/ itsetasoittuva,<\/li>\n<li>T\u00e4ydellinen ohuiden kehysten muotoiluun ja laajennuksiin,<\/li>\n<li>Kest\u00e4v\u00e4 ja vaurioitumaton,<\/li>\n<li>Tilavuus: 8 ml,<\/li>\n<li>Tuotemerkki: TWD.<\/li>\n<\/ul>\n<p><strong>Kuinka k\u00e4ytt\u00e4\u00e4: <\/strong><\/p>\n<ul>Levit\u00e4 keskikerros hell\u00e4varaisin liikkein, koveta v\u00e4hint\u00e4\u00e4n 60 sekuntia led-\/kaksoislampussa. Emme koske kynsiin heti sen j\u00e4lkeen, kun se on otettu pois lampusta. Suosittelemme odottamaan noin 15-20 sekuntia, ett\u00e4 yl\u00e4osa j\u00e4\u00e4htyy, jotta v\u00e4ltyt\u00e4\u00e4n tahraantumiselta,<\/p>\n<li><strong>Keskipaksun\/itsetasoittuvan koostumuksen ansiosta se tasoittaa t\u00e4ydellisesti ep\u00e4tasaisen tai vaurioituneen kynsilevyn. <\/strong><\/li>\n<li><strong>Luonnollisten kynsien vahvistaminen <\/strong><\/li>\n<li><strong>Tuote on yhteensopiva kaikkien manikyyrituotteiden kanssa. LED-lamput min. 48W \u2013 1min. 36 W UV-lamppu \u2013 2 min. <\/strong><\/li>\n<\/ul>","protected":false},"excerpt":{"rendered":"<p><strong>TOP PISKEET VALKOINEN <\/strong><\/p>\n<p><strong>TOP jossa upotetut valkoiset hiukkaset tarjoavat n\u00e4ytt\u00e4v\u00e4n muutoksen manikyyriin. <\/strong><\/p>\n<p>Helppo toteuttaa, t\u00e4ydellinen kest\u00e4vyys. Mit\u00e4 muuta voit haluta!<\/p>\n<p><strong>Makearin TOP DOTS WHITE on tarkoitettu ammattik\u00e4ytt\u00f6\u00f6n. <\/strong><\/p>","protected":false},"featured_media":9682,"template":"","meta":[],"product_brand":[],"product_cat":[116,219,118,221],"product_tag":[163,162],"class_list":{"0":"post-9681","1":"product","2":"type-product","3":"status-publish","4":"has-post-thumbnail","6":"product_cat-makear","7":"product_cat-base-and-top-coat","8":"product_cat-top-cover","9":"product_cat-top-coat-with-effect","10":"product_tag-pealislakk","11":"product_tag-top-coat","13":"first","14":"instock","15":"taxable","16":"shipping-taxable","17":"purchasable","18":"product-type-simple"},"jetpack_sharing_enabled":true,"_links":{"self":[{"href":"https:\/\/shop.bestudio.ee\/fi\/wp-json\/wp\/v2\/product\/9681","targetHints":{"allow":["GET"]}}],"collection":[{"href":"https:\/\/shop.bestudio.ee\/fi\/wp-json\/wp\/v2\/product"}],"about":[{"href":"https:\/\/shop.bestudio.ee\/fi\/wp-json\/wp\/v2\/types\/product"}],"wp:featuredmedia":[{"embeddable":true,"href":"https:\/\/shop.bestudio.ee\/fi\/wp-json\/wp\/v2\/media\/9682"}],"wp:attachment":[{"href":"https:\/\/shop.bestudio.ee\/fi\/wp-json\/wp\/v2\/media?parent=9681"}],"wp:term":[{"taxonomy":"product_brand","embeddable":true,"href":"https:\/\/shop.bestudio.ee\/fi\/wp-json\/wp\/v2\/product_brand?post=9681"},{"taxonomy":"product_cat","embeddable":true,"href":"https:\/\/shop.bestudio.ee\/fi\/wp-json\/wp\/v2\/product_cat?post=9681"},{"taxonomy":"product_tag","embeddable":true,"href":"https:\/\/shop.bestudio.ee\/fi\/wp-json\/wp\/v2\/product_tag?post=9681"}],"curies":[{"name":"wp","href":"https:\/\/api.w.org\/{rel}","templated":true}]}}