{"id":9713,"date":"2023-07-20T18:39:05","date_gmt":"2023-07-20T18:39:05","guid":{"rendered":"https:\/\/shop.bestudio.ee\/?post_type=product&#038;p=9713"},"modified":"2025-12-01T00:34:50","modified_gmt":"2025-11-30T22:34:50","slug":"792-i-love-you-uv-gel-polish-makear-8ml","status":"publish","type":"product","link":"https:\/\/shop.bestudio.ee\/fi\/tuote\/792-i-love-you-uv-gel-polish-makear-8ml\/","title":{"rendered":"792 I love you \u2013 UV Gel Polish Makear, 8ml"},"content":{"rendered":"<ul>\n<li>Vain ammattik\u00e4ytt\u00f6\u00f6n<\/li>\n<li>Koska se on eritt\u00e4in pigmentoitunut ja sen koostumus on keskipaksu, se tekee tuotteen k\u00e4yt\u00f6st\u00e4 eritt\u00e4in miellytt\u00e4v\u00e4\u00e4 ja helppoa<\/li>\n<li>T\u00e4yskiilto<\/li>\n<li>Kest\u00e4vyys - useita viikkoja<\/li>\n<li>T\u00e4ydellisen muotoinen sivellin<\/li>\n<li>Aito v\u00e4ri korkissa ja hieno pullo tekev\u00e4t tuotteesta ainutlaatuisen\u00b7<\/li>\n<li>Gel Polish laitetaan pahvilaatikkoon, joka varmistaa kuljetusturvan.<\/li>\n<li>Lis\u00e4ksi laatikko on biohajoava<\/li>\n<li>Tilavuus: 8 ml<\/li>\n<li>Telakointi: 501-1000 led<\/li>\n<li>Lamppu min 48W \u2013 1min. UV-lamppu 36W \u2013 2min.<\/li>\n<\/ul>","protected":false},"excerpt":{"rendered":"<p>Red Love Limited \u2013 Sano &quot;Rakastan sinua \u2013 kocham Ci\u0119&quot; rajoitetulla kokoelmalla MAKEAR \u2013 RED LOVE LIMITED:n valmistamia geelilakkoja.<\/p>","protected":false},"featured_media":9714,"template":"","meta":[],"product_brand":[],"product_cat":[116,131,137,218,263],"product_tag":[152,153],"class_list":{"0":"post-9713","1":"product","2":"type-product","3":"status-publish","4":"has-post-thumbnail","6":"product_cat-makear","7":"product_cat-gel-polishes-makear","8":"product_cat-red-love-limited","9":"product_cat-nail-gel-polishes","10":"product_cat-colours-nail-gel-polishes","11":"product_tag-geellakk","12":"product_tag-gel-polish","14":"first","15":"instock","16":"taxable","17":"shipping-taxable","18":"purchasable","19":"product-type-simple"},"jetpack_sharing_enabled":true,"_links":{"self":[{"href":"https:\/\/shop.bestudio.ee\/fi\/wp-json\/wp\/v2\/product\/9713","targetHints":{"allow":["GET"]}}],"collection":[{"href":"https:\/\/shop.bestudio.ee\/fi\/wp-json\/wp\/v2\/product"}],"about":[{"href":"https:\/\/shop.bestudio.ee\/fi\/wp-json\/wp\/v2\/types\/product"}],"wp:featuredmedia":[{"embeddable":true,"href":"https:\/\/shop.bestudio.ee\/fi\/wp-json\/wp\/v2\/media\/9714"}],"wp:attachment":[{"href":"https:\/\/shop.bestudio.ee\/fi\/wp-json\/wp\/v2\/media?parent=9713"}],"wp:term":[{"taxonomy":"product_brand","embeddable":true,"href":"https:\/\/shop.bestudio.ee\/fi\/wp-json\/wp\/v2\/product_brand?post=9713"},{"taxonomy":"product_cat","embeddable":true,"href":"https:\/\/shop.bestudio.ee\/fi\/wp-json\/wp\/v2\/product_cat?post=9713"},{"taxonomy":"product_tag","embeddable":true,"href":"https:\/\/shop.bestudio.ee\/fi\/wp-json\/wp\/v2\/product_tag?post=9713"}],"curies":[{"name":"wp","href":"https:\/\/api.w.org\/{rel}","templated":true}]}}