{"id":9721,"date":"2023-07-20T19:01:18","date_gmt":"2023-07-20T19:01:18","guid":{"rendered":"https:\/\/shop.bestudio.ee\/?post_type=product&#038;p=9721"},"modified":"2026-01-19T20:48:43","modified_gmt":"2026-01-19T18:48:43","slug":"top-dots-black-no-wipe-8ml","status":"publish","type":"product","link":"https:\/\/shop.bestudio.ee\/fi\/tuote\/top-dots-black-no-wipe-8ml\/","title":{"rendered":"Yl\u00e4pisteet mustat (ei pyyhki\u00e4), 8ml"},"content":{"rendered":"<p><strong>Ominaisuudet<\/strong>:<\/p>\n<ul>\n<li>V\u00e4ri: L\u00e4pin\u00e4kyv\u00e4<\/li>\n<li>Itsetasoittuva,<\/li>\n<li>Vaikea,<\/li>\n<li>T\u00e4ydellisesti hy\u00f6dyllinen k\u00e4\u00e4rmeen ihon koristeluun, varjostukseen,<\/li>\n<li>Peitt\u00e4vyys: L\u00e4pin\u00e4kyv\u00e4,<\/li>\n<li>Kovettumisaika UV \/ Dual-led 30 s,<\/li>\n<li>Koostumus: keskipaksu \/ itsetasoittuva,<\/li>\n<li>T\u00e4ydellinen ohuiden kehysten muotoiluun ja laajennuksiin,<\/li>\n<li>Kest\u00e4v\u00e4 ja vaurioitumaton,<\/li>\n<li>Tilavuus: 8 ml,<\/li>\n<li>Merkki: TBD<\/li>\n<\/ul>\n<p><strong>Kuinka k\u00e4ytt\u00e4\u00e4: <\/strong><\/p>\n<ul>Levit\u00e4 keskikerros hell\u00e4varaisin liikkein, koveta v\u00e4hint\u00e4\u00e4n 60 sekuntia led-\/kaksoislampussa. Emme koske kynsiin heti sen j\u00e4lkeen, kun se on otettu pois lampusta. Suosittelemme odottamaan noin 15-20 sekuntia, ett\u00e4 yl\u00e4osa j\u00e4\u00e4htyy, jotta v\u00e4ltyt\u00e4\u00e4n tahraantumiselta,<\/p>\n<li><strong>Keskipaksun\/itsetasoittuvan koostumuksen ansiosta se tasoittaa t\u00e4ydellisesti ep\u00e4tasaisen tai vaurioituneen kynsilevyn. <\/strong><\/li>\n<li><strong>Luonnollisten kynsien vahvistaminen <\/strong><\/li>\n<\/ul>\n<ul>\n<li><strong>Tuote on yhteensopiva kaikkien manikyyrituotteiden kanssa. LED-lamput min. 48W \u2013 1min. 36 W UV-lamppu \u2013 2 min. <\/strong><\/li>\n<\/ul>","protected":false},"excerpt":{"rendered":"<p><strong>YL\u00c4PISTEET MUSTA<\/strong><\/p>\n<p><strong>TOP, jossa ep\u00e4s\u00e4\u00e4nn\u00f6lliset laastarit, kuten dalmatialainen, upotettu l\u00e4pin\u00e4kyv\u00e4\u00e4n toppiin, mik\u00e4 antaa alkuper\u00e4isen vaikutelman kynsille. <\/strong><\/p>\n<p>Helppo toteuttaa, t\u00e4ydellinen kest\u00e4vyys. Mit\u00e4 muuta voit haluta!<\/p>","protected":false},"featured_media":9722,"template":"","meta":[],"product_brand":[],"product_cat":[116,131,219,118,221],"product_tag":[163,162],"class_list":{"0":"post-9721","1":"product","2":"type-product","3":"status-publish","4":"has-post-thumbnail","6":"product_cat-makear","7":"product_cat-gel-polishes-makear","8":"product_cat-base-and-top-coat","9":"product_cat-top-cover","10":"product_cat-top-coat-with-effect","11":"product_tag-pealislakk","12":"product_tag-top-coat","14":"first","15":"instock","16":"taxable","17":"shipping-taxable","18":"purchasable","19":"product-type-simple"},"jetpack_sharing_enabled":true,"_links":{"self":[{"href":"https:\/\/shop.bestudio.ee\/fi\/wp-json\/wp\/v2\/product\/9721","targetHints":{"allow":["GET"]}}],"collection":[{"href":"https:\/\/shop.bestudio.ee\/fi\/wp-json\/wp\/v2\/product"}],"about":[{"href":"https:\/\/shop.bestudio.ee\/fi\/wp-json\/wp\/v2\/types\/product"}],"wp:featuredmedia":[{"embeddable":true,"href":"https:\/\/shop.bestudio.ee\/fi\/wp-json\/wp\/v2\/media\/9722"}],"wp:attachment":[{"href":"https:\/\/shop.bestudio.ee\/fi\/wp-json\/wp\/v2\/media?parent=9721"}],"wp:term":[{"taxonomy":"product_brand","embeddable":true,"href":"https:\/\/shop.bestudio.ee\/fi\/wp-json\/wp\/v2\/product_brand?post=9721"},{"taxonomy":"product_cat","embeddable":true,"href":"https:\/\/shop.bestudio.ee\/fi\/wp-json\/wp\/v2\/product_cat?post=9721"},{"taxonomy":"product_tag","embeddable":true,"href":"https:\/\/shop.bestudio.ee\/fi\/wp-json\/wp\/v2\/product_tag?post=9721"}],"curies":[{"name":"wp","href":"https:\/\/api.w.org\/{rel}","templated":true}]}}