{"id":9725,"date":"2023-07-20T19:07:52","date_gmt":"2023-07-20T19:07:52","guid":{"rendered":"https:\/\/shop.bestudio.ee\/?post_type=product&#038;p=9725"},"modified":"2025-05-30T18:38:32","modified_gmt":"2025-05-30T15:38:32","slug":"dehydrator-15ml","status":"publish","type":"product","link":"https:\/\/shop.bestudio.ee\/fi\/tuote\/dehydrator-15ml\/","title":{"rendered":"Kuivausaine, 15 ml"},"content":{"rendered":"<p>K\u00e4ytt\u00f6: Kun olet levitt\u00e4nyt ohuen kerroksen, odota hetki, ett\u00e4 tuote kuivuu, ja levit\u00e4 sitten mahdollinen pinnoite kynsilevylle.<br \/>\nTilavuus: 15ml.<\/p>","protected":false},"excerpt":{"rendered":"<p>Makear dehydrator<\/p>\n<p>Ammattimainen valmistelu kynsilevyn puhdistamiseen ja kuivaamiseen.<\/p>\n<p>Se parantaa tarttuvuutta eik\u00e4 h\u00e4iritse pH-tasapainoa.<\/p>","protected":false},"featured_media":9726,"template":"","meta":[],"product_brand":[],"product_cat":[116,134,227],"product_tag":[169,170],"class_list":{"0":"post-9725","1":"product","2":"type-product","3":"status-publish","4":"has-post-thumbnail","6":"product_cat-makear","7":"product_cat-professional-liquids","8":"product_cat-liquids-and-prep","9":"product_tag-kuunte-dehudraator","10":"product_tag-nail-dehydrator","12":"first","13":"instock","14":"taxable","15":"shipping-taxable","16":"purchasable","17":"product-type-simple"},"jetpack_sharing_enabled":true,"_links":{"self":[{"href":"https:\/\/shop.bestudio.ee\/fi\/wp-json\/wp\/v2\/product\/9725","targetHints":{"allow":["GET"]}}],"collection":[{"href":"https:\/\/shop.bestudio.ee\/fi\/wp-json\/wp\/v2\/product"}],"about":[{"href":"https:\/\/shop.bestudio.ee\/fi\/wp-json\/wp\/v2\/types\/product"}],"wp:featuredmedia":[{"embeddable":true,"href":"https:\/\/shop.bestudio.ee\/fi\/wp-json\/wp\/v2\/media\/9726"}],"wp:attachment":[{"href":"https:\/\/shop.bestudio.ee\/fi\/wp-json\/wp\/v2\/media?parent=9725"}],"wp:term":[{"taxonomy":"product_brand","embeddable":true,"href":"https:\/\/shop.bestudio.ee\/fi\/wp-json\/wp\/v2\/product_brand?post=9725"},{"taxonomy":"product_cat","embeddable":true,"href":"https:\/\/shop.bestudio.ee\/fi\/wp-json\/wp\/v2\/product_cat?post=9725"},{"taxonomy":"product_tag","embeddable":true,"href":"https:\/\/shop.bestudio.ee\/fi\/wp-json\/wp\/v2\/product_tag?post=9725"}],"curies":[{"name":"wp","href":"https:\/\/api.w.org\/{rel}","templated":true}]}}