{"id":9727,"date":"2023-07-20T19:14:06","date_gmt":"2023-07-20T19:14:06","guid":{"rendered":"https:\/\/shop.bestudio.ee\/?post_type=product&#038;p=9727"},"modified":"2025-12-01T00:34:28","modified_gmt":"2025-11-30T22:34:28","slug":"clear-fiber-base-8ml","status":"publish","type":"product","link":"https:\/\/shop.bestudio.ee\/fi\/tuote\/clear-fiber-base-8ml\/","title":{"rendered":"Kirkas kuitupohja, 8 ml"},"content":{"rendered":"<p><strong>Kuinka k\u00e4ytt\u00e4\u00e4: <\/strong>maalaa ohut kerros hybridin alle, hiero levyyn siveltimell\u00e4 geelimassan alla ja koveta 60 sekuntia led-\/kaksoislampussa,<\/p>\n<ul>\n<li>Siin\u00e4 on lasikuitu (polyesterilasi) kuituja, joiden ansiosta luonnollisen kynnen minimaalisesta kohdistuksesta huolimatta se vahvistaa sen rakennetta,<\/li>\n<li>T\u00e4ydellisesti muotoiltu sivellin takaa tuotteen helpon levitt\u00e4misen my\u00f6s ongelmallisiin paikkoihin, kuten kynsivarren ymp\u00e4rille,<\/li>\n<li>Tilavuus: 8 ml,<\/li>\n<li>Merkint\u00e4: Fiber Base.<\/li>\n<\/ul>\n<p>LED-lamput min. 48W \u2013 1min. 36 W UV-lamppu \u2013 2 min.<\/p>","protected":false},"excerpt":{"rendered":"<p><strong>Kirkas kuitupohja <\/strong><\/p>\n<p>Kun luonnollinen kynsilevy on heikko ja tarvitsee vahvistamista ja kovettamista, on vain yksi ratkaisu! Kuinka v\u00e4ltt\u00e4\u00e4 t\u00e4m\u00e4 ongelma? Clear Fibre Base on ratkaisu.<\/p>\n<ul>\n<li>T\u00e4ydellisesti muotoiltu sivellin takaa tuotteen helpon levitt\u00e4misen my\u00f6s ongelmallisiin paikkoihin, kuten kynsivarren ymp\u00e4rille,<\/li>\n<li>V\u00e4ri: v\u00e4rit\u00f6n, l\u00e4pin\u00e4kyv\u00e4<\/li>\n<li>Koostumus: Keskipaksu<\/li>\n<li>Kovempi kuin kumipohja, joustavampi kuin Base Coat<\/li>\n<li>Paksumpi kuin elastinen pohja, nestem\u00e4isempi kuin kumipohja,<\/li>\n<li>Lampussa kovettumisen j\u00e4lkeen viilaamista ei tarvita,<\/li>\n<li>Koostumus: Paksu.<\/li>\n<\/ul>","protected":false},"featured_media":9728,"template":"","meta":[],"product_brand":[],"product_cat":[116,131,219,233,228,117,136],"product_tag":[168,167],"class_list":{"0":"post-9727","1":"product","2":"type-product","3":"status-publish","4":"has-post-thumbnail","6":"product_cat-makear","7":"product_cat-gel-polishes-makear","8":"product_cat-base-and-top-coat","9":"product_cat-fibre-base-coat","10":"product_cat-clear-base-and-top-coat","11":"product_cat-base","12":"product_cat-base-clear","13":"product_tag-fiber-base","14":"product_tag-kuidgeeli-alus","16":"first","17":"instock","18":"taxable","19":"shipping-taxable","20":"purchasable","21":"product-type-simple"},"jetpack_sharing_enabled":true,"_links":{"self":[{"href":"https:\/\/shop.bestudio.ee\/fi\/wp-json\/wp\/v2\/product\/9727","targetHints":{"allow":["GET"]}}],"collection":[{"href":"https:\/\/shop.bestudio.ee\/fi\/wp-json\/wp\/v2\/product"}],"about":[{"href":"https:\/\/shop.bestudio.ee\/fi\/wp-json\/wp\/v2\/types\/product"}],"wp:featuredmedia":[{"embeddable":true,"href":"https:\/\/shop.bestudio.ee\/fi\/wp-json\/wp\/v2\/media\/9728"}],"wp:attachment":[{"href":"https:\/\/shop.bestudio.ee\/fi\/wp-json\/wp\/v2\/media?parent=9727"}],"wp:term":[{"taxonomy":"product_brand","embeddable":true,"href":"https:\/\/shop.bestudio.ee\/fi\/wp-json\/wp\/v2\/product_brand?post=9727"},{"taxonomy":"product_cat","embeddable":true,"href":"https:\/\/shop.bestudio.ee\/fi\/wp-json\/wp\/v2\/product_cat?post=9727"},{"taxonomy":"product_tag","embeddable":true,"href":"https:\/\/shop.bestudio.ee\/fi\/wp-json\/wp\/v2\/product_tag?post=9727"}],"curies":[{"name":"wp","href":"https:\/\/api.w.org\/{rel}","templated":true}]}}