{"id":9776,"date":"2023-07-22T19:56:32","date_gmt":"2023-07-22T19:56:32","guid":{"rendered":"https:\/\/shop.bestudio.ee\/?post_type=product&#038;p=9776"},"modified":"2025-09-03T23:48:53","modified_gmt":"2025-09-03T20:48:53","slug":"n19-uv-gel-polish-makear-8ml","status":"publish","type":"product","link":"https:\/\/shop.bestudio.ee\/fi\/tuote\/n19-uv-gel-polish-makear-8ml\/","title":{"rendered":"N19 UV Gel Polish Makear, 8ml"},"content":{"rendered":"<ul>\n<li>Tarkoitettu ammattik\u00e4ytt\u00f6\u00f6n,<\/li>\n<li>Voimakas pigmentti, kermainen, keskipaksu koostumus tekev\u00e4t tuotteesta miellytt\u00e4v\u00e4n ja mukavan ty\u00f6skennell\u00e4,<\/li>\n<li>Kiilt\u00e4v\u00e4,<\/li>\n<li>Geelin kest\u00e4vyys \u2013 usean viikon vaikutus,<\/li>\n<li>V\u00e4rit eiv\u00e4t j\u00e4t\u00e4 raitoja,<\/li>\n<li>3-vapaa tuote \u2013 ei sis\u00e4ll\u00e4 formaldehydi\u00e4, tolueenia ja DBP:t\u00e4,<\/li>\n<li>T\u00e4ydellisesti muotoiltu sivellin,<\/li>\n<li>Korkin todellinen v\u00e4ri ja ylellinen pullo tekev\u00e4t tuotteesta ainutlaatuisen,<\/li>\n<li>Lakka on pakattu pahvilaatikkoon, mik\u00e4 varmistaa turvallisuuden kuljetuksen aikana ja on samalla t\u00e4ysin biohajoava *,<\/li>\n<li>Tilavuus: 8 ml,<\/li>\n<li>Merkint\u00e4: N02-N30.<\/li>\n<\/ul>\n<p>LED-lamput min. 48W \u2013 1min. 36 W UV-lamppu \u2013 2 min.<\/p>\n<p>* valkoisen pohjamaalin k\u00e4ytt\u00f6\u00e4 suositellaan.<\/p>\n<p>&nbsp;<\/p>\n<p><strong>Makearin hybridikynsilakat on tarkoitettu ammattik\u00e4ytt\u00f6\u00f6n.<\/strong><\/p>\n<p>AINESOSAT: AKRYLAATIT KOPOLYMERI, HEMA, TRIMETYLIBENTSOYLIDIFENYLIFOSFIINIOKSIDI, HYDROKSISYKLOHEKSYLIFENYLIKETONI, PIISI, +\/-: CI 45410, CI 15850, CI 1917,7CI 1917470 7499, CI 77891, CI 77288.<\/p>","protected":false},"excerpt":{"rendered":"<p><strong>Makear \u2122 UV \/ LED hybridikynsilakka <\/strong><\/p>\n<div><\/div>\n<div>\n<p><strong>NEON-kokoelma <\/strong><\/p>\n<p>Energinen, kyll\u00e4inen hybridikynsilakka, joka valloittaa pigmenttill\u00e4\u00e4n, joka ei vaadi valkoista hybridipohjamaalia. Kaikki sateenkaaren v\u00e4rit neonversiossa.<\/p>\n<\/div>","protected":false},"featured_media":9777,"template":"","meta":[],"product_brand":[],"product_cat":[116,131,138,218,266],"product_tag":[152,153],"class_list":{"0":"post-9776","1":"product","2":"type-product","3":"status-publish","4":"has-post-thumbnail","6":"product_cat-makear","7":"product_cat-gel-polishes-makear","8":"product_cat-neon-collection","9":"product_cat-nail-gel-polishes","10":"product_cat-summer-neons","11":"product_tag-geellakk","12":"product_tag-gel-polish","14":"first","15":"instock","16":"taxable","17":"shipping-taxable","18":"purchasable","19":"product-type-simple"},"jetpack_sharing_enabled":true,"_links":{"self":[{"href":"https:\/\/shop.bestudio.ee\/fi\/wp-json\/wp\/v2\/product\/9776","targetHints":{"allow":["GET"]}}],"collection":[{"href":"https:\/\/shop.bestudio.ee\/fi\/wp-json\/wp\/v2\/product"}],"about":[{"href":"https:\/\/shop.bestudio.ee\/fi\/wp-json\/wp\/v2\/types\/product"}],"wp:featuredmedia":[{"embeddable":true,"href":"https:\/\/shop.bestudio.ee\/fi\/wp-json\/wp\/v2\/media\/9777"}],"wp:attachment":[{"href":"https:\/\/shop.bestudio.ee\/fi\/wp-json\/wp\/v2\/media?parent=9776"}],"wp:term":[{"taxonomy":"product_brand","embeddable":true,"href":"https:\/\/shop.bestudio.ee\/fi\/wp-json\/wp\/v2\/product_brand?post=9776"},{"taxonomy":"product_cat","embeddable":true,"href":"https:\/\/shop.bestudio.ee\/fi\/wp-json\/wp\/v2\/product_cat?post=9776"},{"taxonomy":"product_tag","embeddable":true,"href":"https:\/\/shop.bestudio.ee\/fi\/wp-json\/wp\/v2\/product_tag?post=9776"}],"curies":[{"name":"wp","href":"https:\/\/api.w.org\/{rel}","templated":true}]}}