{"id":9780,"date":"2023-07-22T23:05:28","date_gmt":"2023-07-22T20:05:28","guid":{"rendered":"https:\/\/shop.bestudio.ee\/?post_type=product&#038;p=9780"},"modified":"2025-12-01T00:32:55","modified_gmt":"2025-11-30T22:32:55","slug":"crb17-matrix-green-juicy-rubber-base-8ml","status":"publish","type":"product","link":"https:\/\/shop.bestudio.ee\/fi\/tuote\/crb17-matrix-green-juicy-rubber-base-8ml\/","title":{"rendered":"CRB17 Matrix Green \u2013 Juicy Rubber Base, 8ml"},"content":{"rendered":"<p><strong>Mehukkaan kumipohjan t\u00e4rkeimm\u00e4t edut:<\/strong><\/p>\n<ul>\n<li>Se nopeuttaa ty\u00f6t\u00e4 \u2013 yksi tuote korvaa kaksi aiemmin k\u00e4ytetty\u00e4!<\/li>\n<li>6 v\u00e4ri\u00e4, jotka korostavat rusketustasi ja antavat sinulle itseluottamusta.<\/li>\n<li>Se on joustava \u2013 se toimii kynnen kanssa, mik\u00e4 tekee siit\u00e4 kest\u00e4v\u00e4n halkeilua tai vaurioita vastaan.<\/li>\n<li>Paksun koostumuksensa ansiosta se tasoittaa t\u00e4ydellisesti ep\u00e4tasaisen tai vaurioituneen kynsilevyn.<\/li>\n<li>T\u00e4ydellisesti muotoiltu sivellin takaa tuotteen helpon levitt\u00e4misen my\u00f6s ongelmallisiin paikkoihin, kuten kynsivarren ymp\u00e4rille.<\/li>\n<li>Lampussa kovettumisen j\u00e4lkeen se ei vaadi viilaamista.<\/li>\n<li>Merkint\u00e4: CRB13-CRB18<\/li>\n<li>V\u00e4ri: Neon<\/li>\n<li>Koostumus: Paksu<\/li>\n<li>Tilavuus: 8 ml<\/li>\n<\/ul>\n<p>LED-lamppu min. 48W \u2013 1min. UV 36W lamppu \u2013 2min.<\/p>","protected":false},"excerpt":{"rendered":"<p><strong>Mehukas kumipohja<\/strong><\/p>\n<p><strong>\u2026 ja kynsist\u00e4si tulee rehev\u00e4t!<\/strong><\/p>\n<p>Kokoelma kumipohjaisia 6 eloisaa s\u00e4vy\u00e4, jotka tuovat sinut kes\u00e4iseen tunnelmaan!<br \/>\nKes\u00e4 on aikaa, jolloin haluat esiinty\u00e4 ja olla n\u00e4kyv\u00e4, joten valitse mehukas kumipohja, valitse rohkea v\u00e4ri ja nauti s\u00e4\u00e4st\u00e4!<br \/>\nIlmeiset v\u00e4rit korostavat t\u00e4ydellisesti rusketustasi ja antavat sinulle s\u00e4teilev\u00e4n tunnelman, joka on h\u00e4rk\u00e4silm\u00e4<\/p>","protected":false},"featured_media":9781,"template":"","meta":[],"product_brand":[],"product_cat":[116,219,117,139,231,220],"product_tag":[158,159],"class_list":{"0":"post-9780","1":"product","2":"type-product","3":"status-publish","4":"has-post-thumbnail","6":"product_cat-makear","7":"product_cat-base-and-top-coat","8":"product_cat-base","9":"product_cat-juicy-rubber-base","10":"product_cat-rubber-base-coat","11":"product_cat-colourful-base-coat","12":"product_tag-kummist-alus","13":"product_tag-rubber-base","15":"first","16":"instock","17":"taxable","18":"shipping-taxable","19":"purchasable","20":"product-type-simple"},"jetpack_sharing_enabled":true,"_links":{"self":[{"href":"https:\/\/shop.bestudio.ee\/fi\/wp-json\/wp\/v2\/product\/9780","targetHints":{"allow":["GET"]}}],"collection":[{"href":"https:\/\/shop.bestudio.ee\/fi\/wp-json\/wp\/v2\/product"}],"about":[{"href":"https:\/\/shop.bestudio.ee\/fi\/wp-json\/wp\/v2\/types\/product"}],"wp:featuredmedia":[{"embeddable":true,"href":"https:\/\/shop.bestudio.ee\/fi\/wp-json\/wp\/v2\/media\/9781"}],"wp:attachment":[{"href":"https:\/\/shop.bestudio.ee\/fi\/wp-json\/wp\/v2\/media?parent=9780"}],"wp:term":[{"taxonomy":"product_brand","embeddable":true,"href":"https:\/\/shop.bestudio.ee\/fi\/wp-json\/wp\/v2\/product_brand?post=9780"},{"taxonomy":"product_cat","embeddable":true,"href":"https:\/\/shop.bestudio.ee\/fi\/wp-json\/wp\/v2\/product_cat?post=9780"},{"taxonomy":"product_tag","embeddable":true,"href":"https:\/\/shop.bestudio.ee\/fi\/wp-json\/wp\/v2\/product_tag?post=9780"}],"curies":[{"name":"wp","href":"https:\/\/api.w.org\/{rel}","templated":true}]}}