{"id":9803,"date":"2023-07-22T23:39:54","date_gmt":"2023-07-22T20:39:54","guid":{"rendered":"https:\/\/shop.bestudio.ee\/?post_type=product&#038;p=9803"},"modified":"2025-12-01T00:32:22","modified_gmt":"2025-11-30T22:32:22","slug":"srb03-andromeda-sparkling-rubber-base-8ml","status":"publish","type":"product","link":"https:\/\/shop.bestudio.ee\/fi\/tuote\/srb03-andromeda-sparkling-rubber-base-8ml\/","title":{"rendered":"SRB03 Andromeda \u2013 Sparkling Rubber Base, 8ml"},"content":{"rendered":"<p><strong>Sparkling-kumipohjan p\u00e4\u00e4ominaisuudet:<\/strong><\/p>\n<ul>\n<li>Se nopeuttaa ty\u00f6t\u00e4 \u2013 yksi tuote korvaa kaksi aiemmin k\u00e4ytetty\u00e4!<\/li>\n<li>6 v\u00e4ri\u00e4, jotka lis\u00e4\u00e4v\u00e4t h\u00e4mm\u00e4stytt\u00e4v\u00e4\u00e4 kiiltoa.<\/li>\n<li>Se on joustava \u2013 se toimii kynnen kanssa, mik\u00e4 tekee siit\u00e4 kest\u00e4v\u00e4n halkeilua tai vaurioita vastaan.<\/li>\n<li>Paksun koostumuksensa ansiosta se tasoittaa t\u00e4ydellisesti ep\u00e4tasaisen tai vaurioituneen kynsilevyn.<\/li>\n<li>T\u00e4ydellisesti muotoiltu sivellin takaa tuotteen helpon levitt\u00e4misen my\u00f6s ongelmallisiin paikkoihin, kuten kynsilevyn ymp\u00e4rille;<\/li>\n<li>Lampussa kovettumisen j\u00e4lkeen se ei vaadi viilaamista.<\/li>\n<\/ul>\n<p>&nbsp;<\/p>\n<p>&nbsp;<\/p>\n<ul>\n<li>Merkint\u00e4: SRB01 \u2013 SRB06<\/li>\n<li>V\u00e4ri: Glitter<\/li>\n<li>Koostumus: Paksu<\/li>\n<li>Tilavuus: 8 ml<\/li>\n<li>Voimakkaasti hapan tuote<\/li>\n<li>LED-lamppu min. 48W \u2013 1min. UV 36W lamppu \u2013 2min.<\/li>\n<\/ul>","protected":false},"excerpt":{"rendered":"<p><strong>Kimaltava kumipohja<\/strong> \u2013 Kumipohja leikatun holografisen kalvon paloilla<\/p>\n<p>Sinun ei tarvitse kurkottaa taivasta koskettaaksesi t\u00e4hti\u00e4\u2026 Tartu vain kimaltelevaan kumipohjaan!<\/p>\n<p>Siirry MAKEAR-galaksiin, jonka hehku takaa upean manikyyrin.<br \/>\nSparkling Rubber Base -kokoelma koostuu 6 v\u00e4rist\u00e4 kumipohjaa, jotka on rikastettu leikatun holografisen kalvon hiukkasilla, joiden ansiosta kokonaisuus saa kosmisen luonteen ja hehkun.<\/p>\n<p>\u00c4l\u00e4 etsi t\u00e4hti\u00e4 taivaalta. Valitse Sparkling Rubber Base ja ole t\u00e4hdist\u00f6n kirkkain pilli!<\/p>\n<hr \/>","protected":false},"featured_media":9804,"template":"","meta":[],"product_brand":[],"product_cat":[116,219,117,140,231,220],"product_tag":[158,159],"class_list":{"0":"post-9803","1":"product","2":"type-product","3":"status-publish","4":"has-post-thumbnail","6":"product_cat-makear","7":"product_cat-base-and-top-coat","8":"product_cat-base","9":"product_cat-sparkling-rubber-base","10":"product_cat-rubber-base-coat","11":"product_cat-colourful-base-coat","12":"product_tag-kummist-alus","13":"product_tag-rubber-base","15":"first","16":"instock","17":"taxable","18":"shipping-taxable","19":"purchasable","20":"product-type-simple"},"jetpack_sharing_enabled":true,"_links":{"self":[{"href":"https:\/\/shop.bestudio.ee\/fi\/wp-json\/wp\/v2\/product\/9803","targetHints":{"allow":["GET"]}}],"collection":[{"href":"https:\/\/shop.bestudio.ee\/fi\/wp-json\/wp\/v2\/product"}],"about":[{"href":"https:\/\/shop.bestudio.ee\/fi\/wp-json\/wp\/v2\/types\/product"}],"wp:featuredmedia":[{"embeddable":true,"href":"https:\/\/shop.bestudio.ee\/fi\/wp-json\/wp\/v2\/media\/9804"}],"wp:attachment":[{"href":"https:\/\/shop.bestudio.ee\/fi\/wp-json\/wp\/v2\/media?parent=9803"}],"wp:term":[{"taxonomy":"product_brand","embeddable":true,"href":"https:\/\/shop.bestudio.ee\/fi\/wp-json\/wp\/v2\/product_brand?post=9803"},{"taxonomy":"product_cat","embeddable":true,"href":"https:\/\/shop.bestudio.ee\/fi\/wp-json\/wp\/v2\/product_cat?post=9803"},{"taxonomy":"product_tag","embeddable":true,"href":"https:\/\/shop.bestudio.ee\/fi\/wp-json\/wp\/v2\/product_tag?post=9803"}],"curies":[{"name":"wp","href":"https:\/\/api.w.org\/{rel}","templated":true}]}}