{"id":9820,"date":"2023-07-22T21:02:13","date_gmt":"2023-07-22T21:02:13","guid":{"rendered":"https:\/\/shop.bestudio.ee\/?post_type=product&#038;p=9820"},"modified":"2025-12-01T00:33:18","modified_gmt":"2025-11-30T22:33:18","slug":"top-no-wipe-gold-8ml","status":"publish","type":"product","link":"https:\/\/shop.bestudio.ee\/fi\/tuote\/top-no-wipe-gold-8ml\/","title":{"rendered":"Top No Wipe Gold, 8ml"},"content":{"rendered":"<ul>\n<li>Ominaisuudet: P\u00e4\u00e4llinen ilman dispersiokerrosta,<\/li>\n<li>Koostumus: keskipaksu \/ itsetasoittuva,<\/li>\n<li><strong>Kuinka k\u00e4ytt\u00e4\u00e4: <\/strong>Levit\u00e4 keskikerros hell\u00e4varaisin liikkein, koveta v\u00e4hint\u00e4\u00e4n 60 sekuntia led-\/kaksoislampussa, \u00e4l\u00e4 koske heti lampusta ottamisen j\u00e4lkeen, odota 15-20 sekuntia, kunnes se j\u00e4\u00e4htyy, emme suosittele oliivin levitt\u00e4mist\u00e4 vasta kovettuneelle pinnalle,<\/li>\n<li>Tilavuus: 8 ml,<\/li>\n<li>Merkint\u00e4: TNW (hopea, kulta).<\/li>\n<\/ul>\n<p>LED-lamppu min. 48W \u2013 1min. 36 W UV-lamppu \u2013 2 min.<\/p>","protected":false},"excerpt":{"rendered":"<p><strong>Top No Wipe Gold <\/strong><\/p>\n<p>Toppi ilman dispersiokerrosta, joka sis\u00e4lt\u00e4\u00e4 leikatun siirtofolion hiukkasia, mink\u00e4 ansiosta se antaa jokaiselle tyylille ainutlaatuisen ilmeen.<\/p>","protected":false},"featured_media":9821,"template":"","meta":[],"product_brand":[],"product_cat":[116,219,118,221],"product_tag":[163,162],"class_list":{"0":"post-9820","1":"product","2":"type-product","3":"status-publish","4":"has-post-thumbnail","6":"product_cat-makear","7":"product_cat-base-and-top-coat","8":"product_cat-top-cover","9":"product_cat-top-coat-with-effect","10":"product_tag-pealislakk","11":"product_tag-top-coat","13":"first","14":"instock","15":"taxable","16":"shipping-taxable","17":"purchasable","18":"product-type-simple"},"jetpack_sharing_enabled":true,"_links":{"self":[{"href":"https:\/\/shop.bestudio.ee\/fi\/wp-json\/wp\/v2\/product\/9820","targetHints":{"allow":["GET"]}}],"collection":[{"href":"https:\/\/shop.bestudio.ee\/fi\/wp-json\/wp\/v2\/product"}],"about":[{"href":"https:\/\/shop.bestudio.ee\/fi\/wp-json\/wp\/v2\/types\/product"}],"wp:featuredmedia":[{"embeddable":true,"href":"https:\/\/shop.bestudio.ee\/fi\/wp-json\/wp\/v2\/media\/9821"}],"wp:attachment":[{"href":"https:\/\/shop.bestudio.ee\/fi\/wp-json\/wp\/v2\/media?parent=9820"}],"wp:term":[{"taxonomy":"product_brand","embeddable":true,"href":"https:\/\/shop.bestudio.ee\/fi\/wp-json\/wp\/v2\/product_brand?post=9820"},{"taxonomy":"product_cat","embeddable":true,"href":"https:\/\/shop.bestudio.ee\/fi\/wp-json\/wp\/v2\/product_cat?post=9820"},{"taxonomy":"product_tag","embeddable":true,"href":"https:\/\/shop.bestudio.ee\/fi\/wp-json\/wp\/v2\/product_tag?post=9820"}],"curies":[{"name":"wp","href":"https:\/\/api.w.org\/{rel}","templated":true}]}}