{"id":9846,"date":"2023-09-12T13:36:23","date_gmt":"2023-09-12T13:36:23","guid":{"rendered":"https:\/\/shop.bestudio.ee\/?post_type=product&#038;p=9846"},"modified":"2025-02-13T23:37:11","modified_gmt":"2025-02-13T21:37:11","slug":"top-cherry-no-wipe-8ml","status":"publish","type":"product","link":"https:\/\/shop.bestudio.ee\/fi\/tuote\/top-cherry-no-wipe-8ml\/","title":{"rendered":"Top Cherry (ei pyyhki\u00e4), 8ml"},"content":{"rendered":"<p>Yl\u00e4osa ei pyyhk\u00e4isy\u00e4, jossa on kameleonttiefektill\u00e4 varustettua siirtofoliota.<\/p>\n<p>Kuinka k\u00e4ytt\u00e4\u00e4:<\/p>\n<ul>\n<li>Levit\u00e4 kerros Topia hell\u00e4varaisin liikkein.<\/li>\n<li>Koveta sit\u00e4 Led\/Dual Led -lampussa 60s.<\/li>\n<li>\u00c4l\u00e4 koske kynsiin sen j\u00e4lkeen, kun olet ottanut k\u00e4den pois lampusta.<\/li>\n<\/ul>\n<p>Suosittelemme odottamaan 20-30 sekuntia, kunnes se j\u00e4\u00e4htyy \u2013 jos et halua kyntesi mattaistuvan.<\/p>","protected":false},"excerpt":{"rendered":"<p><strong>P\u00c4\u00c4KIRSIKA (ei pyyhkimist\u00e4)<\/strong><\/p>\n<p>\u2013 se on toppi ilman dispersiokerrosta (ei pyyhett\u00e4), joka sis\u00e4lt\u00e4\u00e4 siirtofoliopilkkuja Chameleon Effectill\u00e4. T\u00e4m\u00e4n seurauksena jokaisella tyylill\u00e4 on upea ulkoasu.<\/p>\n<p>Hallitseva v\u00e4ri: pinkki<\/p>\n<p>Ominaisuudet:<\/p>\n<ul>\n<li>V\u00e4ri: folio, vaaleanpunaisen s\u00e4vyt,<\/li>\n<li>Itsetasoittuva,<\/li>\n<li>Pintakerros v\u00e4rilliselle geelilakalle tai geelille\/akryylille,<\/li>\n<li>Kovettumisaika: 60s UV\/Dual-led-lampussa,<\/li>\n<li>Koostumus: keskipaksu, itsetasoittuva,<\/li>\n<li>Kest\u00e4\u00e4 vaurioita,<\/li>\n<li>Tilavuus: 8 ml.<\/li>\n<\/ul>","protected":false},"featured_media":9847,"template":"","meta":[],"product_brand":[],"product_cat":[116,131,219,118,221],"product_tag":[163,162],"class_list":{"0":"post-9846","1":"product","2":"type-product","3":"status-publish","4":"has-post-thumbnail","6":"product_cat-makear","7":"product_cat-gel-polishes-makear","8":"product_cat-base-and-top-coat","9":"product_cat-top-cover","10":"product_cat-top-coat-with-effect","11":"product_tag-pealislakk","12":"product_tag-top-coat","14":"first","15":"instock","16":"taxable","17":"shipping-taxable","18":"purchasable","19":"product-type-simple"},"jetpack_sharing_enabled":true,"_links":{"self":[{"href":"https:\/\/shop.bestudio.ee\/fi\/wp-json\/wp\/v2\/product\/9846","targetHints":{"allow":["GET"]}}],"collection":[{"href":"https:\/\/shop.bestudio.ee\/fi\/wp-json\/wp\/v2\/product"}],"about":[{"href":"https:\/\/shop.bestudio.ee\/fi\/wp-json\/wp\/v2\/types\/product"}],"wp:featuredmedia":[{"embeddable":true,"href":"https:\/\/shop.bestudio.ee\/fi\/wp-json\/wp\/v2\/media\/9847"}],"wp:attachment":[{"href":"https:\/\/shop.bestudio.ee\/fi\/wp-json\/wp\/v2\/media?parent=9846"}],"wp:term":[{"taxonomy":"product_brand","embeddable":true,"href":"https:\/\/shop.bestudio.ee\/fi\/wp-json\/wp\/v2\/product_brand?post=9846"},{"taxonomy":"product_cat","embeddable":true,"href":"https:\/\/shop.bestudio.ee\/fi\/wp-json\/wp\/v2\/product_cat?post=9846"},{"taxonomy":"product_tag","embeddable":true,"href":"https:\/\/shop.bestudio.ee\/fi\/wp-json\/wp\/v2\/product_tag?post=9846"}],"curies":[{"name":"wp","href":"https:\/\/api.w.org\/{rel}","templated":true}]}}