{"id":9853,"date":"2023-09-26T16:33:45","date_gmt":"2023-09-26T16:33:45","guid":{"rendered":"https:\/\/shop.bestudio.ee\/?post_type=product&#038;p=9853"},"modified":"2025-12-01T00:31:29","modified_gmt":"2025-11-30T22:31:29","slug":"sfx-liquid-effect-dust-bp06-5ml","status":"publish","type":"product","link":"https:\/\/shop.bestudio.ee\/fi\/tuote\/sfx-liquid-effect-dust-bp06-5ml\/","title":{"rendered":"SFX Liquid Effect p\u00f6ly BP06, 5ml"},"content":{"rendered":"<p>5 ml,<\/p>\n<p>Kuinka k\u00e4ytt\u00e4\u00e4 sit\u00e4:<\/p>\n<ol>\n<li>Levit\u00e4 Top No Wipe valittuun v\u00e4riin. Koveta sen j\u00e4lkeen 30sek (suosittelemme hieromaan l\u00e4mpim\u00e4\u00e4n pintaan)<\/li>\n<li>Levit\u00e4 SFX pullosta olevalla applikaattorilla.<\/li>\n<li>Hiero p\u00f6ly\u00e4 sormi- tai kynsip\u00f6lyapplikaattorilla.<\/li>\n<li>Levit\u00e4 Top ja koveta se.<\/li>\n<\/ol>\n<p>&nbsp;<\/p>\n<p>Ainesosat: HEKSAFLUOROPOPEENITRIMER, PIILI, CI 77891<\/p>","protected":false},"excerpt":{"rendered":"<p><strong>SFX LIQUID MAKEAR<\/strong><br \/>\nKirkas prisma<\/p>\n<p>Kokeile uutta vallankumousta manikyyriss\u00e4! Uusi innovatiivinen tuotteemme \u2013 SFX Liquid (erikoisnestep\u00f6ly), joka antaa kynsille v\u00e4rikk\u00e4it\u00e4 pintavaikutuksia.<\/p>\n<p>SFX Liquid on \u00e4\u00e4rimm\u00e4isen innovatiivinen tuote, joka muuttuu t\u00e4ysin toimiessaan t\u00e4plill\u00e4. Perinteiseen p\u00f6lyyn verrattuna se ei likaannu eik\u00e4 hajoa. T\u00e4m\u00e4n seurauksena tuotteen levitt\u00e4minen on helppoa ja selke\u00e4\u00e4. Voit s\u00e4\u00e4st\u00e4\u00e4 aikaa ja se antaa sinulle eritt\u00e4in miellytt\u00e4v\u00e4n kokemuksen.<br \/>\nYksi SFX-nesteen t\u00e4rkeimmist\u00e4 eduista on sen uskomaton tehokkuus. Sen sile\u00e4n koostumuksen ansiosta voit levitt\u00e4\u00e4 tuotteen tarkasti, jotta et tuhlaa sit\u00e4. Jokainen SFX Liquid -pullo antaa sinulle enemm\u00e4n mahdollisuuksia kuin perinteinen p\u00f6ly.<\/p>\n<p>Bright Prism -mallisto koostuu 6 ainutlaatuisesta s\u00e4vyst\u00e4, jotka muuttuvat eri v\u00e4reiksi. Ne antavat manikyyrillesi upean kiillon. Ne n\u00e4ytt\u00e4v\u00e4t h\u00e4mm\u00e4stytt\u00e4v\u00e4n kirkkailta v\u00e4reilt\u00e4, koska ne luovat erityisi\u00e4 kontrasteja ja salamaefektej\u00e4. Valmistaudu manikyyrien vallankumoukseen SFX Liquidill\u00e4!<\/p>\n<p>Tutustu rajattomaan luovuuteen ja anna kynsillesi ainutlaatuinen irisoiva v\u00e4riefekti.<\/p>\n<ul>\n<li>Se ei j\u00e4t\u00e4 p\u00f6ly\u00e4<\/li>\n<li>Se on tehokkaampi kuin keskim\u00e4\u00e4r\u00e4inen p\u00f6ly.<\/li>\n<li>Se s\u00e4\u00e4st\u00e4\u00e4 aikaasi<\/li>\n<li>Se antaa sinulle upean irisoivan vaikutuksen.<\/li>\n<\/ul>","protected":false},"featured_media":9854,"template":"","meta":[],"product_brand":[],"product_cat":[116,135,229],"product_tag":[160,217,216,161],"class_list":{"0":"post-9853","1":"product","2":"type-product","3":"status-publish","4":"has-post-thumbnail","6":"product_cat-makear","7":"product_cat-makeart","8":"product_cat-nail-art","9":"product_tag-hoorudes","10":"product_tag-kuunte-kunsti","11":"product_tag-nail-art","12":"product_tag-nail-dust","14":"first","15":"instock","16":"taxable","17":"shipping-taxable","18":"purchasable","19":"product-type-simple"},"jetpack_sharing_enabled":true,"_links":{"self":[{"href":"https:\/\/shop.bestudio.ee\/fi\/wp-json\/wp\/v2\/product\/9853","targetHints":{"allow":["GET"]}}],"collection":[{"href":"https:\/\/shop.bestudio.ee\/fi\/wp-json\/wp\/v2\/product"}],"about":[{"href":"https:\/\/shop.bestudio.ee\/fi\/wp-json\/wp\/v2\/types\/product"}],"wp:featuredmedia":[{"embeddable":true,"href":"https:\/\/shop.bestudio.ee\/fi\/wp-json\/wp\/v2\/media\/9854"}],"wp:attachment":[{"href":"https:\/\/shop.bestudio.ee\/fi\/wp-json\/wp\/v2\/media?parent=9853"}],"wp:term":[{"taxonomy":"product_brand","embeddable":true,"href":"https:\/\/shop.bestudio.ee\/fi\/wp-json\/wp\/v2\/product_brand?post=9853"},{"taxonomy":"product_cat","embeddable":true,"href":"https:\/\/shop.bestudio.ee\/fi\/wp-json\/wp\/v2\/product_cat?post=9853"},{"taxonomy":"product_tag","embeddable":true,"href":"https:\/\/shop.bestudio.ee\/fi\/wp-json\/wp\/v2\/product_tag?post=9853"}],"curies":[{"name":"wp","href":"https:\/\/api.w.org\/{rel}","templated":true}]}}