{"id":9877,"date":"2023-09-26T20:11:14","date_gmt":"2023-09-26T17:11:14","guid":{"rendered":"https:\/\/shop.bestudio.ee\/?post_type=product&#038;p=9877"},"modified":"2026-01-19T20:11:39","modified_gmt":"2026-01-19T18:11:39","slug":"nrb01-white-nude-rubber-base-8ml","status":"publish","type":"product","link":"https:\/\/shop.bestudio.ee\/fi\/tuote\/nrb01-white-nude-rubber-base-8ml\/","title":{"rendered":"NRB01 White \u2013 Nude Rubber Base, 8ml"},"content":{"rendered":"<div>\n<ul>\n<li>Merkint\u00e4: NRB01<\/li>\n<li>V\u00e4ri: Maidonvalkoinen<\/li>\n<li>Koostumus: Paksu<\/li>\n<li>Tilavuus: 8 ml<\/li>\n<\/ul>\n<div><\/div>\n<\/div>\n<div><\/div>\n<div><\/div>\n<div><\/div>\n<div>LED-lamppu min. 48W \u2013 1min. UV 36W lamppu \u2013 2min.<\/div>","protected":false},"excerpt":{"rendered":"<h2 class=\"h3\">Valkoinen \u2013 Nude-kumipohja<\/h2>\n<p>Universaalit ja samalla halutuimmat v\u00e4rit, joita jokaisesta kynsisalongista tulee l\u00f6yty\u00e4?<br \/>\nN\u00e4m\u00e4 ovat NUDE-s\u00e4vyt!<\/p>\n<div><\/div>\n<div>Ranskalainen manikyyripohja, herkk\u00e4 muotoilu toimistoon, hullu muotoilu paljain kynsill\u00e4? Voit tehd\u00e4 sen kaiken kumipohjamme avulla.<\/div>\n<div><\/div>\n<div>Nude Rubber Base on kokoelma kumipohjat 8 h\u00e4mm\u00e4stytt\u00e4v\u00e4ss\u00e4 v\u00e4riss\u00e4, jotka sopivat mihin tahansa ihon s\u00e4vyyn. Vaihda pohja- ja hybridilakka yhdell\u00e4 tuotteella, joka t\u00e4ytt\u00e4\u00e4 parhaiden stylistien odotukset.<\/div>\n<div><\/div>\n<div>T\u00e4m\u00e4 on pakollinen tuote klinikallasi!<\/div>\n<div><\/div>\n<div>Nude-kumipohjan t\u00e4rkeimm\u00e4t edut:<\/div>\n<div><\/div>\n<div>\n<ul>\n<li>Se nopeuttaa ty\u00f6t\u00e4 \u2013 yksi tuote korvaa kaksi aiemmin k\u00e4ytetty\u00e4!<\/li>\n<li>8 v\u00e4ri\u00e4, jotka voidaan helposti sovittaa mihin tahansa ihons\u00e4vyyn.<\/li>\n<li>Se on joustava \u2013 se toimii kynnen kanssa, mik\u00e4 tekee siit\u00e4 kest\u00e4v\u00e4n halkeilua tai vaurioita vastaan.<\/li>\n<li>Paksun koostumuksensa ansiosta se tasoittaa t\u00e4ydellisesti ep\u00e4tasaisia tai vaurioituneita kynsilevyj\u00e4.<\/li>\n<li>T\u00e4ydellisesti muotoiltu sivellin takaa tuotteen helpon levitt\u00e4misen my\u00f6s ongelmallisiin paikkoihin, kuten kynsivarren ymp\u00e4rille.<\/li>\n<li>Lampussa kovettamisen j\u00e4lkeen se ei vaadi viilaamista.<\/li>\n<li>T\u00e4ydellinen perusta ranskalaiselle tyylille.<\/li>\n<\/ul>\n<\/div>","protected":false},"featured_media":9878,"template":"","meta":[],"product_brand":[],"product_cat":[116,131,219,117,128,231,220],"product_tag":[158,159],"class_list":{"0":"post-9877","1":"product","2":"type-product","3":"status-publish","4":"has-post-thumbnail","6":"product_cat-makear","7":"product_cat-gel-polishes-makear","8":"product_cat-base-and-top-coat","9":"product_cat-base","10":"product_cat-rubber-base-nude","11":"product_cat-rubber-base-coat","12":"product_cat-colourful-base-coat","13":"product_tag-kummist-alus","14":"product_tag-rubber-base","16":"first","17":"instock","18":"taxable","19":"shipping-taxable","20":"purchasable","21":"product-type-simple"},"jetpack_sharing_enabled":true,"_links":{"self":[{"href":"https:\/\/shop.bestudio.ee\/fi\/wp-json\/wp\/v2\/product\/9877","targetHints":{"allow":["GET"]}}],"collection":[{"href":"https:\/\/shop.bestudio.ee\/fi\/wp-json\/wp\/v2\/product"}],"about":[{"href":"https:\/\/shop.bestudio.ee\/fi\/wp-json\/wp\/v2\/types\/product"}],"wp:featuredmedia":[{"embeddable":true,"href":"https:\/\/shop.bestudio.ee\/fi\/wp-json\/wp\/v2\/media\/9878"}],"wp:attachment":[{"href":"https:\/\/shop.bestudio.ee\/fi\/wp-json\/wp\/v2\/media?parent=9877"}],"wp:term":[{"taxonomy":"product_brand","embeddable":true,"href":"https:\/\/shop.bestudio.ee\/fi\/wp-json\/wp\/v2\/product_brand?post=9877"},{"taxonomy":"product_cat","embeddable":true,"href":"https:\/\/shop.bestudio.ee\/fi\/wp-json\/wp\/v2\/product_cat?post=9877"},{"taxonomy":"product_tag","embeddable":true,"href":"https:\/\/shop.bestudio.ee\/fi\/wp-json\/wp\/v2\/product_tag?post=9877"}],"curies":[{"name":"wp","href":"https:\/\/api.w.org\/{rel}","templated":true}]}}