{"id":9881,"date":"2023-09-26T20:18:32","date_gmt":"2023-09-26T17:18:32","guid":{"rendered":"https:\/\/shop.bestudio.ee\/?post_type=product&#038;p=9881"},"modified":"2026-01-11T19:40:08","modified_gmt":"2026-01-11T17:40:08","slug":"builder-base-milky-15ml","status":"publish","type":"product","link":"https:\/\/shop.bestudio.ee\/fi\/tuote\/builder-base-milky-15ml\/","title":{"rendered":"Builder Base Milky, 15 ml"},"content":{"rendered":"<p><strong>Kuinka k\u00e4ytt\u00e4\u00e4: <\/strong>Suosittelemme sen k\u00e4ytt\u00f6\u00e4 aiemmin kovetetussa klassisessa &quot;Base&quot;ssa. Kovetamme v\u00e4hint\u00e4\u00e4n 60 sekuntia led-\/kaksoislampussa. Se ei vaadi pyyhkimist\u00e4 ennen v\u00e4rin levitt\u00e4mist\u00e4.<\/p>\n<ul>\n<li>Tilavuus: 15 ml,<\/li>\n<li>Br\u00e4nd\u00e4ys BB Milky,<\/li>\n<\/ul>\n<p>LED-lamppu min. 48W \u2013 1min. 36 W UV-lamppu \u2013 2 min.<\/p>\n<p>&nbsp;<\/p>\n<p>AINESOSAT: AKRYLAATIT KOPOLYMERI, HEMA, ISOBORNYYLIMETAKRYLAATTI, HYDROKSISYKLOHEKSYLIFENYLIKETONI, TRIMETYLIBENTSOYLIDIFENYYLIFOSFIINIOKSIDI, +\/-: CI 45410, CI 45410, CI 15410, CI 15815774 510, CI 77499, CI 77891, CI 77288.<\/p>","protected":false},"excerpt":{"rendered":"<p><strong>Builder Base Milky <\/strong><\/p>\n<p>Oletko herkkien ja luonnollisten tyylien yst\u00e4v\u00e4? Jos n\u00e4in on, BB Milky Base vastaa t\u00e4ysin odotuksiasi. Base-tuotteemme k\u00e4ytt\u00f6 ei vaadi v\u00e4rillist\u00e4 levityst\u00e4, koska sen kaunis maitomainen v\u00e4ri n\u00e4ytt\u00e4\u00e4 upealta vain Top No Wipe -pinnoitteena.<\/p>\n<ul>\n<li>V\u00e4ri: maidonvalkoinen,<\/li>\n<li>Opasiteetti: 70%,<\/li>\n<li>T\u00e4ydellinen t\u00e4ydent\u00e4m\u00e4\u00e4n geelin kasvua.<\/li>\n<li>Ominaisuudet: kova, rakentajapohja. Soveltuu ihanteellisesti luonnollisen laatan kovettamiseen ja mekaanisilta vaurioilta suojaavan kaaren rakentamiseen,<\/li>\n<li>Koostumus: tihe\u00e4 \/ itsetasoittuva.<\/li>\n<\/ul>","protected":false},"featured_media":9882,"template":"","meta":[],"product_brand":[],"product_cat":[116,219,117,130,232,220],"product_tag":[157,156],"class_list":{"0":"post-9881","1":"product","2":"type-product","3":"status-publish","4":"has-post-thumbnail","6":"product_cat-makear","7":"product_cat-base-and-top-coat","8":"product_cat-base","9":"product_cat-builder-base-nude","10":"product_cat-builder-base-coat","11":"product_cat-colourful-base-coat","12":"product_tag-bulder-base","13":"product_tag-ehitusbaas","15":"first","16":"outofstock","17":"taxable","18":"shipping-taxable","19":"purchasable","20":"product-type-simple"},"jetpack_sharing_enabled":true,"_links":{"self":[{"href":"https:\/\/shop.bestudio.ee\/fi\/wp-json\/wp\/v2\/product\/9881","targetHints":{"allow":["GET"]}}],"collection":[{"href":"https:\/\/shop.bestudio.ee\/fi\/wp-json\/wp\/v2\/product"}],"about":[{"href":"https:\/\/shop.bestudio.ee\/fi\/wp-json\/wp\/v2\/types\/product"}],"wp:featuredmedia":[{"embeddable":true,"href":"https:\/\/shop.bestudio.ee\/fi\/wp-json\/wp\/v2\/media\/9882"}],"wp:attachment":[{"href":"https:\/\/shop.bestudio.ee\/fi\/wp-json\/wp\/v2\/media?parent=9881"}],"wp:term":[{"taxonomy":"product_brand","embeddable":true,"href":"https:\/\/shop.bestudio.ee\/fi\/wp-json\/wp\/v2\/product_brand?post=9881"},{"taxonomy":"product_cat","embeddable":true,"href":"https:\/\/shop.bestudio.ee\/fi\/wp-json\/wp\/v2\/product_cat?post=9881"},{"taxonomy":"product_tag","embeddable":true,"href":"https:\/\/shop.bestudio.ee\/fi\/wp-json\/wp\/v2\/product_tag?post=9881"}],"curies":[{"name":"wp","href":"https:\/\/api.w.org\/{rel}","templated":true}]}}