{"id":9883,"date":"2023-09-26T20:24:40","date_gmt":"2023-09-26T17:24:40","guid":{"rendered":"https:\/\/shop.bestudio.ee\/?post_type=product&#038;p=9883"},"modified":"2025-12-01T00:28:34","modified_gmt":"2025-11-30T22:28:34","slug":"builder-base-pink-8ml","status":"publish","type":"product","link":"https:\/\/shop.bestudio.ee\/fi\/tuote\/builder-base-pink-8ml\/","title":{"rendered":"Builder Base Pink, 8ml"},"content":{"rendered":"<p><strong>Kuinka k\u00e4ytt\u00e4\u00e4: <\/strong>Suosittelemme k\u00e4ytt\u00f6\u00e4 aiemmin kovetetulla klassisella pohjalla &quot;Base&quot;. Kovetamme v\u00e4hint\u00e4\u00e4n 60 sekuntia led-\/kaksoislampussa. Sit\u00e4 ei tarvitse pyyhki\u00e4 ennen v\u00e4rin levitt\u00e4mist\u00e4.<\/p>\n<ul>\n<li>Tilavuus: 8 ml,<\/li>\n<li>Merkint\u00e4: BB Pink.<\/li>\n<\/ul>\n<p>LED-lamppu min. 48W \u2013 1min. 36 W UV-lamppu \u2013 2 min.<\/p>\n<p>&nbsp;<\/p>\n<p>AINESOSAT: AKRYLAATIT KOPOLYMERI, HEMA, ISOBORNYYLIMETAKRYLAATTI, HYDROKSISYKLOHEKSYLIFENYLIKETONI, TRIMETYLIBENTSOYLIDIFENYYLIFOSFIINIOKSIDI, +\/-: CI 45410, CI 45410, CI 15410, CI 15815774 510, CI 77499, CI 77891, CI 77288.<\/p>","protected":false},"excerpt":{"rendered":"<p><strong>Builder Base vaaleanpunainen <\/strong><\/p>\n<p>Se on eritt\u00e4in kova rakennuspohja, jossa on herkk\u00e4 vaaleanpunainen s\u00e4vy. T\u00e4m\u00e4n tuotteen t\u00e4ydellinen koostumus mahdollistaa kynnen t\u00e4ydellisen kaarevuuden rakentamisen.<\/p>\n<ul>\n<li>V\u00e4ri: Puolil\u00e4pin\u00e4kyv\u00e4, l\u00e4mmin pinkki,<\/li>\n<li>Kantavuus: 40%,<\/li>\n<li>T\u00e4ll\u00e4 tuotteella voit helposti viimeistell\u00e4 geelin uudelleenkasvun,<\/li>\n<li>Ominaisuudet: kova, rakennuspohja,<\/li>\n<li>T\u00e4ydellinen luonnollisen kynsilevyn kovettamiseen ja mekaanisilta vaurioilta suojaavan kaaren rakentamiseen,<\/li>\n<li>Koostumus: keskipaksu \/ itsetasoittuva.<\/li>\n<\/ul>","protected":false},"featured_media":9884,"template":"","meta":[],"product_brand":[],"product_cat":[116,219,117,130,232,220],"product_tag":[157,156],"class_list":{"0":"post-9883","1":"product","2":"type-product","3":"status-publish","4":"has-post-thumbnail","6":"product_cat-makear","7":"product_cat-base-and-top-coat","8":"product_cat-base","9":"product_cat-builder-base-nude","10":"product_cat-builder-base-coat","11":"product_cat-colourful-base-coat","12":"product_tag-bulder-base","13":"product_tag-ehitusbaas","15":"first","16":"instock","17":"taxable","18":"shipping-taxable","19":"purchasable","20":"product-type-simple"},"jetpack_sharing_enabled":true,"_links":{"self":[{"href":"https:\/\/shop.bestudio.ee\/fi\/wp-json\/wp\/v2\/product\/9883","targetHints":{"allow":["GET"]}}],"collection":[{"href":"https:\/\/shop.bestudio.ee\/fi\/wp-json\/wp\/v2\/product"}],"about":[{"href":"https:\/\/shop.bestudio.ee\/fi\/wp-json\/wp\/v2\/types\/product"}],"wp:featuredmedia":[{"embeddable":true,"href":"https:\/\/shop.bestudio.ee\/fi\/wp-json\/wp\/v2\/media\/9884"}],"wp:attachment":[{"href":"https:\/\/shop.bestudio.ee\/fi\/wp-json\/wp\/v2\/media?parent=9883"}],"wp:term":[{"taxonomy":"product_brand","embeddable":true,"href":"https:\/\/shop.bestudio.ee\/fi\/wp-json\/wp\/v2\/product_brand?post=9883"},{"taxonomy":"product_cat","embeddable":true,"href":"https:\/\/shop.bestudio.ee\/fi\/wp-json\/wp\/v2\/product_cat?post=9883"},{"taxonomy":"product_tag","embeddable":true,"href":"https:\/\/shop.bestudio.ee\/fi\/wp-json\/wp\/v2\/product_tag?post=9883"}],"curies":[{"name":"wp","href":"https:\/\/api.w.org\/{rel}","templated":true}]}}