{"id":9903,"date":"2023-09-26T17:57:37","date_gmt":"2023-09-26T17:57:37","guid":{"rendered":"https:\/\/shop.bestudio.ee\/?post_type=product&#038;p=9903"},"modified":"2025-12-01T00:29:09","modified_gmt":"2025-11-30T22:29:09","slug":"c23-cat-eye-23-8ml","status":"publish","type":"product","link":"https:\/\/shop.bestudio.ee\/fi\/tuote\/c23-cat-eye-23-8ml\/","title":{"rendered":"Geelilakka C23 Cat Eye 23, 8ml"},"content":{"rendered":"<p><strong>HUOMAUTUS:<\/strong>\u00a0ravista pulloa hyvin ennen k\u00e4ytt\u00f6\u00e4 (hiukkaset asettuvat pohjalle),<\/p>\n<ul>\n<li>Tilavuus: 8 ml,<\/li>\n<li>Merkint\u00e4: C20-C26.<\/li>\n<\/ul>\n<p>LED-lamppu min. 48W \u2013 1min. 36 W UV-lamppu \u2013 2 min.<\/p>\n<p>&nbsp;<\/p>\n<p>AINESOSAT: AKRYLAATIT KOPOLYMERI, HEMA, TRIMETYLIBENTSOYLIDIFENYLIFOSFIINIOKSIDI, HYDROKSISYKLOHEKSYLIFENYLIKETONI, PIILI, KIILTE, +\/-: CI 45410, CI 15810, CI 1581910,70,71,71910 CI 77499, CI 77891, CI 77288.<\/p>","protected":false},"excerpt":{"rendered":"<p><strong>Kissansilm\u00e4 23<\/strong><\/p>\n<p><strong>Makear \u2122 UV \/ LED -hybridilakka<\/strong><\/p>\n<p><strong>Cat Eye -sarja<\/strong><\/p>\n<p>Kokoelma myydyimpi\u00e4 lakkoja kissansilm\u00e4efektill\u00e4. Magneettiset lakat seitsem\u00e4ss\u00e4 kauniissa v\u00e4riss\u00e4 ilahduttavat sinua ensimm\u00e4isest\u00e4 k\u00e4ytt\u00f6kerrasta l\u00e4htien.<\/p>\n<ul>\n<li>Tarkoitettu ammattik\u00e4ytt\u00f6\u00f6n,<\/li>\n<li>Kiilt\u00e4v\u00e4,<\/li>\n<li>Geelin kest\u00e4vyys \u2013 usean viikon vaikutus,<\/li>\n<li>3-vapaa tuote \u2013 ei sis\u00e4ll\u00e4 formaldehydi\u00e4, tolueenia ja DBP:t\u00e4,<\/li>\n<li>T\u00e4ydellisesti muotoiltu sivellin,<\/li>\n<li>Korkin todellinen v\u00e4ri ja ylellinen pullo tekev\u00e4t tuotteesta ainutlaatuisen,<\/li>\n<li>Lakka on pakattu pahvilaatikkoon, mik\u00e4 varmistaa turvallisuuden kuljetuksen aikana ja on samalla t\u00e4ysin biohajoava *,<\/li>\n<li>Magneettinen hybridilakka kissansilm\u00e4efektill\u00e4,<\/li>\n<li>Vaikutus saadaan erityisell\u00e4 magneetilla.<\/li>\n<\/ul>","protected":false},"featured_media":9904,"template":"","meta":[],"product_brand":[],"product_cat":[116,131,141,218,242],"product_tag":[154,152,153,155],"class_list":{"0":"post-9903","1":"product","2":"type-product","3":"status-publish","4":"has-post-thumbnail","6":"product_cat-makear","7":"product_cat-gel-polishes-makear","8":"product_cat-cat-eye-series","9":"product_cat-nail-gel-polishes","10":"product_cat-cat-eye-collection","11":"product_tag-cat-eye","12":"product_tag-geellakk","13":"product_tag-gel-polish","14":"product_tag-kassi-silm","16":"first","17":"instock","18":"taxable","19":"shipping-taxable","20":"purchasable","21":"product-type-simple"},"jetpack_sharing_enabled":true,"_links":{"self":[{"href":"https:\/\/shop.bestudio.ee\/fi\/wp-json\/wp\/v2\/product\/9903","targetHints":{"allow":["GET"]}}],"collection":[{"href":"https:\/\/shop.bestudio.ee\/fi\/wp-json\/wp\/v2\/product"}],"about":[{"href":"https:\/\/shop.bestudio.ee\/fi\/wp-json\/wp\/v2\/types\/product"}],"wp:featuredmedia":[{"embeddable":true,"href":"https:\/\/shop.bestudio.ee\/fi\/wp-json\/wp\/v2\/media\/9904"}],"wp:attachment":[{"href":"https:\/\/shop.bestudio.ee\/fi\/wp-json\/wp\/v2\/media?parent=9903"}],"wp:term":[{"taxonomy":"product_brand","embeddable":true,"href":"https:\/\/shop.bestudio.ee\/fi\/wp-json\/wp\/v2\/product_brand?post=9903"},{"taxonomy":"product_cat","embeddable":true,"href":"https:\/\/shop.bestudio.ee\/fi\/wp-json\/wp\/v2\/product_cat?post=9903"},{"taxonomy":"product_tag","embeddable":true,"href":"https:\/\/shop.bestudio.ee\/fi\/wp-json\/wp\/v2\/product_tag?post=9903"}],"curies":[{"name":"wp","href":"https:\/\/api.w.org\/{rel}","templated":true}]}}