{"id":9927,"date":"2023-09-28T16:28:31","date_gmt":"2023-09-28T16:28:31","guid":{"rendered":"https:\/\/shop.bestudio.ee\/?post_type=product&#038;p=9927"},"modified":"2025-12-01T00:27:36","modified_gmt":"2025-11-30T22:27:36","slug":"gc03-galaxy-cat-eye-03-8ml","status":"publish","type":"product","link":"https:\/\/shop.bestudio.ee\/fi\/tuote\/gc03-galaxy-cat-eye-03-8ml\/","title":{"rendered":"Geelilakka GC03 Galaxy Cat Eye 03, 8ml"},"content":{"rendered":"<ul>\n<li>Varoitus: pulloa on ravistettava ennen levitt\u00e4mist\u00e4 (t\u00e4pl\u00e4t j\u00e4\u00e4v\u00e4t pohjaan)<\/li>\n<li>Tilavuus: 8 ml<\/li>\n<li>Telakointi: CG01-CG06<\/li>\n<\/ul>\n<p>LED-lamppu min 48W \u2013 1 minuutti. UV-lamppu 36W \u2013 2 minuuttia<\/p>\n<p>K\u00e4ytt\u00f6tapa: Levit\u00e4 ohut kerros pohjamaalia \u2013 koveta UV\/LED-lampussa. Levit\u00e4 ensimm\u00e4inen kerros suosikki Cat Eye -v\u00e4ri\u00e4si \u2013 ved\u00e4 Magneettitikkua kyntt\u00e4 kohti 5 sekunnin ajan (koskematta siihen) \u2013 koveta UV\/LED-lampussa. Levit\u00e4 toinen kerros Cat Eye -v\u00e4ri\u00e4 ja ved\u00e4 Magnetic Stick -puikkoa kyntt\u00e4 kohti 5 sekunnin ajan (koskematta siihen). Kun saat tyydytt\u00e4v\u00e4n vaikutuksen, koveta se UV\/LED-lampussa.<\/p>\n<p>AINESOSAT: AKRYLAATIT KOPOLYMERI, HEMA, TRIMETYLIBENTSOYLIDIFENYLIFOSFIINIOKSIDI, HYDROKSISYKLOHEKSYLIFENYLIKETONI, PIILI, KIILTE, +\/-: CI 45410, CI 15810, CI 1581910,70,71,71910 CI 77499, CI 77891, CI 77288.<\/p>","protected":false},"excerpt":{"rendered":"<p>Geelilakka MAKEAR\u2122 UV\/LED<br \/>\nGalaxy Cat Eye -kokoelma<\/p>\n<p>Sekoitus Illusion- ja Cat Eye -kokoelmistamme? Miksi ei? Selke\u00e4, kiehtova ja kahden v\u00e4rin sekoitus, joka ilahduttaa kaikkia. Dioptriset metallit\u00e4pl\u00e4t, jotka l\u00f6yd\u00e4t Galaxy-kokoelmasta, luovat h\u00e4mm\u00e4stytt\u00e4v\u00e4n galaksin.<br \/>\nVaikutuksen saavuttamiseksi sinulla pit\u00e4isi olla Magnetic Stick.<\/p>\n<ul>\n<li>Kiilt\u00e4v\u00e4<\/li>\n<li>Kest\u00e4vyys: pari viikkoa<\/li>\n<li>3-vapaat tuotteet: ilman formaldehydi\u00e4, tolueenia ja DBP:t\u00e4<\/li>\n<li>T\u00e4ydellisen muotoinen sivellin<\/li>\n<li>Aito v\u00e4ri korkissa ja ylellinen pullo tekev\u00e4t t\u00e4st\u00e4 tuotteesta ainutlaatuisen<\/li>\n<li>Geelilakka on pakattu pahvipakkauksiin, mik\u00e4 varmistaa turvallisuuden kuljetuksen aikana ja on my\u00f6s t\u00e4ysin biohajoava*<\/li>\n<li>Vaikutus saavutetaan k\u00e4ytt\u00e4m\u00e4ll\u00e4 Magneettitikkua<\/li>\n<\/ul>","protected":false},"featured_media":9928,"template":"","meta":[],"product_brand":[],"product_cat":[116,131,141,218,242],"product_tag":[154,152,153,155],"class_list":{"0":"post-9927","1":"product","2":"type-product","3":"status-publish","4":"has-post-thumbnail","6":"product_cat-makear","7":"product_cat-gel-polishes-makear","8":"product_cat-cat-eye-series","9":"product_cat-nail-gel-polishes","10":"product_cat-cat-eye-collection","11":"product_tag-cat-eye","12":"product_tag-geellakk","13":"product_tag-gel-polish","14":"product_tag-kassi-silm","16":"first","17":"instock","18":"taxable","19":"shipping-taxable","20":"purchasable","21":"product-type-simple"},"jetpack_sharing_enabled":true,"_links":{"self":[{"href":"https:\/\/shop.bestudio.ee\/fi\/wp-json\/wp\/v2\/product\/9927","targetHints":{"allow":["GET"]}}],"collection":[{"href":"https:\/\/shop.bestudio.ee\/fi\/wp-json\/wp\/v2\/product"}],"about":[{"href":"https:\/\/shop.bestudio.ee\/fi\/wp-json\/wp\/v2\/types\/product"}],"wp:featuredmedia":[{"embeddable":true,"href":"https:\/\/shop.bestudio.ee\/fi\/wp-json\/wp\/v2\/media\/9928"}],"wp:attachment":[{"href":"https:\/\/shop.bestudio.ee\/fi\/wp-json\/wp\/v2\/media?parent=9927"}],"wp:term":[{"taxonomy":"product_brand","embeddable":true,"href":"https:\/\/shop.bestudio.ee\/fi\/wp-json\/wp\/v2\/product_brand?post=9927"},{"taxonomy":"product_cat","embeddable":true,"href":"https:\/\/shop.bestudio.ee\/fi\/wp-json\/wp\/v2\/product_cat?post=9927"},{"taxonomy":"product_tag","embeddable":true,"href":"https:\/\/shop.bestudio.ee\/fi\/wp-json\/wp\/v2\/product_tag?post=9927"}],"curies":[{"name":"wp","href":"https:\/\/api.w.org\/{rel}","templated":true}]}}