{"id":9946,"date":"2023-09-28T16:55:52","date_gmt":"2023-09-28T16:55:52","guid":{"rendered":"https:\/\/shop.bestudio.ee\/?post_type=product&#038;p=9946"},"modified":"2026-01-19T20:41:30","modified_gmt":"2026-01-19T18:41:30","slug":"gg03-lollipop-15ml","status":"publish","type":"product","link":"https:\/\/shop.bestudio.ee\/fi\/tuote\/gg03-lollipop-15ml\/","title":{"rendered":"Geeli GG03 Lollipop, 15 ml"},"content":{"rendered":"<p><strong>Ominaisuudet<\/strong>:<\/p>\n<ul>\n<li>Keskipaksu koostumus<\/li>\n<li>Itsetasoittuva<\/li>\n<li>Kovaa<\/li>\n<li>Hajuton<\/li>\n<li>100% peitto, pehme\u00e4 viilauksella<\/li>\n<li>Kest\u00e4v\u00e4 ja kest\u00e4\u00e4 vaurioita<\/li>\n<li>Tilavuus: 15ml,<\/li>\n<li>Merkint\u00e4: Gel&amp;Go<\/li>\n<\/ul>\n<p><strong>Tarkoitettu: <\/strong><\/p>\n<ul>\n<li>Tekniikat ilman sahausta,<\/li>\n<li>Kynsien pidennykset muottiin,<\/li>\n<li>Lis\u00e4ykset,<\/li>\n<li>Luonnollisten kynsien vahvistaminen<\/li>\n<\/ul>\n<p><strong>K\u00e4ytt\u00f6ohjeet: <\/strong><\/p>\n<ul>\n<li>1 \u2013 Valmistele kynsi tavalliseen tapaan<\/li>\n<li>2 \u2013 Levit\u00e4 pohja tai tee geeli<\/li>\n<li>3 \u2013 Levit\u00e4 geeli\u00e4 ja saavuta haluamasi muoto<\/li>\n<li>4 \u2013 Levit\u00e4 hybridikynsilakkaa<\/li>\n<li>5 \u2013 Levit\u00e4 yl\u00e4osa hybridilakkaille<\/li>\n<\/ul>\n<ul>\n<li><strong>Tuote on yhteensopiva kaikkien manikyyrituotteiden kanssa. LED-lamput min. 48W \u2013 1min. 36 W UV-lamppu \u2013 2 min. <\/strong><\/li>\n<\/ul>","protected":false},"excerpt":{"rendered":"<p><strong>Gel&amp;Go <\/strong><\/p>\n<p>On geeli, joka on suunniteltu nopeaan salonkity\u00f6h\u00f6n. Soveltuu ihanteellisesti ty\u00f6skentelyyn tekniikalla ilman viilaamista, kynsien pident\u00e4miseen muotoon, restaurointiin ja luonnollisten kynsien vahvistamiseen. Se on kova ja siksi kest\u00e4v\u00e4 ja kest\u00e4\u00e4 vaurioita tai ulkoisia tekij\u00f6it\u00e4. Sen keskipaksu koostumus ja itsetasoittuminen helpottavat tuotteen levitt\u00e4mist\u00e4 ilman, ett\u00e4 se roiskuu kynsinauhojen p\u00e4\u00e4lle, mik\u00e4 nopeuttaa ty\u00f6skentelytahtia.<\/p>\n<p>Gel&amp;Go on tuote, jonka ansiosta saat helposti halutun muodon kynnelle, mik\u00e4 t\u00e4rkeint\u00e4, sen avulla voit kirist\u00e4\u00e4 tunnelia, joka ei laajene. Se on 100% l\u00e4pin\u00e4kym\u00e4t\u00f6n, mik\u00e4 tekee siit\u00e4 t\u00e4ydellisen pohjan ranskalaiseen manikyyriin tai voit j\u00e4tt\u00e4\u00e4 kynnen geelill\u00e4 peitettyn\u00e4 ilman hybridilakkaa.<\/p>\n<p>Monitoimisuutensa ansiosta sit\u00e4 voidaan k\u00e4ytt\u00e4\u00e4 ammattimaisissa kauneushoitoloissa sek\u00e4 aloittelijoilla, jotka ovat vasta aloittamassa geelity\u00f6t\u00e4.<\/p>","protected":false},"featured_media":9947,"template":"","meta":[],"product_brand":[],"product_cat":[116,119,121,222,223],"product_tag":[148,149,151,150],"class_list":{"0":"post-9946","1":"product","2":"type-product","3":"status-publish","4":"has-post-thumbnail","6":"product_cat-makear","7":"product_cat-gel","8":"product_cat-gelgo","9":"product_cat-sculpting-gel-acrygel","10":"product_cat-gel-and-go","11":"product_tag-geel","12":"product_tag-gel","13":"product_tag-gel-nails","14":"product_tag-kuuntegeel","16":"first","17":"instock","18":"taxable","19":"shipping-taxable","20":"purchasable","21":"product-type-simple"},"jetpack_sharing_enabled":true,"_links":{"self":[{"href":"https:\/\/shop.bestudio.ee\/fi\/wp-json\/wp\/v2\/product\/9946","targetHints":{"allow":["GET"]}}],"collection":[{"href":"https:\/\/shop.bestudio.ee\/fi\/wp-json\/wp\/v2\/product"}],"about":[{"href":"https:\/\/shop.bestudio.ee\/fi\/wp-json\/wp\/v2\/types\/product"}],"wp:featuredmedia":[{"embeddable":true,"href":"https:\/\/shop.bestudio.ee\/fi\/wp-json\/wp\/v2\/media\/9947"}],"wp:attachment":[{"href":"https:\/\/shop.bestudio.ee\/fi\/wp-json\/wp\/v2\/media?parent=9946"}],"wp:term":[{"taxonomy":"product_brand","embeddable":true,"href":"https:\/\/shop.bestudio.ee\/fi\/wp-json\/wp\/v2\/product_brand?post=9946"},{"taxonomy":"product_cat","embeddable":true,"href":"https:\/\/shop.bestudio.ee\/fi\/wp-json\/wp\/v2\/product_cat?post=9946"},{"taxonomy":"product_tag","embeddable":true,"href":"https:\/\/shop.bestudio.ee\/fi\/wp-json\/wp\/v2\/product_tag?post=9946"}],"curies":[{"name":"wp","href":"https:\/\/api.w.org\/{rel}","templated":true}]}}