{"id":9972,"date":"2023-09-28T18:47:33","date_gmt":"2023-09-28T18:47:33","guid":{"rendered":"https:\/\/shop.bestudio.ee\/?post_type=product&#038;p=9972"},"modified":"2025-12-01T00:26:42","modified_gmt":"2025-11-30T22:26:42","slug":"ag03-milky-pink-30g","status":"publish","type":"product","link":"https:\/\/shop.bestudio.ee\/fi\/tuote\/ag03-milky-pink-30g\/","title":{"rendered":"Acrygel AG03 Milky Pink, 30g"},"content":{"rendered":"<p><strong>Kuinka k\u00e4yt\u00e4n kynsienpidennysmuotoja ja gelakryyli\u00e4?<\/strong><\/p>\n<p>1. Valmistele luonnollinen kynsilevy kunnolla matottamalla, puhdistamalla ja poistamalla rasva.<br \/>\n2. Levit\u00e4 pohjamaali ja koveta LED\/UV-lampun alla.<br \/>\n3. Leikkaa ja s\u00e4\u00e4d\u00e4 muoto niin, ett\u00e4 se sopii naulan reunaan. K\u00e4yt\u00e4 puhdistusaineeseen kastettua sivellint\u00e4 levitt\u00e4\u00e4ksesi tuotetta sivuille.<br \/>\n4. Kun olet tyytyv\u00e4inen tulokseen, koveta 60 sekuntia lampussa.<br \/>\n5. Puhdista puhdistusaineella ja viilaa halutun muodon saavuttamiseksi.<\/p>\n<p><strong>Kaksimuotoisten pidennysten ja gelakryylin k\u00e4ytt\u00f6:<\/strong><\/p>\n<p>1. Valmistele luonnollinen kynsilevy mattalla, puhdistamalla ja poistamalla rasva.<br \/>\n2. Levit\u00e4 pohjamaali ja koveta LED\/UV-lampun alla.<br \/>\n3. Levit\u00e4 akryyligeeli kaksoismuotoon kiinnitt\u00e4en huomiota haluttuun pituuteen.<br \/>\n4. Aseta kaksoismuoto kynnelle ja paina alas.<br \/>\n5. Puhdista ylim\u00e4\u00e4r\u00e4inen ja korjaa muoto viilalla.<br \/>\n6. Viimeistele tyylitelty<\/p>\n<p><strong>Tuote on yhteensopiva kaikkien manikyyrituotteiden kanssa. <\/strong><\/p>\n<p><strong>LED-lamput min. 48W \u2013 1min. 36 W UV-lamppu \u2013 2 min.<\/strong><\/p>","protected":false},"excerpt":{"rendered":"<p><strong>Gelacryl<\/strong><\/p>\n<p><strong>Acrylo-gel yhdist\u00e4\u00e4 sek\u00e4 akryylin ett\u00e4 geelin parhaat ominaisuudet yhdess\u00e4 tuotteessa saavuttaen akryylin kest\u00e4vyyden ja luotettavuuden sek\u00e4 geelin joustavuuden. Gelacryl on kehitetty yhteensopivaksi perinteisten kynsienpidennysten sek\u00e4 kaksoismuotojen kanssa. <\/strong><\/p>\n<p>&nbsp;<\/p>\n<p><strong>Se toimii poikkeuksellisen hyvin:<\/strong><\/p>\n<ul>\n<li>Ylirakentaminen<\/li>\n<li>Kovettuvat luonnolliset kynsilevyt<\/li>\n<li>Laajennukset<\/li>\n<li>J\u00e4lleenrakennus<\/li>\n<li>Alasp\u00e4in kasvavien kynsien korjaaminen<\/li>\n<\/ul>\n<p><strong>Edut<\/strong>:<\/p>\n<ul>\n<li>Paksu koostumus, joka est\u00e4\u00e4 valumisen kynsinauhoille ja tarjoaa tuotteen t\u00e4ydellisen hallinnan.<\/li>\n<li>EI AIHEUTA PALTOA LAMPUN ALALLA.<\/li>\n<li>Hajuton<\/li>\n<li>Mahdollistaa jopa 5 kynnenpidennyksen tekemisen samanaikaisesti<\/li>\n<li>Tarjoaa pitk\u00e4kestoisen muotoilun; kynsist\u00e4 tulee eritt\u00e4in kest\u00e4vi\u00e4 vaurioita vastaan.<\/li>\n<\/ul>","protected":false},"featured_media":9973,"template":"","meta":[],"product_brand":[],"product_cat":[116,143,222,224],"product_tag":[147,146],"class_list":{"0":"post-9972","1":"product","2":"type-product","3":"status-publish","4":"has-post-thumbnail","6":"product_cat-makear","7":"product_cat-acrylogel-gelacryl","8":"product_cat-sculpting-gel-acrygel","9":"product_cat-acrygel","10":"product_tag-acrygel","11":"product_tag-akrugeel","13":"first","14":"instock","15":"taxable","16":"shipping-taxable","17":"purchasable","18":"product-type-simple"},"jetpack_sharing_enabled":true,"_links":{"self":[{"href":"https:\/\/shop.bestudio.ee\/fi\/wp-json\/wp\/v2\/product\/9972","targetHints":{"allow":["GET"]}}],"collection":[{"href":"https:\/\/shop.bestudio.ee\/fi\/wp-json\/wp\/v2\/product"}],"about":[{"href":"https:\/\/shop.bestudio.ee\/fi\/wp-json\/wp\/v2\/types\/product"}],"wp:featuredmedia":[{"embeddable":true,"href":"https:\/\/shop.bestudio.ee\/fi\/wp-json\/wp\/v2\/media\/9973"}],"wp:attachment":[{"href":"https:\/\/shop.bestudio.ee\/fi\/wp-json\/wp\/v2\/media?parent=9972"}],"wp:term":[{"taxonomy":"product_brand","embeddable":true,"href":"https:\/\/shop.bestudio.ee\/fi\/wp-json\/wp\/v2\/product_brand?post=9972"},{"taxonomy":"product_cat","embeddable":true,"href":"https:\/\/shop.bestudio.ee\/fi\/wp-json\/wp\/v2\/product_cat?post=9972"},{"taxonomy":"product_tag","embeddable":true,"href":"https:\/\/shop.bestudio.ee\/fi\/wp-json\/wp\/v2\/product_tag?post=9972"}],"curies":[{"name":"wp","href":"https:\/\/api.w.org\/{rel}","templated":true}]}}